{"id":5282,"date":"2020-08-30T21:20:51","date_gmt":"2020-08-30T20:20:51","guid":{"rendered":"https:\/\/ponczdental.hu\/?page_id=5282"},"modified":"2022-12-09T11:59:41","modified_gmt":"2022-12-09T10:59:41","slug":"3d-digital-intraoral-scanner","status":"publish","type":"page","link":"https:\/\/ponczdental.hu\/en\/3d-digital-intraoral-scanner\/","title":{"rendered":"3D digital intraoral scanner"},"content":{"rendered":"<div class=\"wpb-content-wrapper\"><p>[vc_row][vc_column][vc_column_text css=&#8221;.vc_custom_1620311627435{padding-top: 20px !important;padding-bottom: 20px !important;}&#8221;]Digital dental technologies allow us to develop the treatment process for our patients, while providing a comfortable experience. Our aim is that patients have fewer visits and balanced conditions.<\/p>\n<p style=\"text-align: center;\"><em><strong>Primescan 3D digital intraoral scanner in our Budapest office!<\/strong><\/em><\/p>\n<p>Our intraoral dental scanner processes more than 1,000,000 3D points per second, producing photorealistic and highly accurate data to digitally detect the problems our patients teeth and make the restorations much quicker. The intraoral digital scanner scans the patients teeth and sends the data to a computer, which combines the images to prepare 3-dimensional visualization. Combine more than 50,000 images per second and quickly process the data needed for the software.<\/p>\n\n\t\t<style type=\"text\/css\">\n\t\t\t#gallery-1 {\n\t\t\t\tmargin: auto;\n\t\t\t}\n\t\t\t#gallery-1 .gallery-item {\n\t\t\t\tfloat: left;\n\t\t\t\tmargin-top: 10px;\n\t\t\t\ttext-align: center;\n\t\t\t\twidth: 50%;\n\t\t\t}\n\t\t\t#gallery-1 img {\n\t\t\t\tborder: 2px solid #cfcfcf;\n\t\t\t}\n\t\t\t#gallery-1 .gallery-caption {\n\t\t\t\tmargin-left: 0;\n\t\t\t}\n\t\t\t\/* see gallery_shortcode() in wp-includes\/media.php *\/\n\t\t<\/style>\n\t\t<div id='gallery-1' class='gallery galleryid-5282 gallery-columns-2 gallery-size-large'><dl class='gallery-item'>\n\t\t\t<dt class='gallery-icon landscape'>\n\t\t\t\t<img loading=\"lazy\" decoding=\"async\" width=\"800\" height=\"561\" src=\"https:\/\/ponczdental.hu\/wp-content\/uploads\/2021\/05\/fogaszati-scanner.jpg\" class=\"attachment-large size-large\" alt=\"Diagnosztika 3D fog\u00e1szati scanner-rel\" srcset=\"https:\/\/ponczdental.hu\/wp-content\/uploads\/2021\/05\/fogaszati-scanner.jpg 800w, https:\/\/ponczdental.hu\/wp-content\/uploads\/2021\/05\/fogaszati-scanner-300x210.jpg 300w, https:\/\/ponczdental.hu\/wp-content\/uploads\/2021\/05\/fogaszati-scanner-768x539.jpg 768w\" sizes=\"auto, (max-width: 800px) 100vw, 800px\" \/>\n\t\t\t<\/dt><\/dl><dl class='gallery-item'>\n\t\t\t<dt class='gallery-icon landscape'>\n\t\t\t\t<img loading=\"lazy\" decoding=\"async\" width=\"800\" height=\"561\" src=\"https:\/\/ponczdental.hu\/wp-content\/uploads\/2021\/05\/3D-Scanner.jpg\" class=\"attachment-large size-large\" alt=\"Dr. Poncz Ern\u00f3 a 3D fog\u00e1szati scanner-rel\" srcset=\"https:\/\/ponczdental.hu\/wp-content\/uploads\/2021\/05\/3D-Scanner.jpg 800w, https:\/\/ponczdental.hu\/wp-content\/uploads\/2021\/05\/3D-Scanner-300x210.jpg 300w, https:\/\/ponczdental.hu\/wp-content\/uploads\/2021\/05\/3D-Scanner-768x539.jpg 768w\" sizes=\"auto, (max-width: 800px) 100vw, 800px\" \/>\n\t\t\t<\/dt><\/dl><br style=\"clear: both\" \/>\n\t\t<\/div>\n\n<p>With digital, photorealistic imaging, we get a detailed, accurate and needle-sharp view of the condition of the teeth, which helps identify problem areas and effectively speeds up the treatment.<\/p>\n<p>&nbsp;<\/p>\n<h4>Innovative impression technology<\/h4>\n<p>The Primescan 3D digital imaging system allows us to get highly accurate impressions of the teeth.<br \/>\nThe majority of digital impressions using an intraoral scanner can be completed in just a few minutes. With the innovative Smart Pixel Sensor and the dynamic depth scan technology for perfect sharpness, even in up to 20mm depth.<\/p>\n<p>These impressions are used to fabricate custom dental restorations such as porcelain veneers and crowns. Because sampling is done with a digital scanner, there is no need to put impression material in your mouth, which is often an uncomfortable feeling.<\/p>\n<p style=\"text-align: center;\"><em><strong><img loading=\"lazy\" decoding=\"async\" class=\"wp-image-5286 aligncenter\" src=\"https:\/\/ponczdental.hu\/wp-content\/uploads\/2020\/08\/Dentsply-Sirona-Primescan-300x200.jpg\" alt=\"\" width=\"400\" height=\"267\" srcset=\"https:\/\/ponczdental.hu\/wp-content\/uploads\/2020\/08\/Dentsply-Sirona-Primescan-300x200.jpg 300w, https:\/\/ponczdental.hu\/wp-content\/uploads\/2020\/08\/Dentsply-Sirona-Primescan.jpg 512w\" sizes=\"auto, (max-width: 400px) 100vw, 400px\" \/><\/strong><\/em><\/p>\n<p>Results can be easy to transmit to the dental lab to reduce the time for making dentures and crowns.[\/vc_column_text][vc_empty_space][\/vc_column][\/vc_row][vc_row][vc_column][vc_column_text]<\/p>\n<p style=\"text-align: center;\"><iframe loading=\"lazy\" src=\"https:\/\/www.youtube.com\/embed\/XNh1DRRRCxc\" width=\"700\" height=\"525\" frameborder=\"0\" allowfullscreen=\"allowfullscreen\"><\/iframe><\/p>\n<p>[\/vc_column_text][\/vc_column][\/vc_row][vc_row][vc_column][vc_column_text css=&#8221;.vc_custom_1598818788656{padding-top: 20px !important;padding-bottom: 20px !important;}&#8221;]<\/p>\n<h4>Smile design and dental implants<\/h4>\n<p>The scanner is suitable to measure and adjust the bite alignment.<br \/>\nDigitally planed dental implant surgery reduce the possibility of any unforeseen circumstances and to ensure the most successful dental implant procedure.<\/p>\n<p>After the scan, the processed data is displayed immediately on the high-resolution color touch screen, allowing for immediate consultation.<\/p>\n<p>&nbsp;<\/p>\n<h4>High standards of hygiene<\/h4>\n<p>The Primescan 3D digital intraoral scanner meets the highest health requirements and standards in all respects. Comprehensive hygiene system design, fully closed scanning procedure. Variety of cleaning and disinfection options, surpassing regulatory requirements.<\/p>\n<p>Modern units with smooth surfaces that are easy to clean. Touch interface ensures higher hygiene standard compared to a traditional keyboard.<\/p>\n<p>[\/vc_column_text][vc_empty_space][vc_video link=&#8221;https:\/\/youtu.be\/h2bOYMcDVAE&#8221; el_width=&#8221;70&#8243; align=&#8221;center&#8221;][vc_empty_space][\/vc_column][\/vc_row]<\/p>\n<\/div>","protected":false},"excerpt":{"rendered":"<p>[vc_row][vc_column][vc_column_text css=&#8221;.vc_custom_1620311627435{padding-top: 20px !important;padding-bottom: 20px !important;}&#8221;]Digital dental technologies allow us to develop the treatment process for our patients, while providing a comfortable experience. Our aim is that patients have fewer visits and balanced conditions. Primescan 3D digital intraoral scanner in our Budapest office! Our intraoral dental scanner processes more than 1,000,000 3D points per second, [&hellip;]<\/p>\n","protected":false},"author":1,"featured_media":0,"parent":0,"menu_order":0,"comment_status":"closed","ping_status":"closed","template":"","meta":{"footnotes":"","_links_to":"","_links_to_target":""},"class_list":["post-5282","page","type-page","status-publish","hentry"],"yoast_head":"<!-- This site is optimized with the Yoast SEO plugin v26.0 - https:\/\/yoast.com\/wordpress\/plugins\/seo\/ -->\n<title>3D digital intraoral scanner - Poncz Dental Budapest<\/title>\n<meta name=\"description\" content=\"3D dental technologies allow us to provide a comfortable experience. Our aim is that patients have fewer visits and balanced conditions.\" \/>\n<meta name=\"robots\" content=\"index, follow, max-snippet:-1, max-image-preview:large, max-video-preview:-1\" \/>\n<link rel=\"canonical\" href=\"https:\/\/ponczdental.hu\/en\/3d-digital-intraoral-scanner\/\" \/>\n<meta property=\"og:locale\" content=\"en_US\" \/>\n<meta property=\"og:type\" content=\"article\" \/>\n<meta property=\"og:title\" content=\"3D digital intraoral scanner - Poncz Dental Budapest\" \/>\n<meta property=\"og:description\" content=\"3D dental technologies allow us to provide a comfortable experience. Our aim is that patients have fewer visits and balanced conditions.\" \/>\n<meta property=\"og:url\" content=\"https:\/\/ponczdental.hu\/en\/3d-digital-intraoral-scanner\/\" \/>\n<meta property=\"og:site_name\" content=\"Poncz Dental fog\u00e1szati rendel\u0151 \u00e9s prec\u00edzi\u00f3s sz\u00e1jseb\u00e9szet.\" \/>\n<meta property=\"article:publisher\" content=\"https:\/\/www.facebook.com\/PonczDental\/\" \/>\n<meta property=\"article:modified_time\" content=\"2022-12-09T10:59:41+00:00\" \/>\n<meta property=\"og:image\" content=\"https:\/\/ponczdental.hu\/wp-content\/uploads\/2020\/08\/Dentsply-Sirona-Primescan-300x200.jpg\" \/>\n<meta name=\"twitter:card\" content=\"summary_large_image\" \/>\n<meta name=\"twitter:label1\" content=\"Est. reading time\" \/>\n\t<meta name=\"twitter:data1\" content=\"3 minutes\" \/>\n<script type=\"application\/ld+json\" class=\"yoast-schema-graph\">{\"@context\":\"https:\/\/schema.org\",\"@graph\":[{\"@type\":\"WebPage\",\"@id\":\"https:\/\/ponczdental.hu\/en\/3d-digital-intraoral-scanner\/\",\"url\":\"https:\/\/ponczdental.hu\/en\/3d-digital-intraoral-scanner\/\",\"name\":\"3D digital intraoral scanner - Poncz Dental Budapest\",\"isPartOf\":{\"@id\":\"https:\/\/ponczdental.hu\/#website\"},\"primaryImageOfPage\":{\"@id\":\"https:\/\/ponczdental.hu\/en\/3d-digital-intraoral-scanner\/#primaryimage\"},\"image\":{\"@id\":\"https:\/\/ponczdental.hu\/en\/3d-digital-intraoral-scanner\/#primaryimage\"},\"thumbnailUrl\":\"https:\/\/ponczdental.hu\/wp-content\/uploads\/2020\/08\/Dentsply-Sirona-Primescan-300x200.jpg\",\"datePublished\":\"2020-08-30T20:20:51+00:00\",\"dateModified\":\"2022-12-09T10:59:41+00:00\",\"description\":\"3D dental technologies allow us to provide a comfortable experience. Our aim is that patients have fewer visits and balanced conditions.\",\"breadcrumb\":{\"@id\":\"https:\/\/ponczdental.hu\/en\/3d-digital-intraoral-scanner\/#breadcrumb\"},\"inLanguage\":\"en-US\",\"potentialAction\":[{\"@type\":\"ReadAction\",\"target\":[\"https:\/\/ponczdental.hu\/en\/3d-digital-intraoral-scanner\/\"]}]},{\"@type\":\"ImageObject\",\"inLanguage\":\"en-US\",\"@id\":\"https:\/\/ponczdental.hu\/en\/3d-digital-intraoral-scanner\/#primaryimage\",\"url\":\"https:\/\/ponczdental.hu\/wp-content\/uploads\/2020\/08\/Dentsply-Sirona-Primescan-300x200.jpg\",\"contentUrl\":\"https:\/\/ponczdental.hu\/wp-content\/uploads\/2020\/08\/Dentsply-Sirona-Primescan-300x200.jpg\"},{\"@type\":\"BreadcrumbList\",\"@id\":\"https:\/\/ponczdental.hu\/en\/3d-digital-intraoral-scanner\/#breadcrumb\",\"itemListElement\":[{\"@type\":\"ListItem\",\"position\":1,\"name\":\"Home\",\"item\":\"https:\/\/ponczdental.hu\/en\/\"},{\"@type\":\"ListItem\",\"position\":2,\"name\":\"3D digital intraoral scanner\"}]},{\"@type\":\"WebSite\",\"@id\":\"https:\/\/ponczdental.hu\/#website\",\"url\":\"https:\/\/ponczdental.hu\/\",\"name\":\"Poncz Dental fog\u00e1szati rendel\u0151 \u00e9s prec\u00edzi\u00f3s sz\u00e1jseb\u00e9szet.\",\"description\":\"\",\"publisher\":{\"@id\":\"https:\/\/ponczdental.hu\/#organization\"},\"potentialAction\":[{\"@type\":\"SearchAction\",\"target\":{\"@type\":\"EntryPoint\",\"urlTemplate\":\"https:\/\/ponczdental.hu\/?s={search_term_string}\"},\"query-input\":{\"@type\":\"PropertyValueSpecification\",\"valueRequired\":true,\"valueName\":\"search_term_string\"}}],\"inLanguage\":\"en-US\"},{\"@type\":\"Organization\",\"@id\":\"https:\/\/ponczdental.hu\/#organization\",\"name\":\"Poncz Dental\",\"url\":\"https:\/\/ponczdental.hu\/\",\"logo\":{\"@type\":\"ImageObject\",\"inLanguage\":\"en-US\",\"@id\":\"https:\/\/ponczdental.hu\/#\/schema\/logo\/image\/\",\"url\":\"https:\/\/ponczdental.hu\/wp-content\/uploads\/2017\/10\/Poncz-Dental-logo.jpg\",\"contentUrl\":\"https:\/\/ponczdental.hu\/wp-content\/uploads\/2017\/10\/Poncz-Dental-logo.jpg\",\"width\":1181,\"height\":1654,\"caption\":\"Poncz Dental\"},\"image\":{\"@id\":\"https:\/\/ponczdental.hu\/#\/schema\/logo\/image\/\"},\"sameAs\":[\"https:\/\/www.facebook.com\/PonczDental\/\"]}]}<\/script>\n<!-- \/ Yoast SEO plugin. -->","yoast_head_json":{"title":"3D digital intraoral scanner - Poncz Dental Budapest","description":"3D dental technologies allow us to provide a comfortable experience. Our aim is that patients have fewer visits and balanced conditions.","robots":{"index":"index","follow":"follow","max-snippet":"max-snippet:-1","max-image-preview":"max-image-preview:large","max-video-preview":"max-video-preview:-1"},"canonical":"https:\/\/ponczdental.hu\/en\/3d-digital-intraoral-scanner\/","og_locale":"en_US","og_type":"article","og_title":"3D digital intraoral scanner - Poncz Dental Budapest","og_description":"3D dental technologies allow us to provide a comfortable experience. Our aim is that patients have fewer visits and balanced conditions.","og_url":"https:\/\/ponczdental.hu\/en\/3d-digital-intraoral-scanner\/","og_site_name":"Poncz Dental fog\u00e1szati rendel\u0151 \u00e9s prec\u00edzi\u00f3s sz\u00e1jseb\u00e9szet.","article_publisher":"https:\/\/www.facebook.com\/PonczDental\/","article_modified_time":"2022-12-09T10:59:41+00:00","og_image":[{"url":"https:\/\/ponczdental.hu\/wp-content\/uploads\/2020\/08\/Dentsply-Sirona-Primescan-300x200.jpg","type":"","width":"","height":""}],"twitter_card":"summary_large_image","twitter_misc":{"Est. reading time":"3 minutes"},"schema":{"@context":"https:\/\/schema.org","@graph":[{"@type":"WebPage","@id":"https:\/\/ponczdental.hu\/en\/3d-digital-intraoral-scanner\/","url":"https:\/\/ponczdental.hu\/en\/3d-digital-intraoral-scanner\/","name":"3D digital intraoral scanner - Poncz Dental Budapest","isPartOf":{"@id":"https:\/\/ponczdental.hu\/#website"},"primaryImageOfPage":{"@id":"https:\/\/ponczdental.hu\/en\/3d-digital-intraoral-scanner\/#primaryimage"},"image":{"@id":"https:\/\/ponczdental.hu\/en\/3d-digital-intraoral-scanner\/#primaryimage"},"thumbnailUrl":"https:\/\/ponczdental.hu\/wp-content\/uploads\/2020\/08\/Dentsply-Sirona-Primescan-300x200.jpg","datePublished":"2020-08-30T20:20:51+00:00","dateModified":"2022-12-09T10:59:41+00:00","description":"3D dental technologies allow us to provide a comfortable experience. Our aim is that patients have fewer visits and balanced conditions.","breadcrumb":{"@id":"https:\/\/ponczdental.hu\/en\/3d-digital-intraoral-scanner\/#breadcrumb"},"inLanguage":"en-US","potentialAction":[{"@type":"ReadAction","target":["https:\/\/ponczdental.hu\/en\/3d-digital-intraoral-scanner\/"]}]},{"@type":"ImageObject","inLanguage":"en-US","@id":"https:\/\/ponczdental.hu\/en\/3d-digital-intraoral-scanner\/#primaryimage","url":"https:\/\/ponczdental.hu\/wp-content\/uploads\/2020\/08\/Dentsply-Sirona-Primescan-300x200.jpg","contentUrl":"https:\/\/ponczdental.hu\/wp-content\/uploads\/2020\/08\/Dentsply-Sirona-Primescan-300x200.jpg"},{"@type":"BreadcrumbList","@id":"https:\/\/ponczdental.hu\/en\/3d-digital-intraoral-scanner\/#breadcrumb","itemListElement":[{"@type":"ListItem","position":1,"name":"Home","item":"https:\/\/ponczdental.hu\/en\/"},{"@type":"ListItem","position":2,"name":"3D digital intraoral scanner"}]},{"@type":"WebSite","@id":"https:\/\/ponczdental.hu\/#website","url":"https:\/\/ponczdental.hu\/","name":"Poncz Dental fog\u00e1szati rendel\u0151 \u00e9s prec\u00edzi\u00f3s sz\u00e1jseb\u00e9szet.","description":"","publisher":{"@id":"https:\/\/ponczdental.hu\/#organization"},"potentialAction":[{"@type":"SearchAction","target":{"@type":"EntryPoint","urlTemplate":"https:\/\/ponczdental.hu\/?s={search_term_string}"},"query-input":{"@type":"PropertyValueSpecification","valueRequired":true,"valueName":"search_term_string"}}],"inLanguage":"en-US"},{"@type":"Organization","@id":"https:\/\/ponczdental.hu\/#organization","name":"Poncz Dental","url":"https:\/\/ponczdental.hu\/","logo":{"@type":"ImageObject","inLanguage":"en-US","@id":"https:\/\/ponczdental.hu\/#\/schema\/logo\/image\/","url":"https:\/\/ponczdental.hu\/wp-content\/uploads\/2017\/10\/Poncz-Dental-logo.jpg","contentUrl":"https:\/\/ponczdental.hu\/wp-content\/uploads\/2017\/10\/Poncz-Dental-logo.jpg","width":1181,"height":1654,"caption":"Poncz Dental"},"image":{"@id":"https:\/\/ponczdental.hu\/#\/schema\/logo\/image\/"},"sameAs":["https:\/\/www.facebook.com\/PonczDental\/"]}]}},"_links":{"self":[{"href":"https:\/\/ponczdental.hu\/en\/wp-json\/wp\/v2\/pages\/5282","targetHints":{"allow":["GET"]}}],"collection":[{"href":"https:\/\/ponczdental.hu\/en\/wp-json\/wp\/v2\/pages"}],"about":[{"href":"https:\/\/ponczdental.hu\/en\/wp-json\/wp\/v2\/types\/page"}],"author":[{"embeddable":true,"href":"https:\/\/ponczdental.hu\/en\/wp-json\/wp\/v2\/users\/1"}],"replies":[{"embeddable":true,"href":"https:\/\/ponczdental.hu\/en\/wp-json\/wp\/v2\/comments?post=5282"}],"version-history":[{"count":5,"href":"https:\/\/ponczdental.hu\/en\/wp-json\/wp\/v2\/pages\/5282\/revisions"}],"predecessor-version":[{"id":6894,"href":"https:\/\/ponczdental.hu\/en\/wp-json\/wp\/v2\/pages\/5282\/revisions\/6894"}],"wp:attachment":[{"href":"https:\/\/ponczdental.hu\/en\/wp-json\/wp\/v2\/media?parent=5282"}],"curies":[{"name":"wp","href":"https:\/\/api.w.org\/{rel}","templated":true}]}}