{"id":3530,"date":"2019-02-28T12:16:52","date_gmt":"2019-02-28T11:16:52","guid":{"rendered":"https:\/\/ponczdental.hu\/?page_id=3530"},"modified":"2022-12-12T10:45:53","modified_gmt":"2022-12-12T09:45:53","slug":"microscopic-root-canal-treatment","status":"publish","type":"page","link":"https:\/\/ponczdental.hu\/en\/microscopic-root-canal-treatment\/","title":{"rendered":"Microscopic root canal treatment"},"content":{"rendered":"<div class=\"wpb-content-wrapper\"><p>[vc_row][vc_column][vc_column_text][\/vc_column_text][vc_empty_space][\/vc_column][\/vc_row][vc_row][vc_column width=&#8221;2\/3&#8243;][vc_column_text]A dental microscope provide significant visualization benefits at all stages of endodontic treatment.<br \/>\nUsing microscopic technology, narrow root canals with individual anatomy, hidden extra canals and cracks inside the root can be precisely identified. For root canal treatment to be successful it is important to detect and treat all problem areas. In summary, precision, safety and effectiveness are the basic advantages of microscopic endodontics.[\/vc_column_text][vc_empty_space][vc_video link=&#8221;https:\/\/youtu.be\/KLKEvvkITOY&#8221; align=&#8221;center&#8221;][vc_column_text]<\/p>\n<p style=\"text-align: center;\"><span class=\"tlid-translation translation\"><span class=\"\" title=\"\">Treatment using Labomed Prima DNT dental microscope<\/span><\/span><\/p>\n<p>[\/vc_column_text][vc_empty_space][\/vc_column][vc_column width=&#8221;1\/3&#8243;][vc_single_image image=&#8221;6501&#8243; img_size=&#8221;large&#8221; alignment=&#8221;center&#8221; css=&#8221;.vc_custom_1619609947069{padding-top: 10px !important;padding-right: 10px !important;padding-bottom: 10px !important;padding-left: 10px !important;}&#8221;][\/vc_column][\/vc_row][vc_row gap=&#8221;10&#8243;][vc_column width=&#8221;1\/2&#8243;][vc_single_image image=&#8221;6505&#8243; img_size=&#8221;large&#8221; alignment=&#8221;center&#8221; css=&#8221;.vc_custom_1619447382282{padding-top: 10px !important;padding-right: 10px !important;padding-bottom: 10px !important;padding-left: 10px !important;}&#8221;][\/vc_column][vc_column width=&#8221;1\/2&#8243;][vc_single_image image=&#8221;6510&#8243; img_size=&#8221;large&#8221; alignment=&#8221;center&#8221; css=&#8221;.vc_custom_1619447404667{padding-top: 10px !important;padding-right: 10px !important;padding-bottom: 10px !important;padding-left: 10px !important;}&#8221;][\/vc_column][\/vc_row][vc_row][vc_column][vc_empty_space][\/vc_column][\/vc_row]<\/p>\n<\/div>","protected":false},"excerpt":{"rendered":"<p>[vc_row][vc_column][vc_column_text][\/vc_column_text][vc_empty_space][\/vc_column][\/vc_row][vc_row][vc_column width=&#8221;2\/3&#8243;][vc_column_text]A dental microscope provide significant visualization benefits at all stages of endodontic treatment. Using microscopic technology, narrow root canals with individual anatomy, hidden extra canals and cracks inside the root can be precisely identified. For root canal treatment to be successful it is important to detect and treat all problem areas. In summary, precision, [&hellip;]<\/p>\n","protected":false},"author":1,"featured_media":6501,"parent":0,"menu_order":0,"comment_status":"closed","ping_status":"closed","template":"","meta":{"footnotes":"","_links_to":"","_links_to_target":""},"class_list":["post-3530","page","type-page","status-publish","has-post-thumbnail","hentry"],"yoast_head":"<!-- This site is optimized with the Yoast SEO plugin v26.0 - https:\/\/yoast.com\/wordpress\/plugins\/seo\/ -->\n<title>Microscopic root canal treatment - Ponct Dental Budapest<\/title>\n<meta name=\"description\" content=\"Using microscopic technology, hidden extra canals and cracks inside the root can be precisely identified.\" \/>\n<meta name=\"robots\" content=\"index, follow, max-snippet:-1, max-image-preview:large, max-video-preview:-1\" \/>\n<link rel=\"canonical\" href=\"https:\/\/ponczdental.hu\/en\/microscopic-root-canal-treatment\/\" \/>\n<meta property=\"og:locale\" content=\"en_US\" \/>\n<meta property=\"og:type\" content=\"article\" \/>\n<meta property=\"og:title\" content=\"Microscopic root canal treatment - Ponct Dental Budapest\" \/>\n<meta property=\"og:description\" content=\"Using microscopic technology, hidden extra canals and cracks inside the root can be precisely identified.\" \/>\n<meta property=\"og:url\" content=\"https:\/\/ponczdental.hu\/en\/microscopic-root-canal-treatment\/\" \/>\n<meta property=\"og:site_name\" content=\"Poncz Dental fog\u00e1szati rendel\u0151 \u00e9s prec\u00edzi\u00f3s sz\u00e1jseb\u00e9szet.\" \/>\n<meta property=\"article:publisher\" content=\"https:\/\/www.facebook.com\/PonczDental\/\" \/>\n<meta property=\"article:modified_time\" content=\"2022-12-12T09:45:53+00:00\" \/>\n<meta property=\"og:image\" content=\"https:\/\/ponczdental.hu\/wp-content\/uploads\/2021\/04\/Mikroszkopos-Gyokerkezeles-3-Poncz-Dental.jpg\" \/>\n\t<meta property=\"og:image:width\" content=\"600\" \/>\n\t<meta property=\"og:image:height\" content=\"840\" \/>\n\t<meta property=\"og:image:type\" content=\"image\/jpeg\" \/>\n<meta name=\"twitter:card\" content=\"summary_large_image\" \/>\n<meta name=\"twitter:label1\" content=\"Est. reading time\" \/>\n\t<meta name=\"twitter:data1\" content=\"1 minute\" \/>\n<script type=\"application\/ld+json\" class=\"yoast-schema-graph\">{\"@context\":\"https:\/\/schema.org\",\"@graph\":[{\"@type\":\"WebPage\",\"@id\":\"https:\/\/ponczdental.hu\/en\/microscopic-root-canal-treatment\/\",\"url\":\"https:\/\/ponczdental.hu\/en\/microscopic-root-canal-treatment\/\",\"name\":\"Microscopic root canal treatment - Ponct Dental Budapest\",\"isPartOf\":{\"@id\":\"https:\/\/ponczdental.hu\/#website\"},\"primaryImageOfPage\":{\"@id\":\"https:\/\/ponczdental.hu\/en\/microscopic-root-canal-treatment\/#primaryimage\"},\"image\":{\"@id\":\"https:\/\/ponczdental.hu\/en\/microscopic-root-canal-treatment\/#primaryimage\"},\"thumbnailUrl\":\"https:\/\/ponczdental.hu\/wp-content\/uploads\/2021\/04\/Mikroszkopos-Gyokerkezeles-3-Poncz-Dental.jpg\",\"datePublished\":\"2019-02-28T11:16:52+00:00\",\"dateModified\":\"2022-12-12T09:45:53+00:00\",\"description\":\"Using microscopic technology, hidden extra canals and cracks inside the root can be precisely identified.\",\"breadcrumb\":{\"@id\":\"https:\/\/ponczdental.hu\/en\/microscopic-root-canal-treatment\/#breadcrumb\"},\"inLanguage\":\"en-US\",\"potentialAction\":[{\"@type\":\"ReadAction\",\"target\":[\"https:\/\/ponczdental.hu\/en\/microscopic-root-canal-treatment\/\"]}]},{\"@type\":\"ImageObject\",\"inLanguage\":\"en-US\",\"@id\":\"https:\/\/ponczdental.hu\/en\/microscopic-root-canal-treatment\/#primaryimage\",\"url\":\"https:\/\/ponczdental.hu\/wp-content\/uploads\/2021\/04\/Mikroszkopos-Gyokerkezeles-3-Poncz-Dental.jpg\",\"contentUrl\":\"https:\/\/ponczdental.hu\/wp-content\/uploads\/2021\/04\/Mikroszkopos-Gyokerkezeles-3-Poncz-Dental.jpg\",\"width\":600,\"height\":840},{\"@type\":\"BreadcrumbList\",\"@id\":\"https:\/\/ponczdental.hu\/en\/microscopic-root-canal-treatment\/#breadcrumb\",\"itemListElement\":[{\"@type\":\"ListItem\",\"position\":1,\"name\":\"Home\",\"item\":\"https:\/\/ponczdental.hu\/en\/\"},{\"@type\":\"ListItem\",\"position\":2,\"name\":\"Microscopic root canal treatment\"}]},{\"@type\":\"WebSite\",\"@id\":\"https:\/\/ponczdental.hu\/#website\",\"url\":\"https:\/\/ponczdental.hu\/\",\"name\":\"Poncz Dental fog\u00e1szati rendel\u0151 \u00e9s prec\u00edzi\u00f3s sz\u00e1jseb\u00e9szet.\",\"description\":\"\",\"publisher\":{\"@id\":\"https:\/\/ponczdental.hu\/#organization\"},\"potentialAction\":[{\"@type\":\"SearchAction\",\"target\":{\"@type\":\"EntryPoint\",\"urlTemplate\":\"https:\/\/ponczdental.hu\/?s={search_term_string}\"},\"query-input\":{\"@type\":\"PropertyValueSpecification\",\"valueRequired\":true,\"valueName\":\"search_term_string\"}}],\"inLanguage\":\"en-US\"},{\"@type\":\"Organization\",\"@id\":\"https:\/\/ponczdental.hu\/#organization\",\"name\":\"Poncz Dental\",\"url\":\"https:\/\/ponczdental.hu\/\",\"logo\":{\"@type\":\"ImageObject\",\"inLanguage\":\"en-US\",\"@id\":\"https:\/\/ponczdental.hu\/#\/schema\/logo\/image\/\",\"url\":\"https:\/\/ponczdental.hu\/wp-content\/uploads\/2017\/10\/Poncz-Dental-logo.jpg\",\"contentUrl\":\"https:\/\/ponczdental.hu\/wp-content\/uploads\/2017\/10\/Poncz-Dental-logo.jpg\",\"width\":1181,\"height\":1654,\"caption\":\"Poncz Dental\"},\"image\":{\"@id\":\"https:\/\/ponczdental.hu\/#\/schema\/logo\/image\/\"},\"sameAs\":[\"https:\/\/www.facebook.com\/PonczDental\/\"]}]}<\/script>\n<!-- \/ Yoast SEO plugin. -->","yoast_head_json":{"title":"Microscopic root canal treatment - Ponct Dental Budapest","description":"Using microscopic technology, hidden extra canals and cracks inside the root can be precisely identified.","robots":{"index":"index","follow":"follow","max-snippet":"max-snippet:-1","max-image-preview":"max-image-preview:large","max-video-preview":"max-video-preview:-1"},"canonical":"https:\/\/ponczdental.hu\/en\/microscopic-root-canal-treatment\/","og_locale":"en_US","og_type":"article","og_title":"Microscopic root canal treatment - Ponct Dental Budapest","og_description":"Using microscopic technology, hidden extra canals and cracks inside the root can be precisely identified.","og_url":"https:\/\/ponczdental.hu\/en\/microscopic-root-canal-treatment\/","og_site_name":"Poncz Dental fog\u00e1szati rendel\u0151 \u00e9s prec\u00edzi\u00f3s sz\u00e1jseb\u00e9szet.","article_publisher":"https:\/\/www.facebook.com\/PonczDental\/","article_modified_time":"2022-12-12T09:45:53+00:00","og_image":[{"width":600,"height":840,"url":"https:\/\/ponczdental.hu\/wp-content\/uploads\/2021\/04\/Mikroszkopos-Gyokerkezeles-3-Poncz-Dental.jpg","type":"image\/jpeg"}],"twitter_card":"summary_large_image","twitter_misc":{"Est. reading time":"1 minute"},"schema":{"@context":"https:\/\/schema.org","@graph":[{"@type":"WebPage","@id":"https:\/\/ponczdental.hu\/en\/microscopic-root-canal-treatment\/","url":"https:\/\/ponczdental.hu\/en\/microscopic-root-canal-treatment\/","name":"Microscopic root canal treatment - Ponct Dental Budapest","isPartOf":{"@id":"https:\/\/ponczdental.hu\/#website"},"primaryImageOfPage":{"@id":"https:\/\/ponczdental.hu\/en\/microscopic-root-canal-treatment\/#primaryimage"},"image":{"@id":"https:\/\/ponczdental.hu\/en\/microscopic-root-canal-treatment\/#primaryimage"},"thumbnailUrl":"https:\/\/ponczdental.hu\/wp-content\/uploads\/2021\/04\/Mikroszkopos-Gyokerkezeles-3-Poncz-Dental.jpg","datePublished":"2019-02-28T11:16:52+00:00","dateModified":"2022-12-12T09:45:53+00:00","description":"Using microscopic technology, hidden extra canals and cracks inside the root can be precisely identified.","breadcrumb":{"@id":"https:\/\/ponczdental.hu\/en\/microscopic-root-canal-treatment\/#breadcrumb"},"inLanguage":"en-US","potentialAction":[{"@type":"ReadAction","target":["https:\/\/ponczdental.hu\/en\/microscopic-root-canal-treatment\/"]}]},{"@type":"ImageObject","inLanguage":"en-US","@id":"https:\/\/ponczdental.hu\/en\/microscopic-root-canal-treatment\/#primaryimage","url":"https:\/\/ponczdental.hu\/wp-content\/uploads\/2021\/04\/Mikroszkopos-Gyokerkezeles-3-Poncz-Dental.jpg","contentUrl":"https:\/\/ponczdental.hu\/wp-content\/uploads\/2021\/04\/Mikroszkopos-Gyokerkezeles-3-Poncz-Dental.jpg","width":600,"height":840},{"@type":"BreadcrumbList","@id":"https:\/\/ponczdental.hu\/en\/microscopic-root-canal-treatment\/#breadcrumb","itemListElement":[{"@type":"ListItem","position":1,"name":"Home","item":"https:\/\/ponczdental.hu\/en\/"},{"@type":"ListItem","position":2,"name":"Microscopic root canal treatment"}]},{"@type":"WebSite","@id":"https:\/\/ponczdental.hu\/#website","url":"https:\/\/ponczdental.hu\/","name":"Poncz Dental fog\u00e1szati rendel\u0151 \u00e9s prec\u00edzi\u00f3s sz\u00e1jseb\u00e9szet.","description":"","publisher":{"@id":"https:\/\/ponczdental.hu\/#organization"},"potentialAction":[{"@type":"SearchAction","target":{"@type":"EntryPoint","urlTemplate":"https:\/\/ponczdental.hu\/?s={search_term_string}"},"query-input":{"@type":"PropertyValueSpecification","valueRequired":true,"valueName":"search_term_string"}}],"inLanguage":"en-US"},{"@type":"Organization","@id":"https:\/\/ponczdental.hu\/#organization","name":"Poncz Dental","url":"https:\/\/ponczdental.hu\/","logo":{"@type":"ImageObject","inLanguage":"en-US","@id":"https:\/\/ponczdental.hu\/#\/schema\/logo\/image\/","url":"https:\/\/ponczdental.hu\/wp-content\/uploads\/2017\/10\/Poncz-Dental-logo.jpg","contentUrl":"https:\/\/ponczdental.hu\/wp-content\/uploads\/2017\/10\/Poncz-Dental-logo.jpg","width":1181,"height":1654,"caption":"Poncz Dental"},"image":{"@id":"https:\/\/ponczdental.hu\/#\/schema\/logo\/image\/"},"sameAs":["https:\/\/www.facebook.com\/PonczDental\/"]}]}},"_links":{"self":[{"href":"https:\/\/ponczdental.hu\/en\/wp-json\/wp\/v2\/pages\/3530","targetHints":{"allow":["GET"]}}],"collection":[{"href":"https:\/\/ponczdental.hu\/en\/wp-json\/wp\/v2\/pages"}],"about":[{"href":"https:\/\/ponczdental.hu\/en\/wp-json\/wp\/v2\/types\/page"}],"author":[{"embeddable":true,"href":"https:\/\/ponczdental.hu\/en\/wp-json\/wp\/v2\/users\/1"}],"replies":[{"embeddable":true,"href":"https:\/\/ponczdental.hu\/en\/wp-json\/wp\/v2\/comments?post=3530"}],"version-history":[{"count":6,"href":"https:\/\/ponczdental.hu\/en\/wp-json\/wp\/v2\/pages\/3530\/revisions"}],"predecessor-version":[{"id":9444,"href":"https:\/\/ponczdental.hu\/en\/wp-json\/wp\/v2\/pages\/3530\/revisions\/9444"}],"wp:featuredmedia":[{"embeddable":true,"href":"https:\/\/ponczdental.hu\/en\/wp-json\/wp\/v2\/media\/6501"}],"wp:attachment":[{"href":"https:\/\/ponczdental.hu\/en\/wp-json\/wp\/v2\/media?parent=3530"}],"curies":[{"name":"wp","href":"https:\/\/api.w.org\/{rel}","templated":true}]}}