{"id":2461,"date":"2018-09-26T08:35:13","date_gmt":"2018-09-26T08:35:13","guid":{"rendered":"http:\/\/implantdental.hu\/?page_id=2461"},"modified":"2022-12-09T15:02:05","modified_gmt":"2022-12-09T14:02:05","slug":"implant-crown-bridge","status":"publish","type":"page","link":"https:\/\/ponczdental.hu\/en\/implant-crown-bridge\/","title":{"rendered":"Replacing one tooth or several teeth"},"content":{"rendered":"<div class=\"wpb-content-wrapper\"><p>[vc_row][vc_column][vc_column_text css=&#8221;.vc_custom_1620931434989{padding-top: 20px !important;padding-bottom: 20px !important;}&#8221;]<\/p>\n<h4>Replacing one tooth<\/h4>\n<p>A crown mounted on a dental implant is the best choice if you have a tooth missing in the upper or lower jaw. The need to replace a missing tooth could be the result of an accident or because there was no predisposition for a tooth at birth.<\/p>\n<p>The dental implant is installed in the jawbone. No healthy teeth are affected or damaged. With other replacement solutions, adjacent teeth might need to be ground down to support a bridge.<br \/>\nThe abutment is attached to the dental implant. A crown is then placed on the abutment, fitting perfectly at the edge of the gum.<\/p>\n<p>&nbsp;<\/p>\n<p>The new tooth is now complete and it is virtually impossible to see the difference between the existing teeth and the new tooth.<\/p>\n<h4><img loading=\"lazy\" decoding=\"async\" class=\"size-full wp-image-2462 aligncenter\" src=\"https:\/\/ponczdental.hu\/wp-content\/uploads\/2018\/09\/astratechsingle_tooth2.jpg\" alt=\"\" width=\"307\" height=\"167\" srcset=\"https:\/\/ponczdental.hu\/wp-content\/uploads\/2018\/09\/astratechsingle_tooth2.jpg 307w, https:\/\/ponczdental.hu\/wp-content\/uploads\/2018\/09\/astratechsingle_tooth2-300x163.jpg 300w\" sizes=\"auto, (max-width: 307px) 100vw, 307px\" \/><\/h4>\n<h4>Replacing several teeth<\/h4>\n<p>If you have lost several teeth there are two solutions: separate crowns on dental implants or a bridge attached to several dental implants.<\/p>\n<p>Between two and four dental implants are installed for a dental implant bridge. This solution does not affect your own teeth. The bridge will function for many years, regardless of the condition of your existing teeth.<br \/>\nAbutments are attached to the dental implants. The next step is to fit a bridge; the new set of teeth is placed on the abutments.<\/p>\n<table align=\"center\">\n<tbody>\n<tr>\n<td><img loading=\"lazy\" decoding=\"async\" class=\"alignnone size-full wp-image-2467\" src=\"https:\/\/ponczdental.hu\/wp-content\/uploads\/2018\/09\/astratech_multiple_tooth0.jpg\" alt=\"\" width=\"307\" height=\"167\" srcset=\"https:\/\/ponczdental.hu\/wp-content\/uploads\/2018\/09\/astratech_multiple_tooth0.jpg 307w, https:\/\/ponczdental.hu\/wp-content\/uploads\/2018\/09\/astratech_multiple_tooth0-300x163.jpg 300w\" sizes=\"auto, (max-width: 307px) 100vw, 307px\" \/><\/td>\n<td><img loading=\"lazy\" decoding=\"async\" class=\"alignnone size-full wp-image-2472\" src=\"https:\/\/ponczdental.hu\/wp-content\/uploads\/2018\/09\/astratech_multiple_tooth.jpg\" alt=\"\" width=\"307\" height=\"167\" srcset=\"https:\/\/ponczdental.hu\/wp-content\/uploads\/2018\/09\/astratech_multiple_tooth.jpg 307w, https:\/\/ponczdental.hu\/wp-content\/uploads\/2018\/09\/astratech_multiple_tooth-300x163.jpg 300w\" sizes=\"auto, (max-width: 307px) 100vw, 307px\" \/><\/td>\n<\/tr>\n<\/tbody>\n<\/table>\n<p>&nbsp;<\/p>\n<p>The dental implant bridge is now in place and can withstand the strong chewing forces that occur in the back of the mouth. It feels and functions like natural teeth.<\/p>\n<p><img loading=\"lazy\" decoding=\"async\" class=\"aligncenter wp-image-2478\" src=\"https:\/\/ponczdental.hu\/wp-content\/uploads\/2018\/09\/astratechfemale-683x1024.jpg\" alt=\"\" width=\"500\" height=\"750\" srcset=\"https:\/\/ponczdental.hu\/wp-content\/uploads\/2018\/09\/astratechfemale-683x1024.jpg 683w, https:\/\/ponczdental.hu\/wp-content\/uploads\/2018\/09\/astratechfemale-200x300.jpg 200w, https:\/\/ponczdental.hu\/wp-content\/uploads\/2018\/09\/astratechfemale-768x1152.jpg 768w, https:\/\/ponczdental.hu\/wp-content\/uploads\/2018\/09\/astratechfemale-600x900.jpg 600w, https:\/\/ponczdental.hu\/wp-content\/uploads\/2018\/09\/astratechfemale.jpg 799w\" sizes=\"auto, (max-width: 500px) 100vw, 500px\" \/>[\/vc_column_text][\/vc_column][\/vc_row]<\/p>\n<\/div>","protected":false},"excerpt":{"rendered":"<p>[vc_row][vc_column][vc_column_text css=&#8221;.vc_custom_1620931434989{padding-top: 20px !important;padding-bottom: 20px !important;}&#8221;] Replacing one tooth A crown mounted on a dental implant is the best choice if you have a tooth missing in the upper or lower jaw. The need to replace a missing tooth could be the result of an accident or because there was no predisposition for a tooth [&hellip;]<\/p>\n","protected":false},"author":1,"featured_media":0,"parent":0,"menu_order":0,"comment_status":"closed","ping_status":"closed","template":"","meta":{"footnotes":"","_links_to":"","_links_to_target":""},"class_list":["post-2461","page","type-page","status-publish","hentry"],"yoast_head":"<!-- This site is optimized with the Yoast SEO plugin v26.0 - https:\/\/yoast.com\/wordpress\/plugins\/seo\/ -->\n<title>Replacing one tooth or several teeth - Poncz Dental Budapest<\/title>\n<meta name=\"description\" content=\"A crown mounted on a dental implant is the best choice if you have a tooth missing in the upper or lower jaw.\" \/>\n<meta name=\"robots\" content=\"index, follow, max-snippet:-1, max-image-preview:large, max-video-preview:-1\" \/>\n<link rel=\"canonical\" href=\"https:\/\/ponczdental.hu\/en\/implant-crown-bridge\/\" \/>\n<meta property=\"og:locale\" content=\"en_US\" \/>\n<meta property=\"og:type\" content=\"article\" \/>\n<meta property=\"og:title\" content=\"Replacing one tooth or several teeth - Poncz Dental Budapest\" \/>\n<meta property=\"og:description\" content=\"A crown mounted on a dental implant is the best choice if you have a tooth missing in the upper or lower jaw.\" \/>\n<meta property=\"og:url\" content=\"https:\/\/ponczdental.hu\/en\/implant-crown-bridge\/\" \/>\n<meta property=\"og:site_name\" content=\"Poncz Dental fog\u00e1szati rendel\u0151 \u00e9s prec\u00edzi\u00f3s sz\u00e1jseb\u00e9szet.\" \/>\n<meta property=\"article:publisher\" content=\"https:\/\/www.facebook.com\/PonczDental\/\" \/>\n<meta property=\"article:modified_time\" content=\"2022-12-09T14:02:05+00:00\" \/>\n<meta property=\"og:image\" content=\"https:\/\/ponczdental.hu\/wp-content\/uploads\/2018\/09\/astratechsingle_tooth2.jpg\" \/>\n<meta name=\"twitter:card\" content=\"summary_large_image\" \/>\n<meta name=\"twitter:label1\" content=\"Est. reading time\" \/>\n\t<meta name=\"twitter:data1\" content=\"3 minutes\" \/>\n<script type=\"application\/ld+json\" class=\"yoast-schema-graph\">{\"@context\":\"https:\/\/schema.org\",\"@graph\":[{\"@type\":\"WebPage\",\"@id\":\"https:\/\/ponczdental.hu\/en\/implant-crown-bridge\/\",\"url\":\"https:\/\/ponczdental.hu\/en\/implant-crown-bridge\/\",\"name\":\"Replacing one tooth or several teeth - Poncz Dental Budapest\",\"isPartOf\":{\"@id\":\"https:\/\/ponczdental.hu\/#website\"},\"primaryImageOfPage\":{\"@id\":\"https:\/\/ponczdental.hu\/en\/implant-crown-bridge\/#primaryimage\"},\"image\":{\"@id\":\"https:\/\/ponczdental.hu\/en\/implant-crown-bridge\/#primaryimage\"},\"thumbnailUrl\":\"https:\/\/ponczdental.hu\/wp-content\/uploads\/2018\/09\/astratechsingle_tooth2.jpg\",\"datePublished\":\"2018-09-26T08:35:13+00:00\",\"dateModified\":\"2022-12-09T14:02:05+00:00\",\"description\":\"A crown mounted on a dental implant is the best choice if you have a tooth missing in the upper or lower jaw.\",\"breadcrumb\":{\"@id\":\"https:\/\/ponczdental.hu\/en\/implant-crown-bridge\/#breadcrumb\"},\"inLanguage\":\"en-US\",\"potentialAction\":[{\"@type\":\"ReadAction\",\"target\":[\"https:\/\/ponczdental.hu\/en\/implant-crown-bridge\/\"]}]},{\"@type\":\"ImageObject\",\"inLanguage\":\"en-US\",\"@id\":\"https:\/\/ponczdental.hu\/en\/implant-crown-bridge\/#primaryimage\",\"url\":\"https:\/\/ponczdental.hu\/wp-content\/uploads\/2018\/09\/astratechsingle_tooth2.jpg\",\"contentUrl\":\"https:\/\/ponczdental.hu\/wp-content\/uploads\/2018\/09\/astratechsingle_tooth2.jpg\"},{\"@type\":\"BreadcrumbList\",\"@id\":\"https:\/\/ponczdental.hu\/en\/implant-crown-bridge\/#breadcrumb\",\"itemListElement\":[{\"@type\":\"ListItem\",\"position\":1,\"name\":\"Home\",\"item\":\"https:\/\/ponczdental.hu\/en\/\"},{\"@type\":\"ListItem\",\"position\":2,\"name\":\"Replacing one tooth or several teeth\"}]},{\"@type\":\"WebSite\",\"@id\":\"https:\/\/ponczdental.hu\/#website\",\"url\":\"https:\/\/ponczdental.hu\/\",\"name\":\"Poncz Dental fog\u00e1szati rendel\u0151 \u00e9s prec\u00edzi\u00f3s sz\u00e1jseb\u00e9szet.\",\"description\":\"\",\"publisher\":{\"@id\":\"https:\/\/ponczdental.hu\/#organization\"},\"potentialAction\":[{\"@type\":\"SearchAction\",\"target\":{\"@type\":\"EntryPoint\",\"urlTemplate\":\"https:\/\/ponczdental.hu\/?s={search_term_string}\"},\"query-input\":{\"@type\":\"PropertyValueSpecification\",\"valueRequired\":true,\"valueName\":\"search_term_string\"}}],\"inLanguage\":\"en-US\"},{\"@type\":\"Organization\",\"@id\":\"https:\/\/ponczdental.hu\/#organization\",\"name\":\"Poncz Dental\",\"url\":\"https:\/\/ponczdental.hu\/\",\"logo\":{\"@type\":\"ImageObject\",\"inLanguage\":\"en-US\",\"@id\":\"https:\/\/ponczdental.hu\/#\/schema\/logo\/image\/\",\"url\":\"https:\/\/ponczdental.hu\/wp-content\/uploads\/2017\/10\/Poncz-Dental-logo.jpg\",\"contentUrl\":\"https:\/\/ponczdental.hu\/wp-content\/uploads\/2017\/10\/Poncz-Dental-logo.jpg\",\"width\":1181,\"height\":1654,\"caption\":\"Poncz Dental\"},\"image\":{\"@id\":\"https:\/\/ponczdental.hu\/#\/schema\/logo\/image\/\"},\"sameAs\":[\"https:\/\/www.facebook.com\/PonczDental\/\"]}]}<\/script>\n<!-- \/ Yoast SEO plugin. -->","yoast_head_json":{"title":"Replacing one tooth or several teeth - Poncz Dental Budapest","description":"A crown mounted on a dental implant is the best choice if you have a tooth missing in the upper or lower jaw.","robots":{"index":"index","follow":"follow","max-snippet":"max-snippet:-1","max-image-preview":"max-image-preview:large","max-video-preview":"max-video-preview:-1"},"canonical":"https:\/\/ponczdental.hu\/en\/implant-crown-bridge\/","og_locale":"en_US","og_type":"article","og_title":"Replacing one tooth or several teeth - Poncz Dental Budapest","og_description":"A crown mounted on a dental implant is the best choice if you have a tooth missing in the upper or lower jaw.","og_url":"https:\/\/ponczdental.hu\/en\/implant-crown-bridge\/","og_site_name":"Poncz Dental fog\u00e1szati rendel\u0151 \u00e9s prec\u00edzi\u00f3s sz\u00e1jseb\u00e9szet.","article_publisher":"https:\/\/www.facebook.com\/PonczDental\/","article_modified_time":"2022-12-09T14:02:05+00:00","og_image":[{"url":"https:\/\/ponczdental.hu\/wp-content\/uploads\/2018\/09\/astratechsingle_tooth2.jpg","type":"","width":"","height":""}],"twitter_card":"summary_large_image","twitter_misc":{"Est. reading time":"3 minutes"},"schema":{"@context":"https:\/\/schema.org","@graph":[{"@type":"WebPage","@id":"https:\/\/ponczdental.hu\/en\/implant-crown-bridge\/","url":"https:\/\/ponczdental.hu\/en\/implant-crown-bridge\/","name":"Replacing one tooth or several teeth - Poncz Dental Budapest","isPartOf":{"@id":"https:\/\/ponczdental.hu\/#website"},"primaryImageOfPage":{"@id":"https:\/\/ponczdental.hu\/en\/implant-crown-bridge\/#primaryimage"},"image":{"@id":"https:\/\/ponczdental.hu\/en\/implant-crown-bridge\/#primaryimage"},"thumbnailUrl":"https:\/\/ponczdental.hu\/wp-content\/uploads\/2018\/09\/astratechsingle_tooth2.jpg","datePublished":"2018-09-26T08:35:13+00:00","dateModified":"2022-12-09T14:02:05+00:00","description":"A crown mounted on a dental implant is the best choice if you have a tooth missing in the upper or lower jaw.","breadcrumb":{"@id":"https:\/\/ponczdental.hu\/en\/implant-crown-bridge\/#breadcrumb"},"inLanguage":"en-US","potentialAction":[{"@type":"ReadAction","target":["https:\/\/ponczdental.hu\/en\/implant-crown-bridge\/"]}]},{"@type":"ImageObject","inLanguage":"en-US","@id":"https:\/\/ponczdental.hu\/en\/implant-crown-bridge\/#primaryimage","url":"https:\/\/ponczdental.hu\/wp-content\/uploads\/2018\/09\/astratechsingle_tooth2.jpg","contentUrl":"https:\/\/ponczdental.hu\/wp-content\/uploads\/2018\/09\/astratechsingle_tooth2.jpg"},{"@type":"BreadcrumbList","@id":"https:\/\/ponczdental.hu\/en\/implant-crown-bridge\/#breadcrumb","itemListElement":[{"@type":"ListItem","position":1,"name":"Home","item":"https:\/\/ponczdental.hu\/en\/"},{"@type":"ListItem","position":2,"name":"Replacing one tooth or several teeth"}]},{"@type":"WebSite","@id":"https:\/\/ponczdental.hu\/#website","url":"https:\/\/ponczdental.hu\/","name":"Poncz Dental fog\u00e1szati rendel\u0151 \u00e9s prec\u00edzi\u00f3s sz\u00e1jseb\u00e9szet.","description":"","publisher":{"@id":"https:\/\/ponczdental.hu\/#organization"},"potentialAction":[{"@type":"SearchAction","target":{"@type":"EntryPoint","urlTemplate":"https:\/\/ponczdental.hu\/?s={search_term_string}"},"query-input":{"@type":"PropertyValueSpecification","valueRequired":true,"valueName":"search_term_string"}}],"inLanguage":"en-US"},{"@type":"Organization","@id":"https:\/\/ponczdental.hu\/#organization","name":"Poncz Dental","url":"https:\/\/ponczdental.hu\/","logo":{"@type":"ImageObject","inLanguage":"en-US","@id":"https:\/\/ponczdental.hu\/#\/schema\/logo\/image\/","url":"https:\/\/ponczdental.hu\/wp-content\/uploads\/2017\/10\/Poncz-Dental-logo.jpg","contentUrl":"https:\/\/ponczdental.hu\/wp-content\/uploads\/2017\/10\/Poncz-Dental-logo.jpg","width":1181,"height":1654,"caption":"Poncz Dental"},"image":{"@id":"https:\/\/ponczdental.hu\/#\/schema\/logo\/image\/"},"sameAs":["https:\/\/www.facebook.com\/PonczDental\/"]}]}},"_links":{"self":[{"href":"https:\/\/ponczdental.hu\/en\/wp-json\/wp\/v2\/pages\/2461","targetHints":{"allow":["GET"]}}],"collection":[{"href":"https:\/\/ponczdental.hu\/en\/wp-json\/wp\/v2\/pages"}],"about":[{"href":"https:\/\/ponczdental.hu\/en\/wp-json\/wp\/v2\/types\/page"}],"author":[{"embeddable":true,"href":"https:\/\/ponczdental.hu\/en\/wp-json\/wp\/v2\/users\/1"}],"replies":[{"embeddable":true,"href":"https:\/\/ponczdental.hu\/en\/wp-json\/wp\/v2\/comments?post=2461"}],"version-history":[{"count":6,"href":"https:\/\/ponczdental.hu\/en\/wp-json\/wp\/v2\/pages\/2461\/revisions"}],"predecessor-version":[{"id":6959,"href":"https:\/\/ponczdental.hu\/en\/wp-json\/wp\/v2\/pages\/2461\/revisions\/6959"}],"wp:attachment":[{"href":"https:\/\/ponczdental.hu\/en\/wp-json\/wp\/v2\/media?parent=2461"}],"curies":[{"name":"wp","href":"https:\/\/api.w.org\/{rel}","templated":true}]}}