{"id":2440,"date":"2018-09-25T13:06:30","date_gmt":"2018-09-25T13:06:30","guid":{"rendered":"http:\/\/implantdental.hu\/?page_id=2440"},"modified":"2021-04-28T14:44:19","modified_gmt":"2021-04-28T13:44:19","slug":"diagnostic","status":"publish","type":"page","link":"https:\/\/ponczdental.hu\/en\/diagnostic\/","title":{"rendered":"Diagnostic"},"content":{"rendered":"<div class=\"wpb-content-wrapper\"><p>[vc_row][vc_column][vc_column_text][\/vc_column_text][\/vc_column][\/vc_row][vc_row][vc_column][vc_column_text css=&#8221;.vc_custom_1619616000730{padding-top: 20px !important;padding-bottom: 20px !important;}&#8221;]Diagnostic imaging procedures help to uncover hidden lesions and to develop and implement a comprehensive and professional treatment plan.<\/p>\n<p>Our office has advanced<strong> CBCT<\/strong>,<strong> digital intraoral <\/strong>and<strong> panoramic x-ray<\/strong> available to our patients.<\/p>\n<p>&nbsp;<\/p>\n<h4>CBCT (Cone Beam CT)<\/h4>\n<p>Powerful diagnostic value with 3D images. The innovative FOV provides an arch-shaped volume, which shows a wide view of dentition, the hidden dentition area and exact bone density.<br \/>\n[\/vc_column_text][\/vc_column][\/vc_row][vc_row gap=&#8221;10&#8243;][vc_column width=&#8221;2\/3&#8243;][vc_single_image image=&#8221;4080&#8243; img_size=&#8221;large&#8221; alignment=&#8221;center&#8221; css=&#8221;.vc_custom_1619612032451{padding-top: 10px !important;padding-right: 10px !important;padding-bottom: 10px !important;padding-left: 10px !important;}&#8221;][\/vc_column][vc_column width=&#8221;1\/3&#8243;][vc_single_image image=&#8221;6578&#8243; img_size=&#8221;large&#8221; alignment=&#8221;center&#8221; style=&#8221;vc_box_circle&#8221; css=&#8221;.vc_custom_1619615685333{padding-top: 10px !important;padding-right: 10px !important;padding-bottom: 10px !important;padding-left: 10px !important;}&#8221;][\/vc_column][\/vc_row][vc_row][vc_column][vc_empty_space][vc_column_text]<\/p>\n<p style=\"text-align: center;\">Accurate diagnosis, beside ultra low X-ray dose.<\/p>\n<p><img loading=\"lazy\" decoding=\"async\" class=\"aligncenter wp-image-4085\" src=\"https:\/\/ponczdental.hu\/wp-content\/uploads\/2019\/08\/CBCT-sugarterheles-osszehasonlitas-1-e1619615844649-1024x612.jpg\" alt=\"\" width=\"600\" height=\"358\" srcset=\"https:\/\/ponczdental.hu\/wp-content\/uploads\/2019\/08\/CBCT-sugarterheles-osszehasonlitas-1-e1619615844649-1024x612.jpg 1024w, https:\/\/ponczdental.hu\/wp-content\/uploads\/2019\/08\/CBCT-sugarterheles-osszehasonlitas-1-e1619615844649-300x179.jpg 300w, https:\/\/ponczdental.hu\/wp-content\/uploads\/2019\/08\/CBCT-sugarterheles-osszehasonlitas-1-e1619615844649-768x459.jpg 768w, https:\/\/ponczdental.hu\/wp-content\/uploads\/2019\/08\/CBCT-sugarterheles-osszehasonlitas-1-e1619615844649-1536x918.jpg 1536w, https:\/\/ponczdental.hu\/wp-content\/uploads\/2019\/08\/CBCT-sugarterheles-osszehasonlitas-1-e1619615844649.jpg 1667w\" sizes=\"auto, (max-width: 600px) 100vw, 600px\" \/>[\/vc_column_text][vc_column_text css=&#8221;.vc_custom_1619616542532{padding-top: 20px !important;padding-bottom: 20px !important;}&#8221;]<\/p>\n<h4>Intraoral x-ray<\/h4>\n<p>Shows the lesions of the teeth in high resolutional.<\/p>\n<p>&nbsp;<\/p>\n<h4>Panoramic x-ray<\/h4>\n<p>Diseases affecting most of the teeth and jawbones can be diagnosed with the help of this type of x-ray.<\/p>\n<p>&nbsp;<\/p>\n<p>\n\t\t<style type=\"text\/css\">\n\t\t\t#gallery-1 {\n\t\t\t\tmargin: auto;\n\t\t\t}\n\t\t\t#gallery-1 .gallery-item {\n\t\t\t\tfloat: left;\n\t\t\t\tmargin-top: 10px;\n\t\t\t\ttext-align: center;\n\t\t\t\twidth: 50%;\n\t\t\t}\n\t\t\t#gallery-1 img {\n\t\t\t\tborder: 2px solid #cfcfcf;\n\t\t\t}\n\t\t\t#gallery-1 .gallery-caption {\n\t\t\t\tmargin-left: 0;\n\t\t\t}\n\t\t\t\/* see gallery_shortcode() in wp-includes\/media.php *\/\n\t\t<\/style>\n\t\t<div id='gallery-1' class='gallery galleryid-2440 gallery-columns-2 gallery-size-fullwidth_image'><dl class='gallery-item'>\n\t\t\t<dt class='gallery-icon landscape'>\n\t\t\t\t<a href='https:\/\/ponczdental.hu\/en\/diagnostic\/pdrontgen1-2\/'><img loading=\"lazy\" decoding=\"async\" width=\"1024\" height=\"683\" src=\"https:\/\/ponczdental.hu\/wp-content\/uploads\/2018\/09\/pdrontgen1.jpg\" class=\"attachment-fullwidth_image size-fullwidth_image\" alt=\"Fog\u00e1szati r\u00f6ntgen\" srcset=\"https:\/\/ponczdental.hu\/wp-content\/uploads\/2018\/09\/pdrontgen1.jpg 1024w, https:\/\/ponczdental.hu\/wp-content\/uploads\/2018\/09\/pdrontgen1-300x200.jpg 300w, https:\/\/ponczdental.hu\/wp-content\/uploads\/2018\/09\/pdrontgen1-768x512.jpg 768w, https:\/\/ponczdental.hu\/wp-content\/uploads\/2018\/09\/pdrontgen1-600x400.jpg 600w\" sizes=\"auto, (max-width: 1024px) 100vw, 1024px\" \/><\/a>\n\t\t\t<\/dt><\/dl><dl class='gallery-item'>\n\t\t\t<dt class='gallery-icon landscape'>\n\t\t\t\t<a href='https:\/\/ponczdental.hu\/en\/diagnostic\/pdrontgen2-2\/'><img loading=\"lazy\" decoding=\"async\" width=\"1024\" height=\"683\" src=\"https:\/\/ponczdental.hu\/wp-content\/uploads\/2018\/09\/pdrontgen2.jpg\" class=\"attachment-fullwidth_image size-fullwidth_image\" alt=\"Fog\u00e1szati r\u00f6ntgen ki\u00e9rt\u00e9kel\u00e9se\" srcset=\"https:\/\/ponczdental.hu\/wp-content\/uploads\/2018\/09\/pdrontgen2.jpg 1024w, https:\/\/ponczdental.hu\/wp-content\/uploads\/2018\/09\/pdrontgen2-300x200.jpg 300w, https:\/\/ponczdental.hu\/wp-content\/uploads\/2018\/09\/pdrontgen2-768x512.jpg 768w, https:\/\/ponczdental.hu\/wp-content\/uploads\/2018\/09\/pdrontgen2-600x400.jpg 600w\" sizes=\"auto, (max-width: 1024px) 100vw, 1024px\" \/><\/a>\n\t\t\t<\/dt><\/dl><br style=\"clear: both\" \/>\n\t\t<\/div>\n[\/vc_column_text][\/vc_column][\/vc_row][vc_row][vc_column][vc_empty_space][\/vc_column][\/vc_row][vc_row][vc_column][vc_column_text]<\/p>\n<p>&nbsp;<\/p>\n<p>[\/vc_column_text][\/vc_column][\/vc_row][vc_row][vc_column][vc_empty_space][\/vc_column][\/vc_row]<\/p>\n<\/div>","protected":false},"excerpt":{"rendered":"<p>[vc_row][vc_column][vc_column_text][\/vc_column_text][\/vc_column][\/vc_row][vc_row][vc_column][vc_column_text css=&#8221;.vc_custom_1619616000730{padding-top: 20px !important;padding-bottom: 20px !important;}&#8221;]Diagnostic imaging procedures help to uncover hidden lesions and to develop and implement a comprehensive and professional treatment plan. Our office has advanced CBCT, digital intraoral and panoramic x-ray available to our patients. &nbsp; CBCT (Cone Beam CT) Powerful diagnostic value with 3D images. The innovative FOV provides an arch-shaped [&hellip;]<\/p>\n","protected":false},"author":1,"featured_media":6579,"parent":0,"menu_order":0,"comment_status":"closed","ping_status":"closed","template":"","meta":{"footnotes":"","_links_to":"","_links_to_target":""},"class_list":["post-2440","page","type-page","status-publish","has-post-thumbnail","hentry"],"yoast_head":"<!-- This site is optimized with the Yoast SEO plugin v26.0 - https:\/\/yoast.com\/wordpress\/plugins\/seo\/ -->\n<title>Diagnostic - Poncz Dental Budapest &amp; Monor Clinic<\/title>\n<meta name=\"description\" content=\"Powerful diagnostic: Our Budapest Clinic has advanced CBCT. Digital intraoral, panoramic x-ray available in Budapest and in Monor Clinic.\" \/>\n<meta name=\"robots\" content=\"index, follow, max-snippet:-1, max-image-preview:large, max-video-preview:-1\" \/>\n<link rel=\"canonical\" href=\"https:\/\/ponczdental.hu\/en\/diagnostic\/\" \/>\n<meta property=\"og:locale\" content=\"en_US\" \/>\n<meta property=\"og:type\" content=\"article\" \/>\n<meta property=\"og:title\" content=\"Diagnostic - Poncz Dental Budapest &amp; Monor Clinic\" \/>\n<meta property=\"og:description\" content=\"Powerful diagnostic: Our Budapest Clinic has advanced CBCT. Digital intraoral, panoramic x-ray available in Budapest and in Monor Clinic.\" \/>\n<meta property=\"og:url\" content=\"https:\/\/ponczdental.hu\/en\/diagnostic\/\" \/>\n<meta property=\"og:site_name\" content=\"Poncz Dental fog\u00e1szati rendel\u0151 \u00e9s prec\u00edzi\u00f3s sz\u00e1jseb\u00e9szet.\" \/>\n<meta property=\"article:publisher\" content=\"https:\/\/www.facebook.com\/PonczDental\/\" \/>\n<meta property=\"article:modified_time\" content=\"2021-04-28T13:44:19+00:00\" \/>\n<meta property=\"og:image\" content=\"https:\/\/ponczdental.hu\/wp-content\/uploads\/2021\/04\/Fogaszati-CB-CT-1.jpg\" \/>\n\t<meta property=\"og:image:width\" content=\"639\" \/>\n\t<meta property=\"og:image:height\" content=\"638\" \/>\n\t<meta property=\"og:image:type\" content=\"image\/jpeg\" \/>\n<meta name=\"twitter:card\" content=\"summary_large_image\" \/>\n<meta name=\"twitter:label1\" content=\"Est. reading time\" \/>\n\t<meta name=\"twitter:data1\" content=\"1 minute\" \/>\n<script type=\"application\/ld+json\" class=\"yoast-schema-graph\">{\"@context\":\"https:\/\/schema.org\",\"@graph\":[{\"@type\":\"WebPage\",\"@id\":\"https:\/\/ponczdental.hu\/en\/diagnostic\/\",\"url\":\"https:\/\/ponczdental.hu\/en\/diagnostic\/\",\"name\":\"Diagnostic - Poncz Dental Budapest & Monor Clinic\",\"isPartOf\":{\"@id\":\"https:\/\/ponczdental.hu\/#website\"},\"primaryImageOfPage\":{\"@id\":\"https:\/\/ponczdental.hu\/en\/diagnostic\/#primaryimage\"},\"image\":{\"@id\":\"https:\/\/ponczdental.hu\/en\/diagnostic\/#primaryimage\"},\"thumbnailUrl\":\"https:\/\/ponczdental.hu\/wp-content\/uploads\/2021\/04\/Fogaszati-CB-CT-1.jpg\",\"datePublished\":\"2018-09-25T13:06:30+00:00\",\"dateModified\":\"2021-04-28T13:44:19+00:00\",\"description\":\"Powerful diagnostic: Our Budapest Clinic has advanced CBCT. Digital intraoral, panoramic x-ray available in Budapest and in Monor Clinic.\",\"breadcrumb\":{\"@id\":\"https:\/\/ponczdental.hu\/en\/diagnostic\/#breadcrumb\"},\"inLanguage\":\"en-US\",\"potentialAction\":[{\"@type\":\"ReadAction\",\"target\":[\"https:\/\/ponczdental.hu\/en\/diagnostic\/\"]}]},{\"@type\":\"ImageObject\",\"inLanguage\":\"en-US\",\"@id\":\"https:\/\/ponczdental.hu\/en\/diagnostic\/#primaryimage\",\"url\":\"https:\/\/ponczdental.hu\/wp-content\/uploads\/2021\/04\/Fogaszati-CB-CT-1.jpg\",\"contentUrl\":\"https:\/\/ponczdental.hu\/wp-content\/uploads\/2021\/04\/Fogaszati-CB-CT-1.jpg\",\"width\":639,\"height\":638,\"caption\":\"Diagn\u00f3zis fog\u00e1szati CB CT k\u00e9sz\u00fcl\u00e9kkel\"},{\"@type\":\"BreadcrumbList\",\"@id\":\"https:\/\/ponczdental.hu\/en\/diagnostic\/#breadcrumb\",\"itemListElement\":[{\"@type\":\"ListItem\",\"position\":1,\"name\":\"Home\",\"item\":\"https:\/\/ponczdental.hu\/en\/\"},{\"@type\":\"ListItem\",\"position\":2,\"name\":\"Diagnostic\"}]},{\"@type\":\"WebSite\",\"@id\":\"https:\/\/ponczdental.hu\/#website\",\"url\":\"https:\/\/ponczdental.hu\/\",\"name\":\"Poncz Dental fog\u00e1szati rendel\u0151 \u00e9s prec\u00edzi\u00f3s sz\u00e1jseb\u00e9szet.\",\"description\":\"\",\"publisher\":{\"@id\":\"https:\/\/ponczdental.hu\/#organization\"},\"potentialAction\":[{\"@type\":\"SearchAction\",\"target\":{\"@type\":\"EntryPoint\",\"urlTemplate\":\"https:\/\/ponczdental.hu\/?s={search_term_string}\"},\"query-input\":{\"@type\":\"PropertyValueSpecification\",\"valueRequired\":true,\"valueName\":\"search_term_string\"}}],\"inLanguage\":\"en-US\"},{\"@type\":\"Organization\",\"@id\":\"https:\/\/ponczdental.hu\/#organization\",\"name\":\"Poncz Dental\",\"url\":\"https:\/\/ponczdental.hu\/\",\"logo\":{\"@type\":\"ImageObject\",\"inLanguage\":\"en-US\",\"@id\":\"https:\/\/ponczdental.hu\/#\/schema\/logo\/image\/\",\"url\":\"https:\/\/ponczdental.hu\/wp-content\/uploads\/2017\/10\/Poncz-Dental-logo.jpg\",\"contentUrl\":\"https:\/\/ponczdental.hu\/wp-content\/uploads\/2017\/10\/Poncz-Dental-logo.jpg\",\"width\":1181,\"height\":1654,\"caption\":\"Poncz Dental\"},\"image\":{\"@id\":\"https:\/\/ponczdental.hu\/#\/schema\/logo\/image\/\"},\"sameAs\":[\"https:\/\/www.facebook.com\/PonczDental\/\"]}]}<\/script>\n<!-- \/ Yoast SEO plugin. -->","yoast_head_json":{"title":"Diagnostic - Poncz Dental Budapest & Monor Clinic","description":"Powerful diagnostic: Our Budapest Clinic has advanced CBCT. Digital intraoral, panoramic x-ray available in Budapest and in Monor Clinic.","robots":{"index":"index","follow":"follow","max-snippet":"max-snippet:-1","max-image-preview":"max-image-preview:large","max-video-preview":"max-video-preview:-1"},"canonical":"https:\/\/ponczdental.hu\/en\/diagnostic\/","og_locale":"en_US","og_type":"article","og_title":"Diagnostic - Poncz Dental Budapest & Monor Clinic","og_description":"Powerful diagnostic: Our Budapest Clinic has advanced CBCT. Digital intraoral, panoramic x-ray available in Budapest and in Monor Clinic.","og_url":"https:\/\/ponczdental.hu\/en\/diagnostic\/","og_site_name":"Poncz Dental fog\u00e1szati rendel\u0151 \u00e9s prec\u00edzi\u00f3s sz\u00e1jseb\u00e9szet.","article_publisher":"https:\/\/www.facebook.com\/PonczDental\/","article_modified_time":"2021-04-28T13:44:19+00:00","og_image":[{"width":639,"height":638,"url":"https:\/\/ponczdental.hu\/wp-content\/uploads\/2021\/04\/Fogaszati-CB-CT-1.jpg","type":"image\/jpeg"}],"twitter_card":"summary_large_image","twitter_misc":{"Est. reading time":"1 minute"},"schema":{"@context":"https:\/\/schema.org","@graph":[{"@type":"WebPage","@id":"https:\/\/ponczdental.hu\/en\/diagnostic\/","url":"https:\/\/ponczdental.hu\/en\/diagnostic\/","name":"Diagnostic - Poncz Dental Budapest & Monor Clinic","isPartOf":{"@id":"https:\/\/ponczdental.hu\/#website"},"primaryImageOfPage":{"@id":"https:\/\/ponczdental.hu\/en\/diagnostic\/#primaryimage"},"image":{"@id":"https:\/\/ponczdental.hu\/en\/diagnostic\/#primaryimage"},"thumbnailUrl":"https:\/\/ponczdental.hu\/wp-content\/uploads\/2021\/04\/Fogaszati-CB-CT-1.jpg","datePublished":"2018-09-25T13:06:30+00:00","dateModified":"2021-04-28T13:44:19+00:00","description":"Powerful diagnostic: Our Budapest Clinic has advanced CBCT. Digital intraoral, panoramic x-ray available in Budapest and in Monor Clinic.","breadcrumb":{"@id":"https:\/\/ponczdental.hu\/en\/diagnostic\/#breadcrumb"},"inLanguage":"en-US","potentialAction":[{"@type":"ReadAction","target":["https:\/\/ponczdental.hu\/en\/diagnostic\/"]}]},{"@type":"ImageObject","inLanguage":"en-US","@id":"https:\/\/ponczdental.hu\/en\/diagnostic\/#primaryimage","url":"https:\/\/ponczdental.hu\/wp-content\/uploads\/2021\/04\/Fogaszati-CB-CT-1.jpg","contentUrl":"https:\/\/ponczdental.hu\/wp-content\/uploads\/2021\/04\/Fogaszati-CB-CT-1.jpg","width":639,"height":638,"caption":"Diagn\u00f3zis fog\u00e1szati CB CT k\u00e9sz\u00fcl\u00e9kkel"},{"@type":"BreadcrumbList","@id":"https:\/\/ponczdental.hu\/en\/diagnostic\/#breadcrumb","itemListElement":[{"@type":"ListItem","position":1,"name":"Home","item":"https:\/\/ponczdental.hu\/en\/"},{"@type":"ListItem","position":2,"name":"Diagnostic"}]},{"@type":"WebSite","@id":"https:\/\/ponczdental.hu\/#website","url":"https:\/\/ponczdental.hu\/","name":"Poncz Dental fog\u00e1szati rendel\u0151 \u00e9s prec\u00edzi\u00f3s sz\u00e1jseb\u00e9szet.","description":"","publisher":{"@id":"https:\/\/ponczdental.hu\/#organization"},"potentialAction":[{"@type":"SearchAction","target":{"@type":"EntryPoint","urlTemplate":"https:\/\/ponczdental.hu\/?s={search_term_string}"},"query-input":{"@type":"PropertyValueSpecification","valueRequired":true,"valueName":"search_term_string"}}],"inLanguage":"en-US"},{"@type":"Organization","@id":"https:\/\/ponczdental.hu\/#organization","name":"Poncz Dental","url":"https:\/\/ponczdental.hu\/","logo":{"@type":"ImageObject","inLanguage":"en-US","@id":"https:\/\/ponczdental.hu\/#\/schema\/logo\/image\/","url":"https:\/\/ponczdental.hu\/wp-content\/uploads\/2017\/10\/Poncz-Dental-logo.jpg","contentUrl":"https:\/\/ponczdental.hu\/wp-content\/uploads\/2017\/10\/Poncz-Dental-logo.jpg","width":1181,"height":1654,"caption":"Poncz Dental"},"image":{"@id":"https:\/\/ponczdental.hu\/#\/schema\/logo\/image\/"},"sameAs":["https:\/\/www.facebook.com\/PonczDental\/"]}]}},"_links":{"self":[{"href":"https:\/\/ponczdental.hu\/en\/wp-json\/wp\/v2\/pages\/2440","targetHints":{"allow":["GET"]}}],"collection":[{"href":"https:\/\/ponczdental.hu\/en\/wp-json\/wp\/v2\/pages"}],"about":[{"href":"https:\/\/ponczdental.hu\/en\/wp-json\/wp\/v2\/types\/page"}],"author":[{"embeddable":true,"href":"https:\/\/ponczdental.hu\/en\/wp-json\/wp\/v2\/users\/1"}],"replies":[{"embeddable":true,"href":"https:\/\/ponczdental.hu\/en\/wp-json\/wp\/v2\/comments?post=2440"}],"version-history":[{"count":9,"href":"https:\/\/ponczdental.hu\/en\/wp-json\/wp\/v2\/pages\/2440\/revisions"}],"predecessor-version":[{"id":6592,"href":"https:\/\/ponczdental.hu\/en\/wp-json\/wp\/v2\/pages\/2440\/revisions\/6592"}],"wp:featuredmedia":[{"embeddable":true,"href":"https:\/\/ponczdental.hu\/en\/wp-json\/wp\/v2\/media\/6579"}],"wp:attachment":[{"href":"https:\/\/ponczdental.hu\/en\/wp-json\/wp\/v2\/media?parent=2440"}],"curies":[{"name":"wp","href":"https:\/\/api.w.org\/{rel}","templated":true}]}}