{"id":2426,"date":"2018-09-25T12:53:19","date_gmt":"2018-09-25T12:53:19","guid":{"rendered":"http:\/\/implantdental.hu\/?page_id=2426"},"modified":"2022-12-09T12:42:28","modified_gmt":"2022-12-09T11:42:28","slug":"aesthetic-dentistry","status":"publish","type":"page","link":"https:\/\/ponczdental.hu\/en\/aesthetic-dentistry\/","title":{"rendered":"Aesthetic dentistry"},"content":{"rendered":"<div class=\"wpb-content-wrapper\"><p>[vc_row][vc_column][vc_column_text css=&#8221;.vc_custom_1543933739276{padding-top: 20px !important;padding-bottom: 20px !important;}&#8221;]<\/p>\n<h4>Tooth whitening<\/h4>\n<p>A snow white, sparkling, regular dentition is essential for a beautiful smile. In many cases professional tartar removal and tooth polishing done in our dental clinic provide eye-catching results. We use the \u201eBeyond\u201d bleaching lamp for tooth whitening. After tooth whitening with the Beyond System we can achieve an improvement of 5-14 shades on the VITA-scale. Providing our patients with information, taking their aesthetic expectations into account, and consideration of their individual needs, is part of our dentsits\u2019 daily routine.<\/p>\n<p><img loading=\"lazy\" decoding=\"async\" class=\"aligncenter wp-image-2064\" src=\"https:\/\/ponczdental.hu\/wp-content\/uploads\/2018\/09\/poncz_kep.jpg\" alt=\"Beyond fogfeh\u00e9r\u00edt\u00e9s\" width=\"539\" height=\"367\" srcset=\"https:\/\/ponczdental.hu\/wp-content\/uploads\/2018\/09\/poncz_kep.jpg 539w, https:\/\/ponczdental.hu\/wp-content\/uploads\/2018\/09\/poncz_kep-300x204.jpg 300w\" sizes=\"auto, (max-width: 539px) 100vw, 539px\" \/><\/p>\n<h4>Aesthetic restorations<\/h4>\n<p>An aesthetic dentition with beautiful teeth is essential for a good appearance. We restore decayed, broken or cracked teeth and solve other problems using state-of-the-art materials.<\/p>\n<h4>Crowns, bridges<\/h4>\n<p>These are a solutions for replacing missing teeth or restoring larger edentulous areas. The result is aesthetically pleasing, restores chewing capacity and sound formation. For achieving the perfect result we recommend metal-free zirconia-ceramic, pressed ceramic and porcelain restorative solutions.<\/p>\n<h3><\/h3>\n<h3><img loading=\"lazy\" decoding=\"async\" class=\"aligncenter wp-image-2053\" src=\"https:\/\/ponczdental.hu\/wp-content\/uploads\/2018\/09\/cirkonkorona_utana-1024x372.jpg\" alt=\"cirkonium fogkorona\" width=\"400\" height=\"146\" srcset=\"https:\/\/ponczdental.hu\/wp-content\/uploads\/2018\/09\/cirkonkorona_utana-1024x372.jpg 1024w, https:\/\/ponczdental.hu\/wp-content\/uploads\/2018\/09\/cirkonkorona_utana-300x109.jpg 300w, https:\/\/ponczdental.hu\/wp-content\/uploads\/2018\/09\/cirkonkorona_utana-768x279.jpg 768w, https:\/\/ponczdental.hu\/wp-content\/uploads\/2018\/09\/cirkonkorona_utana-600x218.jpg 600w, https:\/\/ponczdental.hu\/wp-content\/uploads\/2018\/09\/cirkonkorona_utana.jpg 1512w\" sizes=\"auto, (max-width: 400px) 100vw, 400px\" \/><\/h3>\n<h4>Inlay, onlay, ceramic veneer<\/h4>\n<p>When there is extensive damage to the chewing teeth, we recommend inlays which are prepared by the dental technician. For the front teeth, we use ceramic veneers to restore damaged and discoloured teeth.<\/p>\n<h4>Orthodontics<\/h4>\n<p>Irregular dentition and crowded teeth are difficult to clean properly and can easily be prone to tooth decay and periodontal diseases.<br \/>\nWith orthodontic treatment, bite disorders can be corrected and regular dentition can be restored which beyond aesthetics, are significant for maintenence of oral hygiene. Orthodontic treatments can be performed from early childhood to adulthood depending on the disorder.<br \/>\nIn certain cases minor irregularities can be corrected with a removable dental brace. It is a painless, comfortable solution providing fast results. The device is entirely transparent, so there is no aesthetic disadvantage.<br \/>\nWe treat more severe irregularities as well with the intervention from our orthodontics specialist.[\/vc_column_text][\/vc_column][\/vc_row][vc_row][vc_column][vc_empty_space][\/vc_column][\/vc_row]<\/p>\n<\/div>","protected":false},"excerpt":{"rendered":"<p>[vc_row][vc_column][vc_column_text css=&#8221;.vc_custom_1543933739276{padding-top: 20px !important;padding-bottom: 20px !important;}&#8221;] Tooth whitening A snow white, sparkling, regular dentition is essential for a beautiful smile. In many cases professional tartar removal and tooth polishing done in our dental clinic provide eye-catching results. We use the \u201eBeyond\u201d bleaching lamp for tooth whitening. After tooth whitening with the Beyond System we can [&hellip;]<\/p>\n","protected":false},"author":1,"featured_media":0,"parent":0,"menu_order":0,"comment_status":"closed","ping_status":"closed","template":"","meta":{"footnotes":"","_links_to":"","_links_to_target":""},"class_list":["post-2426","page","type-page","status-publish","hentry"],"yoast_head":"<!-- This site is optimized with the Yoast SEO plugin v26.0 - https:\/\/yoast.com\/wordpress\/plugins\/seo\/ -->\n<title>Aesthetic dentistry - Poncz Dental Budapest<\/title>\n<meta name=\"description\" content=\"tooth whitening, aesthetic restoration treatments, crowns, bridges, Inlay, onlay, ceramic veneer, orthodontics.\" \/>\n<meta name=\"robots\" content=\"index, follow, max-snippet:-1, max-image-preview:large, max-video-preview:-1\" \/>\n<link rel=\"canonical\" href=\"https:\/\/ponczdental.hu\/en\/aesthetic-dentistry\/\" \/>\n<meta property=\"og:locale\" content=\"en_US\" \/>\n<meta property=\"og:type\" content=\"article\" \/>\n<meta property=\"og:title\" content=\"Aesthetic dentistry - Poncz Dental Budapest\" \/>\n<meta property=\"og:description\" content=\"tooth whitening, aesthetic restoration treatments, crowns, bridges, Inlay, onlay, ceramic veneer, orthodontics.\" \/>\n<meta property=\"og:url\" content=\"https:\/\/ponczdental.hu\/en\/aesthetic-dentistry\/\" \/>\n<meta property=\"og:site_name\" content=\"Poncz Dental fog\u00e1szati rendel\u0151 \u00e9s prec\u00edzi\u00f3s sz\u00e1jseb\u00e9szet.\" \/>\n<meta property=\"article:publisher\" content=\"https:\/\/www.facebook.com\/PonczDental\/\" \/>\n<meta property=\"article:modified_time\" content=\"2022-12-09T11:42:28+00:00\" \/>\n<meta property=\"og:image\" content=\"https:\/\/ponczdental.hu\/wp-content\/uploads\/2018\/09\/poncz_kep.jpg\" \/>\n<meta name=\"twitter:card\" content=\"summary_large_image\" \/>\n<meta name=\"twitter:label1\" content=\"Est. reading time\" \/>\n\t<meta name=\"twitter:data1\" content=\"3 minutes\" \/>\n<script type=\"application\/ld+json\" class=\"yoast-schema-graph\">{\"@context\":\"https:\/\/schema.org\",\"@graph\":[{\"@type\":\"WebPage\",\"@id\":\"https:\/\/ponczdental.hu\/en\/aesthetic-dentistry\/\",\"url\":\"https:\/\/ponczdental.hu\/en\/aesthetic-dentistry\/\",\"name\":\"Aesthetic dentistry - Poncz Dental Budapest\",\"isPartOf\":{\"@id\":\"https:\/\/ponczdental.hu\/#website\"},\"primaryImageOfPage\":{\"@id\":\"https:\/\/ponczdental.hu\/en\/aesthetic-dentistry\/#primaryimage\"},\"image\":{\"@id\":\"https:\/\/ponczdental.hu\/en\/aesthetic-dentistry\/#primaryimage\"},\"thumbnailUrl\":\"https:\/\/ponczdental.hu\/wp-content\/uploads\/2018\/09\/poncz_kep.jpg\",\"datePublished\":\"2018-09-25T12:53:19+00:00\",\"dateModified\":\"2022-12-09T11:42:28+00:00\",\"description\":\"tooth whitening, aesthetic restoration treatments, crowns, bridges, Inlay, onlay, ceramic veneer, orthodontics.\",\"breadcrumb\":{\"@id\":\"https:\/\/ponczdental.hu\/en\/aesthetic-dentistry\/#breadcrumb\"},\"inLanguage\":\"en-US\",\"potentialAction\":[{\"@type\":\"ReadAction\",\"target\":[\"https:\/\/ponczdental.hu\/en\/aesthetic-dentistry\/\"]}]},{\"@type\":\"ImageObject\",\"inLanguage\":\"en-US\",\"@id\":\"https:\/\/ponczdental.hu\/en\/aesthetic-dentistry\/#primaryimage\",\"url\":\"https:\/\/ponczdental.hu\/wp-content\/uploads\/2018\/09\/poncz_kep.jpg\",\"contentUrl\":\"https:\/\/ponczdental.hu\/wp-content\/uploads\/2018\/09\/poncz_kep.jpg\"},{\"@type\":\"BreadcrumbList\",\"@id\":\"https:\/\/ponczdental.hu\/en\/aesthetic-dentistry\/#breadcrumb\",\"itemListElement\":[{\"@type\":\"ListItem\",\"position\":1,\"name\":\"Home\",\"item\":\"https:\/\/ponczdental.hu\/en\/\"},{\"@type\":\"ListItem\",\"position\":2,\"name\":\"Aesthetic dentistry\"}]},{\"@type\":\"WebSite\",\"@id\":\"https:\/\/ponczdental.hu\/#website\",\"url\":\"https:\/\/ponczdental.hu\/\",\"name\":\"Poncz Dental fog\u00e1szati rendel\u0151 \u00e9s prec\u00edzi\u00f3s sz\u00e1jseb\u00e9szet.\",\"description\":\"\",\"publisher\":{\"@id\":\"https:\/\/ponczdental.hu\/#organization\"},\"potentialAction\":[{\"@type\":\"SearchAction\",\"target\":{\"@type\":\"EntryPoint\",\"urlTemplate\":\"https:\/\/ponczdental.hu\/?s={search_term_string}\"},\"query-input\":{\"@type\":\"PropertyValueSpecification\",\"valueRequired\":true,\"valueName\":\"search_term_string\"}}],\"inLanguage\":\"en-US\"},{\"@type\":\"Organization\",\"@id\":\"https:\/\/ponczdental.hu\/#organization\",\"name\":\"Poncz Dental\",\"url\":\"https:\/\/ponczdental.hu\/\",\"logo\":{\"@type\":\"ImageObject\",\"inLanguage\":\"en-US\",\"@id\":\"https:\/\/ponczdental.hu\/#\/schema\/logo\/image\/\",\"url\":\"https:\/\/ponczdental.hu\/wp-content\/uploads\/2017\/10\/Poncz-Dental-logo.jpg\",\"contentUrl\":\"https:\/\/ponczdental.hu\/wp-content\/uploads\/2017\/10\/Poncz-Dental-logo.jpg\",\"width\":1181,\"height\":1654,\"caption\":\"Poncz Dental\"},\"image\":{\"@id\":\"https:\/\/ponczdental.hu\/#\/schema\/logo\/image\/\"},\"sameAs\":[\"https:\/\/www.facebook.com\/PonczDental\/\"]}]}<\/script>\n<!-- \/ Yoast SEO plugin. -->","yoast_head_json":{"title":"Aesthetic dentistry - Poncz Dental Budapest","description":"tooth whitening, aesthetic restoration treatments, crowns, bridges, Inlay, onlay, ceramic veneer, orthodontics.","robots":{"index":"index","follow":"follow","max-snippet":"max-snippet:-1","max-image-preview":"max-image-preview:large","max-video-preview":"max-video-preview:-1"},"canonical":"https:\/\/ponczdental.hu\/en\/aesthetic-dentistry\/","og_locale":"en_US","og_type":"article","og_title":"Aesthetic dentistry - Poncz Dental Budapest","og_description":"tooth whitening, aesthetic restoration treatments, crowns, bridges, Inlay, onlay, ceramic veneer, orthodontics.","og_url":"https:\/\/ponczdental.hu\/en\/aesthetic-dentistry\/","og_site_name":"Poncz Dental fog\u00e1szati rendel\u0151 \u00e9s prec\u00edzi\u00f3s sz\u00e1jseb\u00e9szet.","article_publisher":"https:\/\/www.facebook.com\/PonczDental\/","article_modified_time":"2022-12-09T11:42:28+00:00","og_image":[{"url":"https:\/\/ponczdental.hu\/wp-content\/uploads\/2018\/09\/poncz_kep.jpg","type":"","width":"","height":""}],"twitter_card":"summary_large_image","twitter_misc":{"Est. reading time":"3 minutes"},"schema":{"@context":"https:\/\/schema.org","@graph":[{"@type":"WebPage","@id":"https:\/\/ponczdental.hu\/en\/aesthetic-dentistry\/","url":"https:\/\/ponczdental.hu\/en\/aesthetic-dentistry\/","name":"Aesthetic dentistry - Poncz Dental Budapest","isPartOf":{"@id":"https:\/\/ponczdental.hu\/#website"},"primaryImageOfPage":{"@id":"https:\/\/ponczdental.hu\/en\/aesthetic-dentistry\/#primaryimage"},"image":{"@id":"https:\/\/ponczdental.hu\/en\/aesthetic-dentistry\/#primaryimage"},"thumbnailUrl":"https:\/\/ponczdental.hu\/wp-content\/uploads\/2018\/09\/poncz_kep.jpg","datePublished":"2018-09-25T12:53:19+00:00","dateModified":"2022-12-09T11:42:28+00:00","description":"tooth whitening, aesthetic restoration treatments, crowns, bridges, Inlay, onlay, ceramic veneer, orthodontics.","breadcrumb":{"@id":"https:\/\/ponczdental.hu\/en\/aesthetic-dentistry\/#breadcrumb"},"inLanguage":"en-US","potentialAction":[{"@type":"ReadAction","target":["https:\/\/ponczdental.hu\/en\/aesthetic-dentistry\/"]}]},{"@type":"ImageObject","inLanguage":"en-US","@id":"https:\/\/ponczdental.hu\/en\/aesthetic-dentistry\/#primaryimage","url":"https:\/\/ponczdental.hu\/wp-content\/uploads\/2018\/09\/poncz_kep.jpg","contentUrl":"https:\/\/ponczdental.hu\/wp-content\/uploads\/2018\/09\/poncz_kep.jpg"},{"@type":"BreadcrumbList","@id":"https:\/\/ponczdental.hu\/en\/aesthetic-dentistry\/#breadcrumb","itemListElement":[{"@type":"ListItem","position":1,"name":"Home","item":"https:\/\/ponczdental.hu\/en\/"},{"@type":"ListItem","position":2,"name":"Aesthetic dentistry"}]},{"@type":"WebSite","@id":"https:\/\/ponczdental.hu\/#website","url":"https:\/\/ponczdental.hu\/","name":"Poncz Dental fog\u00e1szati rendel\u0151 \u00e9s prec\u00edzi\u00f3s sz\u00e1jseb\u00e9szet.","description":"","publisher":{"@id":"https:\/\/ponczdental.hu\/#organization"},"potentialAction":[{"@type":"SearchAction","target":{"@type":"EntryPoint","urlTemplate":"https:\/\/ponczdental.hu\/?s={search_term_string}"},"query-input":{"@type":"PropertyValueSpecification","valueRequired":true,"valueName":"search_term_string"}}],"inLanguage":"en-US"},{"@type":"Organization","@id":"https:\/\/ponczdental.hu\/#organization","name":"Poncz Dental","url":"https:\/\/ponczdental.hu\/","logo":{"@type":"ImageObject","inLanguage":"en-US","@id":"https:\/\/ponczdental.hu\/#\/schema\/logo\/image\/","url":"https:\/\/ponczdental.hu\/wp-content\/uploads\/2017\/10\/Poncz-Dental-logo.jpg","contentUrl":"https:\/\/ponczdental.hu\/wp-content\/uploads\/2017\/10\/Poncz-Dental-logo.jpg","width":1181,"height":1654,"caption":"Poncz Dental"},"image":{"@id":"https:\/\/ponczdental.hu\/#\/schema\/logo\/image\/"},"sameAs":["https:\/\/www.facebook.com\/PonczDental\/"]}]}},"_links":{"self":[{"href":"https:\/\/ponczdental.hu\/en\/wp-json\/wp\/v2\/pages\/2426","targetHints":{"allow":["GET"]}}],"collection":[{"href":"https:\/\/ponczdental.hu\/en\/wp-json\/wp\/v2\/pages"}],"about":[{"href":"https:\/\/ponczdental.hu\/en\/wp-json\/wp\/v2\/types\/page"}],"author":[{"embeddable":true,"href":"https:\/\/ponczdental.hu\/en\/wp-json\/wp\/v2\/users\/1"}],"replies":[{"embeddable":true,"href":"https:\/\/ponczdental.hu\/en\/wp-json\/wp\/v2\/comments?post=2426"}],"version-history":[{"count":8,"href":"https:\/\/ponczdental.hu\/en\/wp-json\/wp\/v2\/pages\/2426\/revisions"}],"predecessor-version":[{"id":9422,"href":"https:\/\/ponczdental.hu\/en\/wp-json\/wp\/v2\/pages\/2426\/revisions\/9422"}],"wp:attachment":[{"href":"https:\/\/ponczdental.hu\/en\/wp-json\/wp\/v2\/media?parent=2426"}],"curies":[{"name":"wp","href":"https:\/\/api.w.org\/{rel}","templated":true}]}}