{"id":2391,"date":"2018-09-25T12:23:38","date_gmt":"2018-09-25T12:23:38","guid":{"rendered":"http:\/\/implantdental.hu\/?page_id=2391"},"modified":"2022-12-09T14:59:21","modified_gmt":"2022-12-09T13:59:21","slug":"prosthetic-dentistry","status":"publish","type":"page","link":"https:\/\/ponczdental.hu\/en\/prosthetic-dentistry\/","title":{"rendered":"Prosthetic dentistry"},"content":{"rendered":"<div class=\"wpb-content-wrapper\"><p>[vc_row][vc_column][vc_column_text css=&#8221;.vc_custom_1620930379941{padding-top: 20px !important;padding-bottom: 20px !important;}&#8221;]The most important functions of the teeth are: aesthetics, crumbling of food and sound-formation. Due to the absence of teeth, the chewing capacity diminishes. As the crumbling is inappropriate, this may lead to gastro-intestinal illnesses. It can cause aesthetic problems as well, as an incomplete dentition can distort even the most beautiful smile. As a consequence of long term edentulousness, adjacent teeth may drift, the opposite teeth may protrude from the jaw bone and an overload may appear due to the inadequate distribution of chewing power.<br \/>\nIn our clinic we apply aesthetic prostheses made by the most state-of-the-art technology for the solution of missing teeth.<\/p>\n<h4>Crown<\/h4>\n<p>If a tooth is discoloured, broken, worn or it has too many fillings, we recommend a crown. The crown unifies the structure of the tooth, hence providing long-term solution for these problems.<br \/>\nIn addition to metal prostheses made earlier, today, as a result of the development of dental materials, we prepare metal free prostheses as well. In case of the conventional metal-ceramic restoration, the frame is fabricated for the shape of the grinded tooth. Then this is supplied by a ceramic cover. In case of a metal-free restoration, the core is made of the white zirconium-oxide and it is covered by a porcelain crown.<br \/>\nIn our clinic, adapted to individual needs we prepare porcelain, pressed ceramic, metal-free zircone-ceramic and metal prostheses alike.<\/p>\n<h3><img loading=\"lazy\" decoding=\"async\" class=\"aligncenter wp-image-2053\" src=\"https:\/\/ponczdental.hu\/wp-content\/uploads\/2018\/09\/cirkonkorona_utana-1024x372.jpg\" alt=\"cirkonium fogkorona\" width=\"400\" height=\"146\" srcset=\"https:\/\/ponczdental.hu\/wp-content\/uploads\/2018\/09\/cirkonkorona_utana-1024x372.jpg 1024w, https:\/\/ponczdental.hu\/wp-content\/uploads\/2018\/09\/cirkonkorona_utana-300x109.jpg 300w, https:\/\/ponczdental.hu\/wp-content\/uploads\/2018\/09\/cirkonkorona_utana-768x279.jpg 768w, https:\/\/ponczdental.hu\/wp-content\/uploads\/2018\/09\/cirkonkorona_utana-600x218.jpg 600w, https:\/\/ponczdental.hu\/wp-content\/uploads\/2018\/09\/cirkonkorona_utana.jpg 1512w\" sizes=\"auto, (max-width: 400px) 100vw, 400px\" \/><\/h3>\n<h4>Bridge<\/h4>\n<p>It is a fixed restoration, that involves adjacent teeth. The bridge consists of the bridge itself which bridges over the gap and the supporting abutements. In case of a larger edentulous area we need to involve more teeth as abutements, thus the bridge restoration will be more stable, the distribution of the chewing power will be better, the load of the abutements will reduce.<\/p>\n<h4>Dental implant<\/h4>\n<p>More information:<\/p>\n<p><em><a href=\"https:\/\/ponczdental.hu\/en\/dental-implant\/\" target=\"_blank\" rel=\"noopener\">Dental Implant<\/a><\/em><a href=\"https:\/\/ponczdental.hu\/en\/implant-crown-bridge\/\" target=\"_blank\" rel=\"noopener\"><br \/>\n<em>Replacing one tooth\/ several teeth<\/em><\/a><\/p>\n<p>Dental implants mean a solution for the substitution of missing teeth. In contradiction to the bridge its advantage is, that it does not involve adjacent healthy teeth. In this case an artificial root (the implant) is inserted into the bone, and will be covered with a restoration. Dental implantation can be carried out in case of one missing tooth or a completely edentulous jaw bone as well.<\/p>\n<table align=\"center\">\n<tbody>\n<tr>\n<td style=\"text-align: center;\"><img loading=\"lazy\" decoding=\"async\" class=\"aligncenter wp-image-2393\" src=\"https:\/\/ponczdental.hu\/wp-content\/uploads\/2018\/09\/alpha_bio_implant_web.png\" alt=\"\" width=\"400\" height=\"260\" srcset=\"https:\/\/ponczdental.hu\/wp-content\/uploads\/2018\/09\/alpha_bio_implant_web.png 400w, https:\/\/ponczdental.hu\/wp-content\/uploads\/2018\/09\/alpha_bio_implant_web-300x195.png 300w\" sizes=\"auto, (max-width: 400px) 100vw, 400px\" \/><\/td>\n<td><img loading=\"lazy\" decoding=\"async\" class=\"aligncenter wp-image-2398\" src=\"https:\/\/ponczdental.hu\/wp-content\/uploads\/2018\/09\/alpha_bio_implant_web2.jpg\" alt=\"\" width=\"418\" height=\"260\" srcset=\"https:\/\/ponczdental.hu\/wp-content\/uploads\/2018\/09\/alpha_bio_implant_web2.jpg 768w, https:\/\/ponczdental.hu\/wp-content\/uploads\/2018\/09\/alpha_bio_implant_web2-300x187.jpg 300w, https:\/\/ponczdental.hu\/wp-content\/uploads\/2018\/09\/alpha_bio_implant_web2-600x373.jpg 600w\" sizes=\"auto, (max-width: 418px) 100vw, 418px\" \/><\/td>\n<\/tr>\n<\/tbody>\n<\/table>\n<p>&nbsp;<\/p>\n<h4>Combined restorations<\/h4>\n<p>In case of severe edentulousness, when the remaining teeth are not enough for a fixed prosthesis, we prepare a combined restoration. In this case claps or hidden anchorage tools stabilize the removable prosthesis to the fixed part or to the original teeth. It is comfortable and aesthetic, while it is easy to clean and hygienic.<\/p>\n<h4>Removable restorations, prostheses<\/h4>\n<p>In case of complete edentulousness the chewing capacity and the sound formation can be restored, the damage of the jaw bone can be prevented with a removable denture.<br \/>\nThe parts of the removable prosthesis are the base plate, the artificial gum and the artificial teeth. The fabrication of the base plate and the artificial gum following the impression, play a crucial role in the stability of the restoration. The perfectly fitting prosthesis \u2013 thanks to the vacuum effect between the mucous membrane and the artificial gum \u2013 is stable without any denture-fixing cream. In time, with the change of the jaw bone, the denture might lose. In this case we restore its stability with inlay.<br \/>\nThanks to our modern technical background we prepare the removable restorations, prostheses with the maximum respect of the patients\u2019 individual anatomic conditions. For the functional and aesthetic design we take into account individual demands and remarks.[\/vc_column_text][\/vc_column][\/vc_row]<\/p>\n<\/div>","protected":false},"excerpt":{"rendered":"<p>[vc_row][vc_column][vc_column_text css=&#8221;.vc_custom_1620930379941{padding-top: 20px !important;padding-bottom: 20px !important;}&#8221;]The most important functions of the teeth are: aesthetics, crumbling of food and sound-formation. Due to the absence of teeth, the chewing capacity diminishes. As the crumbling is inappropriate, this may lead to gastro-intestinal illnesses. It can cause aesthetic problems as well, as an incomplete dentition can distort even the [&hellip;]<\/p>\n","protected":false},"author":1,"featured_media":0,"parent":0,"menu_order":0,"comment_status":"closed","ping_status":"closed","template":"","meta":{"footnotes":"","_links_to":"","_links_to_target":""},"class_list":["post-2391","page","type-page","status-publish","hentry"],"yoast_head":"<!-- This site is optimized with the Yoast SEO plugin v26.0 - https:\/\/yoast.com\/wordpress\/plugins\/seo\/ -->\n<title>Prosthetic dentistry - Poncz Dental Budapest<\/title>\n<meta name=\"description\" content=\"Prosthetic dentistry: dental crowns and bridges, dental implants, combined restorations, removable restorations, prostheses\" \/>\n<meta name=\"robots\" content=\"index, follow, max-snippet:-1, max-image-preview:large, max-video-preview:-1\" \/>\n<link rel=\"canonical\" href=\"https:\/\/ponczdental.hu\/en\/prosthetic-dentistry\/\" \/>\n<meta property=\"og:locale\" content=\"en_US\" \/>\n<meta property=\"og:type\" content=\"article\" \/>\n<meta property=\"og:title\" content=\"Prosthetic dentistry - Poncz Dental Budapest\" \/>\n<meta property=\"og:description\" content=\"Prosthetic dentistry: dental crowns and bridges, dental implants, combined restorations, removable restorations, prostheses\" \/>\n<meta property=\"og:url\" content=\"https:\/\/ponczdental.hu\/en\/prosthetic-dentistry\/\" \/>\n<meta property=\"og:site_name\" content=\"Poncz Dental fog\u00e1szati rendel\u0151 \u00e9s prec\u00edzi\u00f3s sz\u00e1jseb\u00e9szet.\" \/>\n<meta property=\"article:publisher\" content=\"https:\/\/www.facebook.com\/PonczDental\/\" \/>\n<meta property=\"article:modified_time\" content=\"2022-12-09T13:59:21+00:00\" \/>\n<meta property=\"og:image\" content=\"https:\/\/ponczdental.hu\/wp-content\/uploads\/2018\/09\/cirkonkorona_utana-1024x372.jpg\" \/>\n<meta name=\"twitter:card\" content=\"summary_large_image\" \/>\n<meta name=\"twitter:label1\" content=\"Est. reading time\" \/>\n\t<meta name=\"twitter:data1\" content=\"4 minutes\" \/>\n<script type=\"application\/ld+json\" class=\"yoast-schema-graph\">{\"@context\":\"https:\/\/schema.org\",\"@graph\":[{\"@type\":\"WebPage\",\"@id\":\"https:\/\/ponczdental.hu\/en\/prosthetic-dentistry\/\",\"url\":\"https:\/\/ponczdental.hu\/en\/prosthetic-dentistry\/\",\"name\":\"Prosthetic dentistry - Poncz Dental Budapest\",\"isPartOf\":{\"@id\":\"https:\/\/ponczdental.hu\/#website\"},\"primaryImageOfPage\":{\"@id\":\"https:\/\/ponczdental.hu\/en\/prosthetic-dentistry\/#primaryimage\"},\"image\":{\"@id\":\"https:\/\/ponczdental.hu\/en\/prosthetic-dentistry\/#primaryimage\"},\"thumbnailUrl\":\"https:\/\/ponczdental.hu\/wp-content\/uploads\/2018\/09\/cirkonkorona_utana-1024x372.jpg\",\"datePublished\":\"2018-09-25T12:23:38+00:00\",\"dateModified\":\"2022-12-09T13:59:21+00:00\",\"description\":\"Prosthetic dentistry: dental crowns and bridges, dental implants, combined restorations, removable restorations, prostheses\",\"breadcrumb\":{\"@id\":\"https:\/\/ponczdental.hu\/en\/prosthetic-dentistry\/#breadcrumb\"},\"inLanguage\":\"en-US\",\"potentialAction\":[{\"@type\":\"ReadAction\",\"target\":[\"https:\/\/ponczdental.hu\/en\/prosthetic-dentistry\/\"]}]},{\"@type\":\"ImageObject\",\"inLanguage\":\"en-US\",\"@id\":\"https:\/\/ponczdental.hu\/en\/prosthetic-dentistry\/#primaryimage\",\"url\":\"https:\/\/ponczdental.hu\/wp-content\/uploads\/2018\/09\/cirkonkorona_utana-1024x372.jpg\",\"contentUrl\":\"https:\/\/ponczdental.hu\/wp-content\/uploads\/2018\/09\/cirkonkorona_utana-1024x372.jpg\"},{\"@type\":\"BreadcrumbList\",\"@id\":\"https:\/\/ponczdental.hu\/en\/prosthetic-dentistry\/#breadcrumb\",\"itemListElement\":[{\"@type\":\"ListItem\",\"position\":1,\"name\":\"Home\",\"item\":\"https:\/\/ponczdental.hu\/en\/\"},{\"@type\":\"ListItem\",\"position\":2,\"name\":\"Prosthetic dentistry\"}]},{\"@type\":\"WebSite\",\"@id\":\"https:\/\/ponczdental.hu\/#website\",\"url\":\"https:\/\/ponczdental.hu\/\",\"name\":\"Poncz Dental fog\u00e1szati rendel\u0151 \u00e9s prec\u00edzi\u00f3s sz\u00e1jseb\u00e9szet.\",\"description\":\"\",\"publisher\":{\"@id\":\"https:\/\/ponczdental.hu\/#organization\"},\"potentialAction\":[{\"@type\":\"SearchAction\",\"target\":{\"@type\":\"EntryPoint\",\"urlTemplate\":\"https:\/\/ponczdental.hu\/?s={search_term_string}\"},\"query-input\":{\"@type\":\"PropertyValueSpecification\",\"valueRequired\":true,\"valueName\":\"search_term_string\"}}],\"inLanguage\":\"en-US\"},{\"@type\":\"Organization\",\"@id\":\"https:\/\/ponczdental.hu\/#organization\",\"name\":\"Poncz Dental\",\"url\":\"https:\/\/ponczdental.hu\/\",\"logo\":{\"@type\":\"ImageObject\",\"inLanguage\":\"en-US\",\"@id\":\"https:\/\/ponczdental.hu\/#\/schema\/logo\/image\/\",\"url\":\"https:\/\/ponczdental.hu\/wp-content\/uploads\/2017\/10\/Poncz-Dental-logo.jpg\",\"contentUrl\":\"https:\/\/ponczdental.hu\/wp-content\/uploads\/2017\/10\/Poncz-Dental-logo.jpg\",\"width\":1181,\"height\":1654,\"caption\":\"Poncz Dental\"},\"image\":{\"@id\":\"https:\/\/ponczdental.hu\/#\/schema\/logo\/image\/\"},\"sameAs\":[\"https:\/\/www.facebook.com\/PonczDental\/\"]}]}<\/script>\n<!-- \/ Yoast SEO plugin. -->","yoast_head_json":{"title":"Prosthetic dentistry - Poncz Dental Budapest","description":"Prosthetic dentistry: dental crowns and bridges, dental implants, combined restorations, removable restorations, prostheses","robots":{"index":"index","follow":"follow","max-snippet":"max-snippet:-1","max-image-preview":"max-image-preview:large","max-video-preview":"max-video-preview:-1"},"canonical":"https:\/\/ponczdental.hu\/en\/prosthetic-dentistry\/","og_locale":"en_US","og_type":"article","og_title":"Prosthetic dentistry - Poncz Dental Budapest","og_description":"Prosthetic dentistry: dental crowns and bridges, dental implants, combined restorations, removable restorations, prostheses","og_url":"https:\/\/ponczdental.hu\/en\/prosthetic-dentistry\/","og_site_name":"Poncz Dental fog\u00e1szati rendel\u0151 \u00e9s prec\u00edzi\u00f3s sz\u00e1jseb\u00e9szet.","article_publisher":"https:\/\/www.facebook.com\/PonczDental\/","article_modified_time":"2022-12-09T13:59:21+00:00","og_image":[{"url":"https:\/\/ponczdental.hu\/wp-content\/uploads\/2018\/09\/cirkonkorona_utana-1024x372.jpg","type":"","width":"","height":""}],"twitter_card":"summary_large_image","twitter_misc":{"Est. reading time":"4 minutes"},"schema":{"@context":"https:\/\/schema.org","@graph":[{"@type":"WebPage","@id":"https:\/\/ponczdental.hu\/en\/prosthetic-dentistry\/","url":"https:\/\/ponczdental.hu\/en\/prosthetic-dentistry\/","name":"Prosthetic dentistry - Poncz Dental Budapest","isPartOf":{"@id":"https:\/\/ponczdental.hu\/#website"},"primaryImageOfPage":{"@id":"https:\/\/ponczdental.hu\/en\/prosthetic-dentistry\/#primaryimage"},"image":{"@id":"https:\/\/ponczdental.hu\/en\/prosthetic-dentistry\/#primaryimage"},"thumbnailUrl":"https:\/\/ponczdental.hu\/wp-content\/uploads\/2018\/09\/cirkonkorona_utana-1024x372.jpg","datePublished":"2018-09-25T12:23:38+00:00","dateModified":"2022-12-09T13:59:21+00:00","description":"Prosthetic dentistry: dental crowns and bridges, dental implants, combined restorations, removable restorations, prostheses","breadcrumb":{"@id":"https:\/\/ponczdental.hu\/en\/prosthetic-dentistry\/#breadcrumb"},"inLanguage":"en-US","potentialAction":[{"@type":"ReadAction","target":["https:\/\/ponczdental.hu\/en\/prosthetic-dentistry\/"]}]},{"@type":"ImageObject","inLanguage":"en-US","@id":"https:\/\/ponczdental.hu\/en\/prosthetic-dentistry\/#primaryimage","url":"https:\/\/ponczdental.hu\/wp-content\/uploads\/2018\/09\/cirkonkorona_utana-1024x372.jpg","contentUrl":"https:\/\/ponczdental.hu\/wp-content\/uploads\/2018\/09\/cirkonkorona_utana-1024x372.jpg"},{"@type":"BreadcrumbList","@id":"https:\/\/ponczdental.hu\/en\/prosthetic-dentistry\/#breadcrumb","itemListElement":[{"@type":"ListItem","position":1,"name":"Home","item":"https:\/\/ponczdental.hu\/en\/"},{"@type":"ListItem","position":2,"name":"Prosthetic dentistry"}]},{"@type":"WebSite","@id":"https:\/\/ponczdental.hu\/#website","url":"https:\/\/ponczdental.hu\/","name":"Poncz Dental fog\u00e1szati rendel\u0151 \u00e9s prec\u00edzi\u00f3s sz\u00e1jseb\u00e9szet.","description":"","publisher":{"@id":"https:\/\/ponczdental.hu\/#organization"},"potentialAction":[{"@type":"SearchAction","target":{"@type":"EntryPoint","urlTemplate":"https:\/\/ponczdental.hu\/?s={search_term_string}"},"query-input":{"@type":"PropertyValueSpecification","valueRequired":true,"valueName":"search_term_string"}}],"inLanguage":"en-US"},{"@type":"Organization","@id":"https:\/\/ponczdental.hu\/#organization","name":"Poncz Dental","url":"https:\/\/ponczdental.hu\/","logo":{"@type":"ImageObject","inLanguage":"en-US","@id":"https:\/\/ponczdental.hu\/#\/schema\/logo\/image\/","url":"https:\/\/ponczdental.hu\/wp-content\/uploads\/2017\/10\/Poncz-Dental-logo.jpg","contentUrl":"https:\/\/ponczdental.hu\/wp-content\/uploads\/2017\/10\/Poncz-Dental-logo.jpg","width":1181,"height":1654,"caption":"Poncz Dental"},"image":{"@id":"https:\/\/ponczdental.hu\/#\/schema\/logo\/image\/"},"sameAs":["https:\/\/www.facebook.com\/PonczDental\/"]}]}},"_links":{"self":[{"href":"https:\/\/ponczdental.hu\/en\/wp-json\/wp\/v2\/pages\/2391","targetHints":{"allow":["GET"]}}],"collection":[{"href":"https:\/\/ponczdental.hu\/en\/wp-json\/wp\/v2\/pages"}],"about":[{"href":"https:\/\/ponczdental.hu\/en\/wp-json\/wp\/v2\/types\/page"}],"author":[{"embeddable":true,"href":"https:\/\/ponczdental.hu\/en\/wp-json\/wp\/v2\/users\/1"}],"replies":[{"embeddable":true,"href":"https:\/\/ponczdental.hu\/en\/wp-json\/wp\/v2\/comments?post=2391"}],"version-history":[{"count":10,"href":"https:\/\/ponczdental.hu\/en\/wp-json\/wp\/v2\/pages\/2391\/revisions"}],"predecessor-version":[{"id":9427,"href":"https:\/\/ponczdental.hu\/en\/wp-json\/wp\/v2\/pages\/2391\/revisions\/9427"}],"wp:attachment":[{"href":"https:\/\/ponczdental.hu\/en\/wp-json\/wp\/v2\/media?parent=2391"}],"curies":[{"name":"wp","href":"https:\/\/api.w.org\/{rel}","templated":true}]}}