{"id":2307,"date":"2018-09-24T13:00:34","date_gmt":"2018-09-24T13:00:34","guid":{"rendered":"http:\/\/implantdental.hu\/?page_id=2307"},"modified":"2022-12-09T13:59:34","modified_gmt":"2022-12-09T12:59:34","slug":"book-an-appointment","status":"publish","type":"page","link":"https:\/\/ponczdental.hu\/en\/book-an-appointment\/","title":{"rendered":"Book an Appointment"},"content":{"rendered":"<div class=\"wpb-content-wrapper\"><p>[vc_row][vc_column css=&#8221;.vc_custom_1542657830423{padding-top: 20px !important;}&#8221;]\n<div class=\"wpcf7 no-js\" id=\"wpcf7-f2304-o1\" lang=\"hu-HU\" dir=\"ltr\" data-wpcf7-id=\"2304\">\n<div class=\"screen-reader-response\"><p role=\"status\" aria-live=\"polite\" aria-atomic=\"true\"><\/p> <ul><\/ul><\/div>\n<form action=\"\/en\/wp-json\/wp\/v2\/pages\/2307#wpcf7-f2304-o1\" method=\"post\" class=\"wpcf7-form init\" aria-label=\"Kapcsolatfelv\u00e9teli \u0171rlap\" enctype=\"multipart\/form-data\" novalidate=\"novalidate\" data-status=\"init\">\n<fieldset class=\"hidden-fields-container\"><input type=\"hidden\" name=\"_wpcf7\" value=\"2304\" \/><input type=\"hidden\" name=\"_wpcf7_version\" value=\"6.1.2\" \/><input type=\"hidden\" name=\"_wpcf7_locale\" value=\"hu_HU\" \/><input type=\"hidden\" name=\"_wpcf7_unit_tag\" value=\"wpcf7-f2304-o1\" \/><input type=\"hidden\" name=\"_wpcf7_container_post\" value=\"0\" \/><input type=\"hidden\" name=\"_wpcf7_posted_data_hash\" value=\"\" \/>\n<\/fieldset>\n<p><label> <b>Name<\/b>\n\t\t<font color=\"#E5401F\">*\n\t\t<\/font><br \/>\n<span class=\"wpcf7-form-control-wrap\" data-name=\"your-name\"><input size=\"40\" maxlength=\"400\" class=\"wpcf7-form-control wpcf7-text wpcf7-validates-as-required\" aria-required=\"true\" aria-invalid=\"false\" value=\"\" type=\"text\" name=\"your-name\" \/><\/span> <\/label>\n<\/p>\n<p><label> <b>Email\n\t\t\t<font color=\"#E5401F\">*\n\t\t\t<\/font><\/b><br \/>\n<span class=\"wpcf7-form-control-wrap\" data-name=\"your-email\"><input size=\"40\" maxlength=\"400\" class=\"wpcf7-form-control wpcf7-email wpcf7-validates-as-required wpcf7-text wpcf7-validates-as-email\" aria-required=\"true\" aria-invalid=\"false\" value=\"\" type=\"email\" name=\"your-email\" \/><\/span> <\/label>\n<\/p>\n<p><label> <b>Phone\n\t\t\t<font color=\"#E5401F\">*\n\t\t\t<\/font><\/b><br \/>\n<span class=\"wpcf7-form-control-wrap\" data-name=\"tel\"><input size=\"40\" maxlength=\"400\" class=\"wpcf7-form-control wpcf7-tel wpcf7-validates-as-required wpcf7-text wpcf7-validates-as-tel\" aria-required=\"true\" aria-invalid=\"false\" value=\"\" type=\"tel\" name=\"tel\" \/><\/span> <\/label>\n<\/p>\n<p><b>Dental Clinic\n\t\t<font color=\"#E5401F\">*\n\t\t<\/font>:<\/b>\n<\/p>\n<p><span class=\"wpcf7-form-control-wrap\" data-name=\"your-recipient\"><span class=\"wpcf7-form-control wpcf7-radio\"><span class=\"wpcf7-list-item first\"><input type=\"radio\" name=\"your-recipient\" value=\"Budapest\" \/><span class=\"wpcf7-list-item-label\">Budapest<\/span><\/span><span class=\"wpcf7-list-item last\"><input type=\"radio\" name=\"your-recipient\" value=\"Monor\" \/><span class=\"wpcf7-list-item-label\">Monor<\/span><\/span><\/span><\/span>\n<\/p>\n<p><b>Are you a returning Patient?<\/b>\n<\/p>\n<p><span class=\"wpcf7-form-control-wrap\" data-name=\"paciens\"><span class=\"wpcf7-form-control wpcf7-checkbox\"><span class=\"wpcf7-list-item first\"><input type=\"checkbox\" name=\"paciens[]\" value=\"Yes\" \/><span class=\"wpcf7-list-item-label\">Yes<\/span><\/span><span class=\"wpcf7-list-item last\"><input type=\"checkbox\" name=\"paciens[]\" value=\"No\" \/><span class=\"wpcf7-list-item-label\">No<\/span><\/span><\/span><\/span>\n<\/p>\n<p><b>What days of the week would suit you?<\/b>\n<\/p>\n<p><span class=\"wpcf7-form-control-wrap\" data-name=\"nap\"><span class=\"wpcf7-form-control wpcf7-checkbox\"><span class=\"wpcf7-list-item first\"><label><input type=\"checkbox\" name=\"nap[]\" value=\"Any day\" \/><span class=\"wpcf7-list-item-label\">Any day<\/span><\/label><\/span><span class=\"wpcf7-list-item\"><label><input type=\"checkbox\" name=\"nap[]\" value=\"Monday\" \/><span class=\"wpcf7-list-item-label\">Monday<\/span><\/label><\/span><span class=\"wpcf7-list-item\"><label><input type=\"checkbox\" name=\"nap[]\" value=\"Tuesday\" \/><span class=\"wpcf7-list-item-label\">Tuesday<\/span><\/label><\/span><span class=\"wpcf7-list-item\"><label><input type=\"checkbox\" name=\"nap[]\" value=\"Wednesday\" \/><span class=\"wpcf7-list-item-label\">Wednesday<\/span><\/label><\/span><span class=\"wpcf7-list-item\"><label><input type=\"checkbox\" name=\"nap[]\" value=\"Thursday\" \/><span class=\"wpcf7-list-item-label\">Thursday<\/span><\/label><\/span><span class=\"wpcf7-list-item last\"><label><input type=\"checkbox\" name=\"nap[]\" value=\"Friday\" \/><span class=\"wpcf7-list-item-label\">Friday<\/span><\/label><\/span><\/span><\/span>\n<\/p>\n<p><b>What time of day can be ideal for you?<\/b>\n<\/p>\n<p><span class=\"wpcf7-form-control-wrap\" data-name=\"napszak\"><span class=\"wpcf7-form-control wpcf7-checkbox\"><span class=\"wpcf7-list-item first\"><label><input type=\"checkbox\" name=\"napszak[]\" value=\"Whenever\" \/><span class=\"wpcf7-list-item-label\">Whenever<\/span><\/label><\/span><span class=\"wpcf7-list-item\"><label><input type=\"checkbox\" name=\"napszak[]\" value=\"Morning\" \/><span class=\"wpcf7-list-item-label\">Morning<\/span><\/label><\/span><span class=\"wpcf7-list-item\"><label><input type=\"checkbox\" name=\"napszak[]\" value=\"Around noon\" \/><span class=\"wpcf7-list-item-label\">Around noon<\/span><\/label><\/span><span class=\"wpcf7-list-item\"><label><input type=\"checkbox\" name=\"napszak[]\" value=\"Afternoon\" \/><span class=\"wpcf7-list-item-label\">Afternoon<\/span><\/label><\/span><span class=\"wpcf7-list-item last\"><label><input type=\"checkbox\" name=\"napszak[]\" value=\"Evening\" \/><span class=\"wpcf7-list-item-label\">Evening<\/span><\/label><\/span><\/span><\/span>\n<\/p>\n<p><label> <b>Please write down your dental complaint briefly:\n\t\t\t<font color=\"#E5401F\">*\n\t\t\t<\/font><\/b><br \/>\n<span class=\"wpcf7-form-control-wrap\" data-name=\"message\"><textarea cols=\"40\" rows=\"10\" maxlength=\"2000\" class=\"wpcf7-form-control wpcf7-textarea wpcf7-validates-as-required\" aria-required=\"true\" aria-invalid=\"false\" name=\"message\"><\/textarea><\/span> <\/label>\n<\/p>\n<p><b>Sign up for newsletter\n\t\t<font color=\"#E5401F\">*\n\t\t<\/font><\/b>\n<\/p>\n<p><span class=\"wpcf7-form-control-wrap\" data-name=\"hirlevel\"><span class=\"wpcf7-form-control wpcf7-checkbox wpcf7-validates-as-required wpcf7-exclusive-checkbox\"><span class=\"wpcf7-list-item first\"><input type=\"checkbox\" name=\"hirlevel\" value=\"Yes\" \/><span class=\"wpcf7-list-item-label\">Yes<\/span><\/span><span class=\"wpcf7-list-item last\"><input type=\"checkbox\" name=\"hirlevel\" value=\"No\" \/><span class=\"wpcf7-list-item-label\">No<\/span><\/span><\/span><\/span>\n<\/p>\n<p><span id=\"wpcf7-6a058fea6d3d5-wrapper\" class=\"wpcf7-form-control-wrap honeypot-919-wrap\" style=\"display:none !important; visibility:hidden !important;\"><label for=\"wpcf7-6a058fea6d3d5-field\" class=\"hp-message\">Please leave this field empty.<\/label><input id=\"wpcf7-6a058fea6d3d5-field\"  class=\"wpcf7-form-control wpcf7-text\" type=\"text\" name=\"honeypot-919\" value=\"\" size=\"40\" tabindex=\"-1\" autocomplete=\"new-password\" \/><\/span>\n<\/p>\n<font color=\"#35a7e8\">\n\t<p><i>Document upload:<\/i>\n\t<\/p>\n<\/font>\n<p><label>Document attachment 1 (option: jpg, jpeg, bmp or pdf, max. 2mb)<br \/>\n<span class=\"wpcf7-form-control-wrap\" data-name=\"file-574\"><input size=\"40\" class=\"wpcf7-form-control wpcf7-file\" accept=\".jpg,.jpeg,.bmp,.pdf\" aria-invalid=\"false\" type=\"file\" name=\"file-574\" \/><\/span> <\/label>\n<\/p>\n<p><label>Document attachment 2 (option: jpg, jpeg, bmp or pdf, max. 2mb)<br \/>\n<span class=\"wpcf7-form-control-wrap\" data-name=\"file-853\"><input size=\"40\" class=\"wpcf7-form-control wpcf7-file\" accept=\".jpg,.jpeg,.bmp,.pdf\" aria-invalid=\"false\" type=\"file\" name=\"file-853\" \/><\/span> <\/label>\n<\/p>\n<p><b> By submitting this form, I agree that Poncz Dental will handle my information until my consent is withdrawn. I agree the terms of <a href=\"https:\/\/ponczdental.hu\/en\/privacy-policy\/\" target=\"_blank\">Privacy Policy <\/a><\/b><b>\n\t\t<font color=\"#E5401F\">*\n\t\t<\/font><\/b><span class=\"wpcf7-form-control-wrap\" data-name=\"acceptance-851\"><span class=\"wpcf7-form-control wpcf7-acceptance\"><span class=\"wpcf7-list-item\"><input type=\"checkbox\" name=\"acceptance-851\" value=\"1\" aria-invalid=\"false\" \/><\/span><\/span><\/span>\n<\/p>\n<p>You can cancel your contribution at any time by sending an e-mail to info@ponczdntal.hu. If you subscribe to our newsletter, you can simply unsubscribe at any time. <i>Newsletter unsubscription: <a href=\"mailto: info@ponczdental.hu\">info@ponczdental.hu<\/a><\/i>\n<\/p>\n<p>Poncz Dental treats the information as confidential and does not disclose to third parties. <i>More information: <a href=\"https:\/\/ponczdental.hu\/en\/privacy-policy\/\" target=\"_blank\">Privacy Policy<\/a><\/i>\n<\/p>\n<font color=\"#E5401F\">* Required field\n<\/font>\n<p><input class=\"wpcf7-form-control wpcf7-submit has-spinner\" type=\"submit\" value=\"Submit\" \/>\n<\/p><div class=\"wpcf7-response-output\" aria-hidden=\"true\"><\/div>\n<\/form>\n<\/div>\n[\/vc_column][\/vc_row]<\/p>\n<\/div>","protected":false},"excerpt":{"rendered":"<p>[vc_row][vc_column css=&#8221;.vc_custom_1542657830423{padding-top: 20px !important;}&#8221;][\/vc_column][\/vc_row]<\/p>\n","protected":false},"author":1,"featured_media":0,"parent":0,"menu_order":0,"comment_status":"closed","ping_status":"closed","template":"","meta":{"footnotes":"","_links_to":"","_links_to_target":""},"class_list":["post-2307","page","type-page","status-publish","hentry"],"yoast_head":"<!-- This site is optimized with the Yoast SEO plugin v26.0 - https:\/\/yoast.com\/wordpress\/plugins\/seo\/ -->\n<title>Book an Appointment - Poncz Dental Budapest<\/title>\n<meta name=\"description\" content=\"Our prepared, dedicated, ambitious and enthusiastic professional dentists and assistants are welcome our Patients. Book an appointment!\" \/>\n<meta name=\"robots\" content=\"index, follow, max-snippet:-1, max-image-preview:large, max-video-preview:-1\" \/>\n<link rel=\"canonical\" href=\"https:\/\/ponczdental.hu\/en\/book-an-appointment\/\" \/>\n<meta property=\"og:locale\" content=\"en_US\" \/>\n<meta property=\"og:type\" content=\"article\" \/>\n<meta property=\"og:title\" content=\"Book an Appointment - Poncz Dental Budapest\" \/>\n<meta property=\"og:description\" content=\"Our prepared, dedicated, ambitious and enthusiastic professional dentists and assistants are welcome our Patients. Book an appointment!\" \/>\n<meta property=\"og:url\" content=\"https:\/\/ponczdental.hu\/en\/book-an-appointment\/\" \/>\n<meta property=\"og:site_name\" content=\"Poncz Dental fog\u00e1szati rendel\u0151 \u00e9s prec\u00edzi\u00f3s sz\u00e1jseb\u00e9szet.\" \/>\n<meta property=\"article:publisher\" content=\"https:\/\/www.facebook.com\/PonczDental\/\" \/>\n<meta property=\"article:modified_time\" content=\"2022-12-09T12:59:34+00:00\" \/>\n<meta name=\"twitter:card\" content=\"summary_large_image\" \/>\n<meta name=\"twitter:label1\" content=\"Est. reading time\" \/>\n\t<meta name=\"twitter:data1\" content=\"1 minute\" \/>\n<script type=\"application\/ld+json\" class=\"yoast-schema-graph\">{\"@context\":\"https:\/\/schema.org\",\"@graph\":[{\"@type\":\"WebPage\",\"@id\":\"https:\/\/ponczdental.hu\/en\/book-an-appointment\/\",\"url\":\"https:\/\/ponczdental.hu\/en\/book-an-appointment\/\",\"name\":\"Book an Appointment - Poncz Dental Budapest\",\"isPartOf\":{\"@id\":\"https:\/\/ponczdental.hu\/#website\"},\"datePublished\":\"2018-09-24T13:00:34+00:00\",\"dateModified\":\"2022-12-09T12:59:34+00:00\",\"description\":\"Our prepared, dedicated, ambitious and enthusiastic professional dentists and assistants are welcome our Patients. Book an appointment!\",\"breadcrumb\":{\"@id\":\"https:\/\/ponczdental.hu\/en\/book-an-appointment\/#breadcrumb\"},\"inLanguage\":\"en-US\",\"potentialAction\":[{\"@type\":\"ReadAction\",\"target\":[\"https:\/\/ponczdental.hu\/en\/book-an-appointment\/\"]}]},{\"@type\":\"BreadcrumbList\",\"@id\":\"https:\/\/ponczdental.hu\/en\/book-an-appointment\/#breadcrumb\",\"itemListElement\":[{\"@type\":\"ListItem\",\"position\":1,\"name\":\"Home\",\"item\":\"https:\/\/ponczdental.hu\/en\/\"},{\"@type\":\"ListItem\",\"position\":2,\"name\":\"Book an Appointment\"}]},{\"@type\":\"WebSite\",\"@id\":\"https:\/\/ponczdental.hu\/#website\",\"url\":\"https:\/\/ponczdental.hu\/\",\"name\":\"Poncz Dental fog\u00e1szati rendel\u0151 \u00e9s prec\u00edzi\u00f3s sz\u00e1jseb\u00e9szet.\",\"description\":\"\",\"publisher\":{\"@id\":\"https:\/\/ponczdental.hu\/#organization\"},\"potentialAction\":[{\"@type\":\"SearchAction\",\"target\":{\"@type\":\"EntryPoint\",\"urlTemplate\":\"https:\/\/ponczdental.hu\/?s={search_term_string}\"},\"query-input\":{\"@type\":\"PropertyValueSpecification\",\"valueRequired\":true,\"valueName\":\"search_term_string\"}}],\"inLanguage\":\"en-US\"},{\"@type\":\"Organization\",\"@id\":\"https:\/\/ponczdental.hu\/#organization\",\"name\":\"Poncz Dental\",\"url\":\"https:\/\/ponczdental.hu\/\",\"logo\":{\"@type\":\"ImageObject\",\"inLanguage\":\"en-US\",\"@id\":\"https:\/\/ponczdental.hu\/#\/schema\/logo\/image\/\",\"url\":\"https:\/\/ponczdental.hu\/wp-content\/uploads\/2017\/10\/Poncz-Dental-logo.jpg\",\"contentUrl\":\"https:\/\/ponczdental.hu\/wp-content\/uploads\/2017\/10\/Poncz-Dental-logo.jpg\",\"width\":1181,\"height\":1654,\"caption\":\"Poncz Dental\"},\"image\":{\"@id\":\"https:\/\/ponczdental.hu\/#\/schema\/logo\/image\/\"},\"sameAs\":[\"https:\/\/www.facebook.com\/PonczDental\/\"]}]}<\/script>\n<!-- \/ Yoast SEO plugin. -->","yoast_head_json":{"title":"Book an Appointment - Poncz Dental Budapest","description":"Our prepared, dedicated, ambitious and enthusiastic professional dentists and assistants are welcome our Patients. Book an appointment!","robots":{"index":"index","follow":"follow","max-snippet":"max-snippet:-1","max-image-preview":"max-image-preview:large","max-video-preview":"max-video-preview:-1"},"canonical":"https:\/\/ponczdental.hu\/en\/book-an-appointment\/","og_locale":"en_US","og_type":"article","og_title":"Book an Appointment - Poncz Dental Budapest","og_description":"Our prepared, dedicated, ambitious and enthusiastic professional dentists and assistants are welcome our Patients. Book an appointment!","og_url":"https:\/\/ponczdental.hu\/en\/book-an-appointment\/","og_site_name":"Poncz Dental fog\u00e1szati rendel\u0151 \u00e9s prec\u00edzi\u00f3s sz\u00e1jseb\u00e9szet.","article_publisher":"https:\/\/www.facebook.com\/PonczDental\/","article_modified_time":"2022-12-09T12:59:34+00:00","twitter_card":"summary_large_image","twitter_misc":{"Est. reading time":"1 minute"},"schema":{"@context":"https:\/\/schema.org","@graph":[{"@type":"WebPage","@id":"https:\/\/ponczdental.hu\/en\/book-an-appointment\/","url":"https:\/\/ponczdental.hu\/en\/book-an-appointment\/","name":"Book an Appointment - Poncz Dental Budapest","isPartOf":{"@id":"https:\/\/ponczdental.hu\/#website"},"datePublished":"2018-09-24T13:00:34+00:00","dateModified":"2022-12-09T12:59:34+00:00","description":"Our prepared, dedicated, ambitious and enthusiastic professional dentists and assistants are welcome our Patients. Book an appointment!","breadcrumb":{"@id":"https:\/\/ponczdental.hu\/en\/book-an-appointment\/#breadcrumb"},"inLanguage":"en-US","potentialAction":[{"@type":"ReadAction","target":["https:\/\/ponczdental.hu\/en\/book-an-appointment\/"]}]},{"@type":"BreadcrumbList","@id":"https:\/\/ponczdental.hu\/en\/book-an-appointment\/#breadcrumb","itemListElement":[{"@type":"ListItem","position":1,"name":"Home","item":"https:\/\/ponczdental.hu\/en\/"},{"@type":"ListItem","position":2,"name":"Book an Appointment"}]},{"@type":"WebSite","@id":"https:\/\/ponczdental.hu\/#website","url":"https:\/\/ponczdental.hu\/","name":"Poncz Dental fog\u00e1szati rendel\u0151 \u00e9s prec\u00edzi\u00f3s sz\u00e1jseb\u00e9szet.","description":"","publisher":{"@id":"https:\/\/ponczdental.hu\/#organization"},"potentialAction":[{"@type":"SearchAction","target":{"@type":"EntryPoint","urlTemplate":"https:\/\/ponczdental.hu\/?s={search_term_string}"},"query-input":{"@type":"PropertyValueSpecification","valueRequired":true,"valueName":"search_term_string"}}],"inLanguage":"en-US"},{"@type":"Organization","@id":"https:\/\/ponczdental.hu\/#organization","name":"Poncz Dental","url":"https:\/\/ponczdental.hu\/","logo":{"@type":"ImageObject","inLanguage":"en-US","@id":"https:\/\/ponczdental.hu\/#\/schema\/logo\/image\/","url":"https:\/\/ponczdental.hu\/wp-content\/uploads\/2017\/10\/Poncz-Dental-logo.jpg","contentUrl":"https:\/\/ponczdental.hu\/wp-content\/uploads\/2017\/10\/Poncz-Dental-logo.jpg","width":1181,"height":1654,"caption":"Poncz Dental"},"image":{"@id":"https:\/\/ponczdental.hu\/#\/schema\/logo\/image\/"},"sameAs":["https:\/\/www.facebook.com\/PonczDental\/"]}]}},"_links":{"self":[{"href":"https:\/\/ponczdental.hu\/en\/wp-json\/wp\/v2\/pages\/2307","targetHints":{"allow":["GET"]}}],"collection":[{"href":"https:\/\/ponczdental.hu\/en\/wp-json\/wp\/v2\/pages"}],"about":[{"href":"https:\/\/ponczdental.hu\/en\/wp-json\/wp\/v2\/types\/page"}],"author":[{"embeddable":true,"href":"https:\/\/ponczdental.hu\/en\/wp-json\/wp\/v2\/users\/1"}],"replies":[{"embeddable":true,"href":"https:\/\/ponczdental.hu\/en\/wp-json\/wp\/v2\/comments?post=2307"}],"version-history":[{"count":3,"href":"https:\/\/ponczdental.hu\/en\/wp-json\/wp\/v2\/pages\/2307\/revisions"}],"predecessor-version":[{"id":2979,"href":"https:\/\/ponczdental.hu\/en\/wp-json\/wp\/v2\/pages\/2307\/revisions\/2979"}],"wp:attachment":[{"href":"https:\/\/ponczdental.hu\/en\/wp-json\/wp\/v2\/media?parent=2307"}],"curies":[{"name":"wp","href":"https:\/\/api.w.org\/{rel}","templated":true}]}}