{"id":2834,"date":"2018-11-17T19:35:14","date_gmt":"2018-11-17T18:35:14","guid":{"rendered":"https:\/\/implantdental.hu\/?page_id=2834"},"modified":"2022-12-09T15:53:37","modified_gmt":"2022-12-09T14:53:37","slug":"all-on-4-behandlungen-nobel-biocare","status":"publish","type":"page","link":"https:\/\/ponczdental.hu\/de\/all-on-4-behandlungen-nobel-biocare\/","title":{"rendered":"All &#8211; on &#8211; 4 &#8211; Nobel Biocare"},"content":{"rendered":"<div class=\"wpb-content-wrapper\"><p>[vc_row][vc_column css=&#8220;.vc_custom_1542458739671{padding-top: 20px !important;}&#8220;][vc_column_text]<br \/>\n<strong>Was ist das All-on-4\u00ae Behandlungskonzept?<\/strong><\/p>\n<div class=\"static_text\">\n<p class=\"Standard\">Bei einem vollst\u00e4ndigen Zahnverlust kann <strong>&#8222;All-on-4&#8220;<\/strong> Implantat-Zahnersatz eine schnelle, kosteng\u00fcnstige und langfristige L\u00f6sung bieten.<\/p>\n<p>&nbsp;<\/p>\n<p class=\"Standard\"><strong>F\u00fcr wen empfehlen wir?<\/strong><\/p>\n<ul>\n<li class=\"Standard\">F\u00fcr Patienten, die fehlende Z\u00e4hne haben oder bald alle ihre Z\u00e4hne verlieren<\/li>\n<li class=\"Standard\">F\u00fcr Patienten, bei denen das unzureichende Knochenangebot das Einsetzen der traditioellen Implantate erschwert.<\/li>\n<li class=\"Standard\">F\u00fcr diejenigen, die ihre Kau- und Sprachf\u00e4higkeit und nicht zuletzt ihr Selbstvertrauen innerhalb einer kurzen Zeit zur\u00fcckgewinnen m\u00f6chten.<\/li>\n<\/ul>\n<p><strong><img loading=\"lazy\" decoding=\"async\" class=\"aligncenter wp-image-2027 size-full\" src=\"https:\/\/ponczdental.hu\/wp-content\/uploads\/2018\/09\/all-on-4-fog-implantatum.png\" alt=\"allo-on-4 fogasztai implantatum\" width=\"473\" height=\"518\" srcset=\"https:\/\/ponczdental.hu\/wp-content\/uploads\/2018\/09\/all-on-4-fog-implantatum.png 473w, https:\/\/ponczdental.hu\/wp-content\/uploads\/2018\/09\/all-on-4-fog-implantatum-274x300.png 274w\" sizes=\"auto, (max-width: 473px) 100vw, 473px\" \/>Behandlung<\/strong><\/p>\n<p>W\u00e4hrend einer eint\u00e4gigen Operation kann pro Kiefer vier Implantate eingesetzt werden, die schon sofort belastet werden k\u00f6nnen. Dank der Operationstechnik muss keinen Knochenaufbau durchgef\u00fchrt werden. Der Grund daf\u00fcr ist, dass die zwei hintere Implantate \u2013 f\u00fcr die maximale Ausnutzung des Knochenangebotes \u2013 in 45 Grad in den Kiefer eingesetzt werden<br \/>\nWeil die hintere Implantate \u00fcberwiegend schr\u00e4g sind, deshalb kann man sie auch bei Zahnentfernung sofort einsetzten.<\/p>\n<p>&nbsp;<\/p>\n<p><strong>Zahnersatz<\/strong><\/p>\n<p>1-2 Tage nach der Operation wird eine festsitzende, provisorische Br\u00fccke auf die Implantate gesetzt, sp\u00e4ter kann man als ein endg\u00fcltiges Ergebnis zwischen einem festen oder herausnehmbaren Gebiss w\u00e4hlen.<\/p>\n<p class=\"Standard\"><em><strong>Das fr\u00f6hliche L\u00e4cheln ist n\u00e4her als Sie denken, dank der All-on-4 Behandlung!<\/strong><\/em><\/p>\n<p>&nbsp;<\/p>\n<\/div>\n<p>[\/vc_column_text][vc_video link=&#8220;https:\/\/www.youtube.com\/watch?v=fkGHDbUGhnk&#8220; css=&#8220;.vc_custom_1543873490624{padding-right: 200px !important;padding-bottom: 20px !important;padding-left: 200px !important;}&#8220;][\/vc_column][\/vc_row]<\/p>\n<\/div>","protected":false},"excerpt":{"rendered":"<p>[vc_row][vc_column css=&#8220;.vc_custom_1542458739671{padding-top: 20px !important;}&#8220;][vc_column_text] Was ist das All-on-4\u00ae Behandlungskonzept? Bei einem vollst\u00e4ndigen Zahnverlust kann &#8222;All-on-4&#8220; Implantat-Zahnersatz eine schnelle, kosteng\u00fcnstige und langfristige L\u00f6sung bieten. &nbsp; F\u00fcr wen empfehlen wir? F\u00fcr Patienten, die fehlende Z\u00e4hne haben oder bald alle ihre Z\u00e4hne verlieren F\u00fcr Patienten, bei denen das unzureichende Knochenangebot das Einsetzen der traditioellen Implantate erschwert. F\u00fcr diejenigen, [&hellip;]<\/p>\n","protected":false},"author":1,"featured_media":0,"parent":0,"menu_order":0,"comment_status":"closed","ping_status":"closed","template":"","meta":{"footnotes":"","_links_to":"","_links_to_target":""},"class_list":["post-2834","page","type-page","status-publish","hentry"],"yoast_head":"<!-- This site is optimized with the Yoast SEO plugin v26.0 - https:\/\/yoast.com\/wordpress\/plugins\/seo\/ -->\n<title>All - on - 4 - Nobel Biocare - Poncz Dental Budapest<\/title>\n<meta name=\"description\" content=\"Bei einem vollst\u00e4ndigen Zahnverlust kann \u201eAll-on-4\u201c Implantat-Zahnersatz eine schnelle, kosteng\u00fcnstige und langfristige L\u00f6sung bieten.\" \/>\n<meta name=\"robots\" content=\"index, follow, max-snippet:-1, max-image-preview:large, max-video-preview:-1\" \/>\n<link rel=\"canonical\" href=\"https:\/\/ponczdental.hu\/de\/all-on-4-behandlungen-nobel-biocare\/\" \/>\n<meta property=\"og:locale\" content=\"de_DE\" \/>\n<meta property=\"og:type\" content=\"article\" \/>\n<meta property=\"og:title\" content=\"All - on - 4 - Nobel Biocare - Poncz Dental Budapest\" \/>\n<meta property=\"og:description\" content=\"Bei einem vollst\u00e4ndigen Zahnverlust kann \u201eAll-on-4\u201c Implantat-Zahnersatz eine schnelle, kosteng\u00fcnstige und langfristige L\u00f6sung bieten.\" \/>\n<meta property=\"og:url\" content=\"https:\/\/ponczdental.hu\/de\/all-on-4-behandlungen-nobel-biocare\/\" \/>\n<meta property=\"og:site_name\" content=\"Poncz Dental fog\u00e1szati rendel\u0151 \u00e9s prec\u00edzi\u00f3s sz\u00e1jseb\u00e9szet.\" \/>\n<meta property=\"article:publisher\" content=\"https:\/\/www.facebook.com\/PonczDental\/\" \/>\n<meta property=\"article:modified_time\" content=\"2022-12-09T14:53:37+00:00\" \/>\n<meta property=\"og:image\" content=\"https:\/\/ponczdental.hu\/wp-content\/uploads\/2018\/09\/all-on-4-fog-implantatum.png\" \/>\n<meta name=\"twitter:card\" content=\"summary_large_image\" \/>\n<meta name=\"twitter:label1\" content=\"Gesch\u00e4tzte Lesezeit\" \/>\n\t<meta name=\"twitter:data1\" content=\"2\u00a0Minuten\" \/>\n<script type=\"application\/ld+json\" class=\"yoast-schema-graph\">{\"@context\":\"https:\/\/schema.org\",\"@graph\":[{\"@type\":\"WebPage\",\"@id\":\"https:\/\/ponczdental.hu\/de\/all-on-4-behandlungen-nobel-biocare\/\",\"url\":\"https:\/\/ponczdental.hu\/de\/all-on-4-behandlungen-nobel-biocare\/\",\"name\":\"All - on - 4 - Nobel Biocare - Poncz Dental Budapest\",\"isPartOf\":{\"@id\":\"https:\/\/ponczdental.hu\/#website\"},\"primaryImageOfPage\":{\"@id\":\"https:\/\/ponczdental.hu\/de\/all-on-4-behandlungen-nobel-biocare\/#primaryimage\"},\"image\":{\"@id\":\"https:\/\/ponczdental.hu\/de\/all-on-4-behandlungen-nobel-biocare\/#primaryimage\"},\"thumbnailUrl\":\"https:\/\/ponczdental.hu\/wp-content\/uploads\/2018\/09\/all-on-4-fog-implantatum.png\",\"datePublished\":\"2018-11-17T18:35:14+00:00\",\"dateModified\":\"2022-12-09T14:53:37+00:00\",\"description\":\"Bei einem vollst\u00e4ndigen Zahnverlust kann \u201eAll-on-4\u201c Implantat-Zahnersatz eine schnelle, kosteng\u00fcnstige und langfristige L\u00f6sung bieten.\",\"breadcrumb\":{\"@id\":\"https:\/\/ponczdental.hu\/de\/all-on-4-behandlungen-nobel-biocare\/#breadcrumb\"},\"inLanguage\":\"de\",\"potentialAction\":[{\"@type\":\"ReadAction\",\"target\":[\"https:\/\/ponczdental.hu\/de\/all-on-4-behandlungen-nobel-biocare\/\"]}]},{\"@type\":\"ImageObject\",\"inLanguage\":\"de\",\"@id\":\"https:\/\/ponczdental.hu\/de\/all-on-4-behandlungen-nobel-biocare\/#primaryimage\",\"url\":\"https:\/\/ponczdental.hu\/wp-content\/uploads\/2018\/09\/all-on-4-fog-implantatum.png\",\"contentUrl\":\"https:\/\/ponczdental.hu\/wp-content\/uploads\/2018\/09\/all-on-4-fog-implantatum.png\"},{\"@type\":\"BreadcrumbList\",\"@id\":\"https:\/\/ponczdental.hu\/de\/all-on-4-behandlungen-nobel-biocare\/#breadcrumb\",\"itemListElement\":[{\"@type\":\"ListItem\",\"position\":1,\"name\":\"Home\",\"item\":\"https:\/\/ponczdental.hu\/de\/\"},{\"@type\":\"ListItem\",\"position\":2,\"name\":\"All &#8211; on &#8211; 4 &#8211; Nobel Biocare\"}]},{\"@type\":\"WebSite\",\"@id\":\"https:\/\/ponczdental.hu\/#website\",\"url\":\"https:\/\/ponczdental.hu\/\",\"name\":\"Poncz Dental fog\u00e1szati rendel\u0151 \u00e9s prec\u00edzi\u00f3s sz\u00e1jseb\u00e9szet.\",\"description\":\"\",\"publisher\":{\"@id\":\"https:\/\/ponczdental.hu\/#organization\"},\"potentialAction\":[{\"@type\":\"SearchAction\",\"target\":{\"@type\":\"EntryPoint\",\"urlTemplate\":\"https:\/\/ponczdental.hu\/?s={search_term_string}\"},\"query-input\":{\"@type\":\"PropertyValueSpecification\",\"valueRequired\":true,\"valueName\":\"search_term_string\"}}],\"inLanguage\":\"de\"},{\"@type\":\"Organization\",\"@id\":\"https:\/\/ponczdental.hu\/#organization\",\"name\":\"Poncz Dental\",\"url\":\"https:\/\/ponczdental.hu\/\",\"logo\":{\"@type\":\"ImageObject\",\"inLanguage\":\"de\",\"@id\":\"https:\/\/ponczdental.hu\/#\/schema\/logo\/image\/\",\"url\":\"https:\/\/ponczdental.hu\/wp-content\/uploads\/2017\/10\/Poncz-Dental-logo.jpg\",\"contentUrl\":\"https:\/\/ponczdental.hu\/wp-content\/uploads\/2017\/10\/Poncz-Dental-logo.jpg\",\"width\":1181,\"height\":1654,\"caption\":\"Poncz Dental\"},\"image\":{\"@id\":\"https:\/\/ponczdental.hu\/#\/schema\/logo\/image\/\"},\"sameAs\":[\"https:\/\/www.facebook.com\/PonczDental\/\"]}]}<\/script>\n<!-- \/ Yoast SEO plugin. -->","yoast_head_json":{"title":"All - on - 4 - Nobel Biocare - Poncz Dental Budapest","description":"Bei einem vollst\u00e4ndigen Zahnverlust kann \u201eAll-on-4\u201c Implantat-Zahnersatz eine schnelle, kosteng\u00fcnstige und langfristige L\u00f6sung bieten.","robots":{"index":"index","follow":"follow","max-snippet":"max-snippet:-1","max-image-preview":"max-image-preview:large","max-video-preview":"max-video-preview:-1"},"canonical":"https:\/\/ponczdental.hu\/de\/all-on-4-behandlungen-nobel-biocare\/","og_locale":"de_DE","og_type":"article","og_title":"All - on - 4 - Nobel Biocare - Poncz Dental Budapest","og_description":"Bei einem vollst\u00e4ndigen Zahnverlust kann \u201eAll-on-4\u201c Implantat-Zahnersatz eine schnelle, kosteng\u00fcnstige und langfristige L\u00f6sung bieten.","og_url":"https:\/\/ponczdental.hu\/de\/all-on-4-behandlungen-nobel-biocare\/","og_site_name":"Poncz Dental fog\u00e1szati rendel\u0151 \u00e9s prec\u00edzi\u00f3s sz\u00e1jseb\u00e9szet.","article_publisher":"https:\/\/www.facebook.com\/PonczDental\/","article_modified_time":"2022-12-09T14:53:37+00:00","og_image":[{"url":"https:\/\/ponczdental.hu\/wp-content\/uploads\/2018\/09\/all-on-4-fog-implantatum.png","type":"","width":"","height":""}],"twitter_card":"summary_large_image","twitter_misc":{"Gesch\u00e4tzte Lesezeit":"2\u00a0Minuten"},"schema":{"@context":"https:\/\/schema.org","@graph":[{"@type":"WebPage","@id":"https:\/\/ponczdental.hu\/de\/all-on-4-behandlungen-nobel-biocare\/","url":"https:\/\/ponczdental.hu\/de\/all-on-4-behandlungen-nobel-biocare\/","name":"All - on - 4 - Nobel Biocare - Poncz Dental Budapest","isPartOf":{"@id":"https:\/\/ponczdental.hu\/#website"},"primaryImageOfPage":{"@id":"https:\/\/ponczdental.hu\/de\/all-on-4-behandlungen-nobel-biocare\/#primaryimage"},"image":{"@id":"https:\/\/ponczdental.hu\/de\/all-on-4-behandlungen-nobel-biocare\/#primaryimage"},"thumbnailUrl":"https:\/\/ponczdental.hu\/wp-content\/uploads\/2018\/09\/all-on-4-fog-implantatum.png","datePublished":"2018-11-17T18:35:14+00:00","dateModified":"2022-12-09T14:53:37+00:00","description":"Bei einem vollst\u00e4ndigen Zahnverlust kann \u201eAll-on-4\u201c Implantat-Zahnersatz eine schnelle, kosteng\u00fcnstige und langfristige L\u00f6sung bieten.","breadcrumb":{"@id":"https:\/\/ponczdental.hu\/de\/all-on-4-behandlungen-nobel-biocare\/#breadcrumb"},"inLanguage":"de","potentialAction":[{"@type":"ReadAction","target":["https:\/\/ponczdental.hu\/de\/all-on-4-behandlungen-nobel-biocare\/"]}]},{"@type":"ImageObject","inLanguage":"de","@id":"https:\/\/ponczdental.hu\/de\/all-on-4-behandlungen-nobel-biocare\/#primaryimage","url":"https:\/\/ponczdental.hu\/wp-content\/uploads\/2018\/09\/all-on-4-fog-implantatum.png","contentUrl":"https:\/\/ponczdental.hu\/wp-content\/uploads\/2018\/09\/all-on-4-fog-implantatum.png"},{"@type":"BreadcrumbList","@id":"https:\/\/ponczdental.hu\/de\/all-on-4-behandlungen-nobel-biocare\/#breadcrumb","itemListElement":[{"@type":"ListItem","position":1,"name":"Home","item":"https:\/\/ponczdental.hu\/de\/"},{"@type":"ListItem","position":2,"name":"All &#8211; on &#8211; 4 &#8211; Nobel Biocare"}]},{"@type":"WebSite","@id":"https:\/\/ponczdental.hu\/#website","url":"https:\/\/ponczdental.hu\/","name":"Poncz Dental fog\u00e1szati rendel\u0151 \u00e9s prec\u00edzi\u00f3s sz\u00e1jseb\u00e9szet.","description":"","publisher":{"@id":"https:\/\/ponczdental.hu\/#organization"},"potentialAction":[{"@type":"SearchAction","target":{"@type":"EntryPoint","urlTemplate":"https:\/\/ponczdental.hu\/?s={search_term_string}"},"query-input":{"@type":"PropertyValueSpecification","valueRequired":true,"valueName":"search_term_string"}}],"inLanguage":"de"},{"@type":"Organization","@id":"https:\/\/ponczdental.hu\/#organization","name":"Poncz Dental","url":"https:\/\/ponczdental.hu\/","logo":{"@type":"ImageObject","inLanguage":"de","@id":"https:\/\/ponczdental.hu\/#\/schema\/logo\/image\/","url":"https:\/\/ponczdental.hu\/wp-content\/uploads\/2017\/10\/Poncz-Dental-logo.jpg","contentUrl":"https:\/\/ponczdental.hu\/wp-content\/uploads\/2017\/10\/Poncz-Dental-logo.jpg","width":1181,"height":1654,"caption":"Poncz Dental"},"image":{"@id":"https:\/\/ponczdental.hu\/#\/schema\/logo\/image\/"},"sameAs":["https:\/\/www.facebook.com\/PonczDental\/"]}]}},"_links":{"self":[{"href":"https:\/\/ponczdental.hu\/de\/wp-json\/wp\/v2\/pages\/2834","targetHints":{"allow":["GET"]}}],"collection":[{"href":"https:\/\/ponczdental.hu\/de\/wp-json\/wp\/v2\/pages"}],"about":[{"href":"https:\/\/ponczdental.hu\/de\/wp-json\/wp\/v2\/types\/page"}],"author":[{"embeddable":true,"href":"https:\/\/ponczdental.hu\/de\/wp-json\/wp\/v2\/users\/1"}],"replies":[{"embeddable":true,"href":"https:\/\/ponczdental.hu\/de\/wp-json\/wp\/v2\/comments?post=2834"}],"version-history":[{"count":10,"href":"https:\/\/ponczdental.hu\/de\/wp-json\/wp\/v2\/pages\/2834\/revisions"}],"predecessor-version":[{"id":3159,"href":"https:\/\/ponczdental.hu\/de\/wp-json\/wp\/v2\/pages\/2834\/revisions\/3159"}],"wp:attachment":[{"href":"https:\/\/ponczdental.hu\/de\/wp-json\/wp\/v2\/media?parent=2834"}],"curies":[{"name":"wp","href":"https:\/\/api.w.org\/{rel}","templated":true}]}}