{"id":2502,"date":"2018-09-26T09:25:14","date_gmt":"2018-09-26T09:25:14","guid":{"rendered":"http:\/\/implantdental.hu\/?page_id=2502"},"modified":"2022-12-09T15:56:01","modified_gmt":"2022-12-09T14:56:01","slug":"all-on-4-behandlung","status":"publish","type":"page","link":"https:\/\/ponczdental.hu\/de\/all-on-4-behandlung\/","title":{"rendered":"All &#8211; on &#8211; 4 Behandlung &#8211; Nobel Biocare"},"content":{"rendered":"<div class=\"wpb-content-wrapper\"><p>[vc_row][vc_column][vc_column_text css=&#8220;.vc_custom_1542484103928{padding-top: 20px !important;padding-bottom: 20px !important;}&#8220;]<\/p>\n<div class=\"static_text\">\n<p class=\"Standard\">Bei einem vollst\u00e4ndigen Zahnverlust kann <strong>&#8222;All-on-4&#8220;<\/strong> Implantat-Zahnersatz eine schnelle, kosteng\u00fcnstige und langfristige L\u00f6sung bieten<\/p>\n<h3 class=\"Standard\"><span style=\"color: #3fb6e0;\">F\u00fcr wen empfehlen wir?<\/span><\/h3>\n<ul>\n<li class=\"Standard\">F\u00fcr Patienten, die fehlende Z\u00e4hne haben oder bald alle ihre Z\u00e4hne verlieren<\/li>\n<li class=\"Standard\">F\u00fcr Patienten, bei denen das unzureichende Knochenangebot das Einsetzen der traditioellen Implantate erschwert.<\/li>\n<li class=\"Standard\">F\u00fcr diejenigen, die ihre Kau- und Sprachf\u00e4higkeit und nicht zuletzt ihr Selbstvertrauen innerhalb einer kurzen Zeit zur\u00fcckgewinnen m\u00f6chten.<\/li>\n<\/ul>\n<p>&nbsp;<\/p>\n<h3><span style=\"color: #3fb6e0;\">Behandlung<\/span><\/h3>\n<p>W\u00e4hrend einer eint\u00e4gigen Operation kann pro Kiefer vier Implantate eingesetzt werden, die schon sofort belastet werden k\u00f6nnen. Dank der Operationstechnik muss keinen Knochenaufbau durchgef\u00fchrt werden. Der Grund daf\u00fcr ist, dass die zwei hintere Implantate \u2013 f\u00fcr die maximale Ausnutzung des Knochenangebotes \u2013 in 45 Grad in den Kiefer eingesetzt werden<br \/>\nWeil die hintere Implantate \u00fcberwiegend schr\u00e4g sind, deshalb kann man sie auch bei Zahnentfernung sofort einsetzten.<\/p>\n<p><img loading=\"lazy\" decoding=\"async\" class=\"aligncenter wp-image-2027 size-medium\" src=\"http:\/\/ponczdental.hu\/wp-content\/uploads\/2018\/09\/all-on-4-fog-implantatum-274x300.png\" alt=\"allo-on-4 fogasztai implantatum\" width=\"274\" height=\"300\" srcset=\"https:\/\/ponczdental.hu\/wp-content\/uploads\/2018\/09\/all-on-4-fog-implantatum-274x300.png 274w, https:\/\/ponczdental.hu\/wp-content\/uploads\/2018\/09\/all-on-4-fog-implantatum.png 473w\" sizes=\"auto, (max-width: 274px) 100vw, 274px\" \/><\/p>\n<h3><span style=\"color: #3fb6e0;\">Zahnersatz<\/span><\/h3>\n<p>1-2 Tage nach der Operation wird eine festsitzende, provisorische Br\u00fccke auf die Implantate gesetzt, sp\u00e4ter kann man als ein endg\u00fcltiges Ergebnis zwischen einem festen oder herausnehmbaren Gebiss w\u00e4hlen.<\/p>\n<p><iframe loading=\"lazy\" src=\"\/\/www.youtube.com\/embed\/fkGHDbUGhnk\" width=\"560\" height=\"315\" frameborder=\"0\" allowfullscreen=\"allowfullscreen\"><\/iframe><\/p>\n<p class=\"Standard\"><em><strong>Das fr\u00f6hliche L\u00e4cheln ist n\u00e4her als Sie denken, dank der All-on-4 Behandlung!<\/strong><\/em><\/p>\n<p>&nbsp;<\/p>\n<\/div>\n<p>[\/vc_column_text][\/vc_column][\/vc_row]<\/p>\n<\/div>","protected":false},"excerpt":{"rendered":"<p>[vc_row][vc_column][vc_column_text css=&#8220;.vc_custom_1542484103928{padding-top: 20px !important;padding-bottom: 20px !important;}&#8220;] Bei einem vollst\u00e4ndigen Zahnverlust kann &#8222;All-on-4&#8220; Implantat-Zahnersatz eine schnelle, kosteng\u00fcnstige und langfristige L\u00f6sung bieten F\u00fcr wen empfehlen wir? F\u00fcr Patienten, die fehlende Z\u00e4hne haben oder bald alle ihre Z\u00e4hne verlieren F\u00fcr Patienten, bei denen das unzureichende Knochenangebot das Einsetzen der traditioellen Implantate erschwert. F\u00fcr diejenigen, die ihre Kau- und [&hellip;]<\/p>\n","protected":false},"author":1,"featured_media":0,"parent":0,"menu_order":0,"comment_status":"closed","ping_status":"closed","template":"","meta":{"footnotes":"","_links_to":"","_links_to_target":""},"class_list":["post-2502","page","type-page","status-publish","hentry"],"yoast_head":"<!-- This site is optimized with the Yoast SEO plugin v26.0 - https:\/\/yoast.com\/wordpress\/plugins\/seo\/ -->\n<title>All - on - 4 Behandlung - Nobel Biocare - Poncz Dental Budapest<\/title>\n<meta name=\"description\" content=\"W\u00e4hrend einer eint\u00e4gigen Operation kann pro Kiefer vier Implantate eingesetzt werden, die schon sofort belastet werden k\u00f6nnen.\" \/>\n<meta name=\"robots\" content=\"index, follow, max-snippet:-1, max-image-preview:large, max-video-preview:-1\" \/>\n<link rel=\"canonical\" href=\"https:\/\/ponczdental.hu\/de\/all-on-4-behandlung\/\" \/>\n<meta property=\"og:locale\" content=\"de_DE\" \/>\n<meta property=\"og:type\" content=\"article\" \/>\n<meta property=\"og:title\" content=\"All - on - 4 Behandlung - Nobel Biocare - Poncz Dental Budapest\" \/>\n<meta property=\"og:description\" content=\"W\u00e4hrend einer eint\u00e4gigen Operation kann pro Kiefer vier Implantate eingesetzt werden, die schon sofort belastet werden k\u00f6nnen.\" \/>\n<meta property=\"og:url\" content=\"https:\/\/ponczdental.hu\/de\/all-on-4-behandlung\/\" \/>\n<meta property=\"og:site_name\" content=\"Poncz Dental fog\u00e1szati rendel\u0151 \u00e9s prec\u00edzi\u00f3s sz\u00e1jseb\u00e9szet.\" \/>\n<meta property=\"article:publisher\" content=\"https:\/\/www.facebook.com\/PonczDental\/\" \/>\n<meta property=\"article:modified_time\" content=\"2022-12-09T14:56:01+00:00\" \/>\n<meta property=\"og:image\" content=\"http:\/\/ponczdental.hu\/wp-content\/uploads\/2018\/09\/all-on-4-fog-implantatum-274x300.png\" \/>\n<meta name=\"twitter:card\" content=\"summary_large_image\" \/>\n<meta name=\"twitter:label1\" content=\"Gesch\u00e4tzte Lesezeit\" \/>\n\t<meta name=\"twitter:data1\" content=\"2\u00a0Minuten\" \/>\n<script type=\"application\/ld+json\" class=\"yoast-schema-graph\">{\"@context\":\"https:\/\/schema.org\",\"@graph\":[{\"@type\":\"WebPage\",\"@id\":\"https:\/\/ponczdental.hu\/de\/all-on-4-behandlung\/\",\"url\":\"https:\/\/ponczdental.hu\/de\/all-on-4-behandlung\/\",\"name\":\"All - on - 4 Behandlung - Nobel Biocare - Poncz Dental Budapest\",\"isPartOf\":{\"@id\":\"https:\/\/ponczdental.hu\/#website\"},\"primaryImageOfPage\":{\"@id\":\"https:\/\/ponczdental.hu\/de\/all-on-4-behandlung\/#primaryimage\"},\"image\":{\"@id\":\"https:\/\/ponczdental.hu\/de\/all-on-4-behandlung\/#primaryimage\"},\"thumbnailUrl\":\"http:\/\/ponczdental.hu\/wp-content\/uploads\/2018\/09\/all-on-4-fog-implantatum-274x300.png\",\"datePublished\":\"2018-09-26T09:25:14+00:00\",\"dateModified\":\"2022-12-09T14:56:01+00:00\",\"description\":\"W\u00e4hrend einer eint\u00e4gigen Operation kann pro Kiefer vier Implantate eingesetzt werden, die schon sofort belastet werden k\u00f6nnen.\",\"breadcrumb\":{\"@id\":\"https:\/\/ponczdental.hu\/de\/all-on-4-behandlung\/#breadcrumb\"},\"inLanguage\":\"de\",\"potentialAction\":[{\"@type\":\"ReadAction\",\"target\":[\"https:\/\/ponczdental.hu\/de\/all-on-4-behandlung\/\"]}]},{\"@type\":\"ImageObject\",\"inLanguage\":\"de\",\"@id\":\"https:\/\/ponczdental.hu\/de\/all-on-4-behandlung\/#primaryimage\",\"url\":\"http:\/\/ponczdental.hu\/wp-content\/uploads\/2018\/09\/all-on-4-fog-implantatum-274x300.png\",\"contentUrl\":\"http:\/\/ponczdental.hu\/wp-content\/uploads\/2018\/09\/all-on-4-fog-implantatum-274x300.png\"},{\"@type\":\"BreadcrumbList\",\"@id\":\"https:\/\/ponczdental.hu\/de\/all-on-4-behandlung\/#breadcrumb\",\"itemListElement\":[{\"@type\":\"ListItem\",\"position\":1,\"name\":\"Home\",\"item\":\"https:\/\/ponczdental.hu\/de\/\"},{\"@type\":\"ListItem\",\"position\":2,\"name\":\"All &#8211; on &#8211; 4 Behandlung &#8211; Nobel Biocare\"}]},{\"@type\":\"WebSite\",\"@id\":\"https:\/\/ponczdental.hu\/#website\",\"url\":\"https:\/\/ponczdental.hu\/\",\"name\":\"Poncz Dental fog\u00e1szati rendel\u0151 \u00e9s prec\u00edzi\u00f3s sz\u00e1jseb\u00e9szet.\",\"description\":\"\",\"publisher\":{\"@id\":\"https:\/\/ponczdental.hu\/#organization\"},\"potentialAction\":[{\"@type\":\"SearchAction\",\"target\":{\"@type\":\"EntryPoint\",\"urlTemplate\":\"https:\/\/ponczdental.hu\/?s={search_term_string}\"},\"query-input\":{\"@type\":\"PropertyValueSpecification\",\"valueRequired\":true,\"valueName\":\"search_term_string\"}}],\"inLanguage\":\"de\"},{\"@type\":\"Organization\",\"@id\":\"https:\/\/ponczdental.hu\/#organization\",\"name\":\"Poncz Dental\",\"url\":\"https:\/\/ponczdental.hu\/\",\"logo\":{\"@type\":\"ImageObject\",\"inLanguage\":\"de\",\"@id\":\"https:\/\/ponczdental.hu\/#\/schema\/logo\/image\/\",\"url\":\"https:\/\/ponczdental.hu\/wp-content\/uploads\/2017\/10\/Poncz-Dental-logo.jpg\",\"contentUrl\":\"https:\/\/ponczdental.hu\/wp-content\/uploads\/2017\/10\/Poncz-Dental-logo.jpg\",\"width\":1181,\"height\":1654,\"caption\":\"Poncz Dental\"},\"image\":{\"@id\":\"https:\/\/ponczdental.hu\/#\/schema\/logo\/image\/\"},\"sameAs\":[\"https:\/\/www.facebook.com\/PonczDental\/\"]}]}<\/script>\n<!-- \/ Yoast SEO plugin. -->","yoast_head_json":{"title":"All - on - 4 Behandlung - Nobel Biocare - Poncz Dental Budapest","description":"W\u00e4hrend einer eint\u00e4gigen Operation kann pro Kiefer vier Implantate eingesetzt werden, die schon sofort belastet werden k\u00f6nnen.","robots":{"index":"index","follow":"follow","max-snippet":"max-snippet:-1","max-image-preview":"max-image-preview:large","max-video-preview":"max-video-preview:-1"},"canonical":"https:\/\/ponczdental.hu\/de\/all-on-4-behandlung\/","og_locale":"de_DE","og_type":"article","og_title":"All - on - 4 Behandlung - Nobel Biocare - Poncz Dental Budapest","og_description":"W\u00e4hrend einer eint\u00e4gigen Operation kann pro Kiefer vier Implantate eingesetzt werden, die schon sofort belastet werden k\u00f6nnen.","og_url":"https:\/\/ponczdental.hu\/de\/all-on-4-behandlung\/","og_site_name":"Poncz Dental fog\u00e1szati rendel\u0151 \u00e9s prec\u00edzi\u00f3s sz\u00e1jseb\u00e9szet.","article_publisher":"https:\/\/www.facebook.com\/PonczDental\/","article_modified_time":"2022-12-09T14:56:01+00:00","og_image":[{"url":"http:\/\/ponczdental.hu\/wp-content\/uploads\/2018\/09\/all-on-4-fog-implantatum-274x300.png","type":"","width":"","height":""}],"twitter_card":"summary_large_image","twitter_misc":{"Gesch\u00e4tzte Lesezeit":"2\u00a0Minuten"},"schema":{"@context":"https:\/\/schema.org","@graph":[{"@type":"WebPage","@id":"https:\/\/ponczdental.hu\/de\/all-on-4-behandlung\/","url":"https:\/\/ponczdental.hu\/de\/all-on-4-behandlung\/","name":"All - on - 4 Behandlung - Nobel Biocare - Poncz Dental Budapest","isPartOf":{"@id":"https:\/\/ponczdental.hu\/#website"},"primaryImageOfPage":{"@id":"https:\/\/ponczdental.hu\/de\/all-on-4-behandlung\/#primaryimage"},"image":{"@id":"https:\/\/ponczdental.hu\/de\/all-on-4-behandlung\/#primaryimage"},"thumbnailUrl":"http:\/\/ponczdental.hu\/wp-content\/uploads\/2018\/09\/all-on-4-fog-implantatum-274x300.png","datePublished":"2018-09-26T09:25:14+00:00","dateModified":"2022-12-09T14:56:01+00:00","description":"W\u00e4hrend einer eint\u00e4gigen Operation kann pro Kiefer vier Implantate eingesetzt werden, die schon sofort belastet werden k\u00f6nnen.","breadcrumb":{"@id":"https:\/\/ponczdental.hu\/de\/all-on-4-behandlung\/#breadcrumb"},"inLanguage":"de","potentialAction":[{"@type":"ReadAction","target":["https:\/\/ponczdental.hu\/de\/all-on-4-behandlung\/"]}]},{"@type":"ImageObject","inLanguage":"de","@id":"https:\/\/ponczdental.hu\/de\/all-on-4-behandlung\/#primaryimage","url":"http:\/\/ponczdental.hu\/wp-content\/uploads\/2018\/09\/all-on-4-fog-implantatum-274x300.png","contentUrl":"http:\/\/ponczdental.hu\/wp-content\/uploads\/2018\/09\/all-on-4-fog-implantatum-274x300.png"},{"@type":"BreadcrumbList","@id":"https:\/\/ponczdental.hu\/de\/all-on-4-behandlung\/#breadcrumb","itemListElement":[{"@type":"ListItem","position":1,"name":"Home","item":"https:\/\/ponczdental.hu\/de\/"},{"@type":"ListItem","position":2,"name":"All &#8211; on &#8211; 4 Behandlung &#8211; Nobel Biocare"}]},{"@type":"WebSite","@id":"https:\/\/ponczdental.hu\/#website","url":"https:\/\/ponczdental.hu\/","name":"Poncz Dental fog\u00e1szati rendel\u0151 \u00e9s prec\u00edzi\u00f3s sz\u00e1jseb\u00e9szet.","description":"","publisher":{"@id":"https:\/\/ponczdental.hu\/#organization"},"potentialAction":[{"@type":"SearchAction","target":{"@type":"EntryPoint","urlTemplate":"https:\/\/ponczdental.hu\/?s={search_term_string}"},"query-input":{"@type":"PropertyValueSpecification","valueRequired":true,"valueName":"search_term_string"}}],"inLanguage":"de"},{"@type":"Organization","@id":"https:\/\/ponczdental.hu\/#organization","name":"Poncz Dental","url":"https:\/\/ponczdental.hu\/","logo":{"@type":"ImageObject","inLanguage":"de","@id":"https:\/\/ponczdental.hu\/#\/schema\/logo\/image\/","url":"https:\/\/ponczdental.hu\/wp-content\/uploads\/2017\/10\/Poncz-Dental-logo.jpg","contentUrl":"https:\/\/ponczdental.hu\/wp-content\/uploads\/2017\/10\/Poncz-Dental-logo.jpg","width":1181,"height":1654,"caption":"Poncz Dental"},"image":{"@id":"https:\/\/ponczdental.hu\/#\/schema\/logo\/image\/"},"sameAs":["https:\/\/www.facebook.com\/PonczDental\/"]}]}},"_links":{"self":[{"href":"https:\/\/ponczdental.hu\/de\/wp-json\/wp\/v2\/pages\/2502","targetHints":{"allow":["GET"]}}],"collection":[{"href":"https:\/\/ponczdental.hu\/de\/wp-json\/wp\/v2\/pages"}],"about":[{"href":"https:\/\/ponczdental.hu\/de\/wp-json\/wp\/v2\/types\/page"}],"author":[{"embeddable":true,"href":"https:\/\/ponczdental.hu\/de\/wp-json\/wp\/v2\/users\/1"}],"replies":[{"embeddable":true,"href":"https:\/\/ponczdental.hu\/de\/wp-json\/wp\/v2\/comments?post=2502"}],"version-history":[{"count":5,"href":"https:\/\/ponczdental.hu\/de\/wp-json\/wp\/v2\/pages\/2502\/revisions"}],"predecessor-version":[{"id":2858,"href":"https:\/\/ponczdental.hu\/de\/wp-json\/wp\/v2\/pages\/2502\/revisions\/2858"}],"wp:attachment":[{"href":"https:\/\/ponczdental.hu\/de\/wp-json\/wp\/v2\/media?parent=2502"}],"curies":[{"name":"wp","href":"https:\/\/api.w.org\/{rel}","templated":true}]}}