{"id":2365,"date":"2018-09-25T11:28:50","date_gmt":"2018-09-25T11:28:50","guid":{"rendered":"http:\/\/implantdental.hu\/?page_id=2365"},"modified":"2022-12-09T15:31:21","modified_gmt":"2022-12-09T14:31:21","slug":"oralchirurgische-behandlungen","status":"publish","type":"page","link":"https:\/\/ponczdental.hu\/de\/oralchirurgische-behandlungen\/","title":{"rendered":"Oralchirurgische Behandlungen"},"content":{"rendered":"<div class=\"wpb-content-wrapper\"><p>[vc_row][vc_column][vc_column_text css=&#8220;.vc_custom_1543932713658{padding-top: 20px !important;padding-bottom: 20px !important;}&#8220;]Obwohl das Grundprinzip unserer Praxis die Erhaltung der Z\u00e4hne ist, ist es leider in bestimmten F\u00e4llen nicht mehr m\u00f6glich. Die Behandlung von Z\u00e4hnen, die beim Durchbruch zur\u00fcckgeblieben sind (impaktierten und retinierten Z\u00e4hnen) ben\u00f6tigt haupts\u00e4chlich einen chirurgischen Eingriff. Zahnersatz mit Implantaten ist die beste L\u00f6sung unserer Zeit, wird ebenso im Rahmen eines oralchirurgischen Eingriff durchgef\u00fchrt. Selbstverst\u00e4ndlich betrachten wir die schmerzfreie Behandlung als Grundprinzip unserer Praxis und so garantieren wir, da\u00df Sie w\u00e4hrend der Behandlung keine Unannehmlichkeiten f\u00fchlen werden. Bei der Durchf\u00fchrung von komplizierten Eingriffen ist die klinische Unterst\u00fctzung f\u00fcr unsere Praxis gesichert.<\/p>\n<p>&nbsp;<\/p>\n<p><img loading=\"lazy\" decoding=\"async\" class=\"aligncenter wp-image-1917\" src=\"https:\/\/ponczdental.hu\/wp-content\/uploads\/2018\/09\/PDszajseb-1024x683.jpg\" alt=\"Prec\u00edzi\u00f3s sz\u00e1jseb\u00e9szet\" width=\"600\" height=\"400\" srcset=\"https:\/\/ponczdental.hu\/wp-content\/uploads\/2018\/09\/PDszajseb.jpg 1024w, https:\/\/ponczdental.hu\/wp-content\/uploads\/2018\/09\/PDszajseb-300x200.jpg 300w, https:\/\/ponczdental.hu\/wp-content\/uploads\/2018\/09\/PDszajseb-768x512.jpg 768w, https:\/\/ponczdental.hu\/wp-content\/uploads\/2018\/09\/PDszajseb-600x400.jpg 600w\" sizes=\"auto, (max-width: 600px) 100vw, 600px\" \/><\/p>\n<h4>Implantation<\/h4>\n<p>Implantation ist ein Zahnersatzverfahren, in dem k\u00fcnstliche Zahnwurzeln in den Kieferknochen eingepflanzt werden. Das Einsetzen des Zahnimplantates ist ein in der Praxis in lokaler An\u00e4sthesie durchgef\u00fchrter chierurgischer Routineeingriff. Es hat den Vorteil, dass Implantate bei einem einzigen fehlenden Zahn sogar bis zu dem absolut zahnlosen Kiefer eingesetzt werden k\u00f6nnen. Das Implantat verbessert das Kauen in gro\u00dfem Ma\u00dfe und macht dadurch den Alltag bequemer.<br \/>\n<em><a href=\"https:\/\/ponczdental.hu\/de\/implantatbehandlung\/\" target=\"_blank\" rel=\"noopener\">Weitere Informationen \u00fcber die Implantate<\/a><\/em><\/p>\n<h4>Knochenersatz<\/h4>\n<p>Die modernsten Methoden erm\u00f6glichen, bei ungen\u00fcgendem Knochenbestand Knochenersatzmaterialien erg\u00e4nzend einzusetzen, um das perfekte \u00e4sthetische Ergebnis zu erreichen.Dieses Verfahren ist ein absolut schmerzfreier Routineeingriff, der zu einer langfristigen \u00e4sthetischen L\u00f6sung in gro\u00dfem Ma\u00dfe beitr\u00e4gt.<\/p>\n<h4>Sinuslift<\/h4>\n<p>Wenn nach Verlust der oberen Mahlz\u00e4hne am n\u00f6tigen Knochen zum Einsatz des Implantates im Oberkiefer fehlt, kann mit der chirurgischen Methode Sinuslift den kn\u00f6chernen Boden der Kieferh\u00f6hle verdickt werden. In mehreren F\u00e4llen erm\u00f6glicht die Sinuslift Methode den Einsatz eines Implantates sogar auch in nicht implantierbaren Bereichen.<\/p>\n<h4>Wurzelspitzenresektion<\/h4>\n<p>Es ist ein chirurgischer Routineeingriff, wobei ein Teil der entz\u00fcndeten Wurzelspitze entfernt wird.<\/p>\n<h4>Chirurgischer Eingriff bei verlagerten Z\u00e4hnen und bei der \u00dcberzahl von Z\u00e4hnen<\/h4>\n<p>Es kommt h\u00e4ufig vor, dass bestimmte Z\u00e4hne schwierig oder gar nicht durchbrechen k\u00f6nnen. In diesem Fall ist die chirurgische Entfernung des Zahnes empfohlen, damit die Gesundheit der angrenzenden Z\u00e4hne nicht gef\u00e4hrdet werden.<\/p>\n<h4>Taschenoperation<\/h4>\n<p>Unsere Patienten kommen h\u00e4ufig ohne schmerzhafte Beschwerden zu uns, jedoch finden Sie die erh\u00f6hte Zahnbeweglichkeit f\u00fcr st\u00f6rend. In diesen F\u00e4llen wird nach der Erstellung und Auswertung von R\u00f6ntgenaufnahme mehrmals chronische Zahnbettkrankheit (Knochenverfall) diagnostiziert. Dies wird mit der die Zahnerhaltung erzielenden chirurgischen Taschenbehandlung therapiert.<\/p>\n<h4>Behandlung von Mundschleimhautver\u00e4nderungen<\/h4>\n<p>Bei den Mundh\u00f6hlenerkrankungen geht es relativ h\u00e4ufig um die Erkranung der Mundschleimhaut, meistens die Aphthe. Aphthe kann durch Virusinfektion, Allergie und nervliche Faktoren ausgel\u00f6st werden und ist oft mit der Schw\u00e4che des Immunsystems verkn\u00fcpft. Symptom der Aphte kann die Entz\u00fcndung der Mundschleimhaut sein, wobei in dem entz\u00fcndeten Schleimhautraum kleine wei\u00dfe Bl\u00e4schen erscheinen, was brennende Schmerzen generiert. In der Mundh\u00f6hle entsteht auch Pilzerkrankung (Mundf\u00e4ule) h\u00e4ufig. Mundf\u00e4ule kann eine die Haut und Mundschleimhaut befallene Candida-Infektion ausl\u00f6sen. Die Candida-Pilze sind im K\u00f6rper grunds\u00e4tzlich vorhanden, die sich jedoch bei St\u00f6rung des biologischen Gleichgewichtes vermehren k\u00f6nnen. Ausserdem k\u00f6nnen sie auch infolge einer l\u00e4ngeren Antibiotika-Therapie entstehen. Die Mundf\u00e4ule erscheint in Form von wei\u00dfen Flecken auf der Zunge und in der Mundh\u00f6hle, welche empfindliche, schmerzhafte Symptome generieren. Es kann auch infolge der unzureichenden Pflege des abnehmbaren Zahnersatzes entstehen. Die Munschleimhautver\u00e4nderungen werden mit systematischer oder lokaler medikament\u00f6ser, bzw. bei Bedarf auch mit Laser-Therapie behandelt.<\/p>\n<h4>Behandlung der Probleme im Kiefergelenk<\/h4>\n<p>Laut unseren Erfahrungen kommen die Patienten in unsere Praxis h\u00e4ufig mit solchen Beschwerden, dass sie beim Kauen Schmerzen im Ohren-Bereich haben oder da\u00df die Kiefergelenke knacken. Die Symptome k\u00f6nnen auf zahlreiche Ver\u00e4nderungen zur\u00fcckgef\u00fchrt werden. Erstens wird der Ursprung des Schmerzens lokalisiert, dann mit der geeigneten Therapie wird das Problem behandelt. In diesen Fallen kann Gebissanhebung, Desorientierungsschiene, bzw. Anwendung von Schmerzmitteln zur Heilung f\u00fchren.[\/vc_column_text][\/vc_column][\/vc_row]<\/p>\n<\/div>","protected":false},"excerpt":{"rendered":"<p>[vc_row][vc_column][vc_column_text css=&#8220;.vc_custom_1543932713658{padding-top: 20px !important;padding-bottom: 20px !important;}&#8220;]Obwohl das Grundprinzip unserer Praxis die Erhaltung der Z\u00e4hne ist, ist es leider in bestimmten F\u00e4llen nicht mehr m\u00f6glich. Die Behandlung von Z\u00e4hnen, die beim Durchbruch zur\u00fcckgeblieben sind (impaktierten und retinierten Z\u00e4hnen) ben\u00f6tigt haupts\u00e4chlich einen chirurgischen Eingriff. Zahnersatz mit Implantaten ist die beste L\u00f6sung unserer Zeit, wird ebenso im Rahmen [&hellip;]<\/p>\n","protected":false},"author":1,"featured_media":0,"parent":0,"menu_order":0,"comment_status":"closed","ping_status":"closed","template":"","meta":{"footnotes":"","_links_to":"","_links_to_target":""},"class_list":["post-2365","page","type-page","status-publish","hentry"],"yoast_head":"<!-- This site is optimized with the Yoast SEO plugin v26.0 - https:\/\/yoast.com\/wordpress\/plugins\/seo\/ -->\n<title>Oralchirurgische Behandlungen - Poncz Dental Budapest<\/title>\n<meta name=\"description\" content=\"Implantation, Knochenersatz, Sinuslift, Wurzelspitzenresektion, Behandlung von Mundschleimhautver\u00e4nderungen, Taschenoperation\" \/>\n<meta name=\"robots\" content=\"index, follow, max-snippet:-1, max-image-preview:large, max-video-preview:-1\" \/>\n<link rel=\"canonical\" href=\"https:\/\/ponczdental.hu\/de\/oralchirurgische-behandlungen\/\" \/>\n<meta property=\"og:locale\" content=\"de_DE\" \/>\n<meta property=\"og:type\" content=\"article\" \/>\n<meta property=\"og:title\" content=\"Oralchirurgische Behandlungen - Poncz Dental Budapest\" \/>\n<meta property=\"og:description\" content=\"Implantation, Knochenersatz, Sinuslift, Wurzelspitzenresektion, Behandlung von Mundschleimhautver\u00e4nderungen, Taschenoperation\" \/>\n<meta property=\"og:url\" content=\"https:\/\/ponczdental.hu\/de\/oralchirurgische-behandlungen\/\" \/>\n<meta property=\"og:site_name\" content=\"Poncz Dental fog\u00e1szati rendel\u0151 \u00e9s prec\u00edzi\u00f3s sz\u00e1jseb\u00e9szet.\" \/>\n<meta property=\"article:publisher\" content=\"https:\/\/www.facebook.com\/PonczDental\/\" \/>\n<meta property=\"article:modified_time\" content=\"2022-12-09T14:31:21+00:00\" \/>\n<meta property=\"og:image\" content=\"https:\/\/ponczdental.hu\/wp-content\/uploads\/2018\/09\/PDszajseb-1024x683.jpg\" \/>\n<meta name=\"twitter:card\" content=\"summary_large_image\" \/>\n<meta name=\"twitter:label1\" content=\"Gesch\u00e4tzte Lesezeit\" \/>\n\t<meta name=\"twitter:data1\" content=\"4\u00a0Minuten\" \/>\n<script type=\"application\/ld+json\" class=\"yoast-schema-graph\">{\"@context\":\"https:\/\/schema.org\",\"@graph\":[{\"@type\":\"WebPage\",\"@id\":\"https:\/\/ponczdental.hu\/de\/oralchirurgische-behandlungen\/\",\"url\":\"https:\/\/ponczdental.hu\/de\/oralchirurgische-behandlungen\/\",\"name\":\"Oralchirurgische Behandlungen - Poncz Dental Budapest\",\"isPartOf\":{\"@id\":\"https:\/\/ponczdental.hu\/#website\"},\"primaryImageOfPage\":{\"@id\":\"https:\/\/ponczdental.hu\/de\/oralchirurgische-behandlungen\/#primaryimage\"},\"image\":{\"@id\":\"https:\/\/ponczdental.hu\/de\/oralchirurgische-behandlungen\/#primaryimage\"},\"thumbnailUrl\":\"https:\/\/ponczdental.hu\/wp-content\/uploads\/2018\/09\/PDszajseb-1024x683.jpg\",\"datePublished\":\"2018-09-25T11:28:50+00:00\",\"dateModified\":\"2022-12-09T14:31:21+00:00\",\"description\":\"Implantation, Knochenersatz, Sinuslift, Wurzelspitzenresektion, Behandlung von Mundschleimhautver\u00e4nderungen, Taschenoperation\",\"breadcrumb\":{\"@id\":\"https:\/\/ponczdental.hu\/de\/oralchirurgische-behandlungen\/#breadcrumb\"},\"inLanguage\":\"de\",\"potentialAction\":[{\"@type\":\"ReadAction\",\"target\":[\"https:\/\/ponczdental.hu\/de\/oralchirurgische-behandlungen\/\"]}]},{\"@type\":\"ImageObject\",\"inLanguage\":\"de\",\"@id\":\"https:\/\/ponczdental.hu\/de\/oralchirurgische-behandlungen\/#primaryimage\",\"url\":\"https:\/\/ponczdental.hu\/wp-content\/uploads\/2018\/09\/PDszajseb-1024x683.jpg\",\"contentUrl\":\"https:\/\/ponczdental.hu\/wp-content\/uploads\/2018\/09\/PDszajseb-1024x683.jpg\"},{\"@type\":\"BreadcrumbList\",\"@id\":\"https:\/\/ponczdental.hu\/de\/oralchirurgische-behandlungen\/#breadcrumb\",\"itemListElement\":[{\"@type\":\"ListItem\",\"position\":1,\"name\":\"Home\",\"item\":\"https:\/\/ponczdental.hu\/de\/\"},{\"@type\":\"ListItem\",\"position\":2,\"name\":\"Oralchirurgische Behandlungen\"}]},{\"@type\":\"WebSite\",\"@id\":\"https:\/\/ponczdental.hu\/#website\",\"url\":\"https:\/\/ponczdental.hu\/\",\"name\":\"Poncz Dental fog\u00e1szati rendel\u0151 \u00e9s prec\u00edzi\u00f3s sz\u00e1jseb\u00e9szet.\",\"description\":\"\",\"publisher\":{\"@id\":\"https:\/\/ponczdental.hu\/#organization\"},\"potentialAction\":[{\"@type\":\"SearchAction\",\"target\":{\"@type\":\"EntryPoint\",\"urlTemplate\":\"https:\/\/ponczdental.hu\/?s={search_term_string}\"},\"query-input\":{\"@type\":\"PropertyValueSpecification\",\"valueRequired\":true,\"valueName\":\"search_term_string\"}}],\"inLanguage\":\"de\"},{\"@type\":\"Organization\",\"@id\":\"https:\/\/ponczdental.hu\/#organization\",\"name\":\"Poncz Dental\",\"url\":\"https:\/\/ponczdental.hu\/\",\"logo\":{\"@type\":\"ImageObject\",\"inLanguage\":\"de\",\"@id\":\"https:\/\/ponczdental.hu\/#\/schema\/logo\/image\/\",\"url\":\"https:\/\/ponczdental.hu\/wp-content\/uploads\/2017\/10\/Poncz-Dental-logo.jpg\",\"contentUrl\":\"https:\/\/ponczdental.hu\/wp-content\/uploads\/2017\/10\/Poncz-Dental-logo.jpg\",\"width\":1181,\"height\":1654,\"caption\":\"Poncz Dental\"},\"image\":{\"@id\":\"https:\/\/ponczdental.hu\/#\/schema\/logo\/image\/\"},\"sameAs\":[\"https:\/\/www.facebook.com\/PonczDental\/\"]}]}<\/script>\n<!-- \/ Yoast SEO plugin. -->","yoast_head_json":{"title":"Oralchirurgische Behandlungen - Poncz Dental Budapest","description":"Implantation, Knochenersatz, Sinuslift, Wurzelspitzenresektion, Behandlung von Mundschleimhautver\u00e4nderungen, Taschenoperation","robots":{"index":"index","follow":"follow","max-snippet":"max-snippet:-1","max-image-preview":"max-image-preview:large","max-video-preview":"max-video-preview:-1"},"canonical":"https:\/\/ponczdental.hu\/de\/oralchirurgische-behandlungen\/","og_locale":"de_DE","og_type":"article","og_title":"Oralchirurgische Behandlungen - Poncz Dental Budapest","og_description":"Implantation, Knochenersatz, Sinuslift, Wurzelspitzenresektion, Behandlung von Mundschleimhautver\u00e4nderungen, Taschenoperation","og_url":"https:\/\/ponczdental.hu\/de\/oralchirurgische-behandlungen\/","og_site_name":"Poncz Dental fog\u00e1szati rendel\u0151 \u00e9s prec\u00edzi\u00f3s sz\u00e1jseb\u00e9szet.","article_publisher":"https:\/\/www.facebook.com\/PonczDental\/","article_modified_time":"2022-12-09T14:31:21+00:00","og_image":[{"url":"https:\/\/ponczdental.hu\/wp-content\/uploads\/2018\/09\/PDszajseb-1024x683.jpg","type":"","width":"","height":""}],"twitter_card":"summary_large_image","twitter_misc":{"Gesch\u00e4tzte Lesezeit":"4\u00a0Minuten"},"schema":{"@context":"https:\/\/schema.org","@graph":[{"@type":"WebPage","@id":"https:\/\/ponczdental.hu\/de\/oralchirurgische-behandlungen\/","url":"https:\/\/ponczdental.hu\/de\/oralchirurgische-behandlungen\/","name":"Oralchirurgische Behandlungen - Poncz Dental Budapest","isPartOf":{"@id":"https:\/\/ponczdental.hu\/#website"},"primaryImageOfPage":{"@id":"https:\/\/ponczdental.hu\/de\/oralchirurgische-behandlungen\/#primaryimage"},"image":{"@id":"https:\/\/ponczdental.hu\/de\/oralchirurgische-behandlungen\/#primaryimage"},"thumbnailUrl":"https:\/\/ponczdental.hu\/wp-content\/uploads\/2018\/09\/PDszajseb-1024x683.jpg","datePublished":"2018-09-25T11:28:50+00:00","dateModified":"2022-12-09T14:31:21+00:00","description":"Implantation, Knochenersatz, Sinuslift, Wurzelspitzenresektion, Behandlung von Mundschleimhautver\u00e4nderungen, Taschenoperation","breadcrumb":{"@id":"https:\/\/ponczdental.hu\/de\/oralchirurgische-behandlungen\/#breadcrumb"},"inLanguage":"de","potentialAction":[{"@type":"ReadAction","target":["https:\/\/ponczdental.hu\/de\/oralchirurgische-behandlungen\/"]}]},{"@type":"ImageObject","inLanguage":"de","@id":"https:\/\/ponczdental.hu\/de\/oralchirurgische-behandlungen\/#primaryimage","url":"https:\/\/ponczdental.hu\/wp-content\/uploads\/2018\/09\/PDszajseb-1024x683.jpg","contentUrl":"https:\/\/ponczdental.hu\/wp-content\/uploads\/2018\/09\/PDszajseb-1024x683.jpg"},{"@type":"BreadcrumbList","@id":"https:\/\/ponczdental.hu\/de\/oralchirurgische-behandlungen\/#breadcrumb","itemListElement":[{"@type":"ListItem","position":1,"name":"Home","item":"https:\/\/ponczdental.hu\/de\/"},{"@type":"ListItem","position":2,"name":"Oralchirurgische Behandlungen"}]},{"@type":"WebSite","@id":"https:\/\/ponczdental.hu\/#website","url":"https:\/\/ponczdental.hu\/","name":"Poncz Dental fog\u00e1szati rendel\u0151 \u00e9s prec\u00edzi\u00f3s sz\u00e1jseb\u00e9szet.","description":"","publisher":{"@id":"https:\/\/ponczdental.hu\/#organization"},"potentialAction":[{"@type":"SearchAction","target":{"@type":"EntryPoint","urlTemplate":"https:\/\/ponczdental.hu\/?s={search_term_string}"},"query-input":{"@type":"PropertyValueSpecification","valueRequired":true,"valueName":"search_term_string"}}],"inLanguage":"de"},{"@type":"Organization","@id":"https:\/\/ponczdental.hu\/#organization","name":"Poncz Dental","url":"https:\/\/ponczdental.hu\/","logo":{"@type":"ImageObject","inLanguage":"de","@id":"https:\/\/ponczdental.hu\/#\/schema\/logo\/image\/","url":"https:\/\/ponczdental.hu\/wp-content\/uploads\/2017\/10\/Poncz-Dental-logo.jpg","contentUrl":"https:\/\/ponczdental.hu\/wp-content\/uploads\/2017\/10\/Poncz-Dental-logo.jpg","width":1181,"height":1654,"caption":"Poncz Dental"},"image":{"@id":"https:\/\/ponczdental.hu\/#\/schema\/logo\/image\/"},"sameAs":["https:\/\/www.facebook.com\/PonczDental\/"]}]}},"_links":{"self":[{"href":"https:\/\/ponczdental.hu\/de\/wp-json\/wp\/v2\/pages\/2365","targetHints":{"allow":["GET"]}}],"collection":[{"href":"https:\/\/ponczdental.hu\/de\/wp-json\/wp\/v2\/pages"}],"about":[{"href":"https:\/\/ponczdental.hu\/de\/wp-json\/wp\/v2\/types\/page"}],"author":[{"embeddable":true,"href":"https:\/\/ponczdental.hu\/de\/wp-json\/wp\/v2\/users\/1"}],"replies":[{"embeddable":true,"href":"https:\/\/ponczdental.hu\/de\/wp-json\/wp\/v2\/comments?post=2365"}],"version-history":[{"count":5,"href":"https:\/\/ponczdental.hu\/de\/wp-json\/wp\/v2\/pages\/2365\/revisions"}],"predecessor-version":[{"id":2870,"href":"https:\/\/ponczdental.hu\/de\/wp-json\/wp\/v2\/pages\/2365\/revisions\/2870"}],"wp:attachment":[{"href":"https:\/\/ponczdental.hu\/de\/wp-json\/wp\/v2\/media?parent=2365"}],"curies":[{"name":"wp","href":"https:\/\/api.w.org\/{rel}","templated":true}]}}