{"id":2352,"date":"2018-09-25T10:48:43","date_gmt":"2018-09-25T10:48:43","guid":{"rendered":"http:\/\/implantdental.hu\/?page_id=2352"},"modified":"2022-12-09T15:47:54","modified_gmt":"2022-12-09T14:47:54","slug":"vorsorgebehandlungen","status":"publish","type":"page","link":"https:\/\/ponczdental.hu\/de\/vorsorgebehandlungen\/","title":{"rendered":"Vorsorgebehandlungen"},"content":{"rendered":"<div class=\"wpb-content-wrapper\"><p>[vc_row][vc_column][vc_column_text css=&#8220;.vc_custom_1555526068657{padding-top: 20px !important;padding-bottom: 20px !important;}&#8220;]Die Zahnkrankheiten k\u00f6nnen am besten durch die regelm\u00e4\u00dfigen Kontrolluntersuchungen vermieden werden. Aufgrund der Kontrolluntersuchungen k\u00f6nnen die noch nicht sichtbaren, entstehenden Probleme, Ver\u00e4nderungen in einem fr\u00fcheren Stadium entdeckt und geheilt werden. Durch die Vorbeugungs- und Kontrolluntersuchungen hat man gute Chance, die sp\u00e4teren gr\u00f6\u00dferen Eingriffe zu vermeiden sowie die Gesundheit der Z\u00e4hne zu erhalten.<\/p>\n<h4>Konsultation, Aufstellung des Behandlungsplanes<\/h4>\n<p>Bei dem ersten Besuch in der Praxis wird das Status des Patienten eingesch\u00e4tzt und individuell auf den Patienten angepasste Vorschl\u00e4ge zur Verbesserung und Erhaltung der Mundhygiene geliefert, bzw. bei Bedarf ein Behandlungsplan aufgestellt.<\/p>\n<h3><\/h3>\n<h4><img loading=\"lazy\" decoding=\"async\" class=\"aligncenter wp-image-3756\" src=\"https:\/\/ponczdental.hu\/wp-content\/uploads\/2019\/04\/Sz\u00e1jhigi\u00e9nia-1024x683.jpg\" alt=\"\" width=\"500\" height=\"333\" srcset=\"https:\/\/ponczdental.hu\/wp-content\/uploads\/2019\/04\/Sz\u00e1jhigi\u00e9nia.jpg 1024w, https:\/\/ponczdental.hu\/wp-content\/uploads\/2019\/04\/Sz\u00e1jhigi\u00e9nia-300x200.jpg 300w, https:\/\/ponczdental.hu\/wp-content\/uploads\/2019\/04\/Sz\u00e1jhigi\u00e9nia-768x512.jpg 768w\" sizes=\"auto, (max-width: 500px) 100vw, 500px\" \/><\/h4>\n<h4>Zahnsteinentfernung<\/h4>\n<p>Viele vermuten nicht, dass sie zahnmedizinische Probleme haben, bis sie vom Zahnarzt darauf aufmerksam gemacht werden. Der entstehende Zahnstein kann nicht nur in \u00e4sthetischer Hinsicht st\u00f6rend sein, sondern stellt auch ein Risikofaktor f\u00fcr die Entstehung von Zahnkrankheiten dar, deshalb ist die regelm\u00e4\u00dfige Entfernung der Zahnsteine durchaus empfohlen. Infolge der Entfernung der Zahnsteine k\u00f6nnen die Z\u00e4hne sogar um mehrere Farbt\u00f6ne wei\u00dfer werden, was ein noch sch\u00f6nes und selbstbewusstes L\u00e4cheln verleiht.<\/p>\n<p>&nbsp;<\/p>\n<h4>\u00dcber die Mundhygiene<\/h4>\n<p>Die grunds\u00e4tzliche Voraussetzung f\u00fcr die \u00e4sthetischen, gesunden Z\u00e4hne ist die entsprechende Mundpflege. Zu einer konsequenten Mundhygiene geh\u00f6rt das Zahnputzen mit Zahncreme, die Verwendung von Zahnseide, Aussp\u00fclung des Mundes mit Mundwasser, bzw. das Reinigen der Zunge. Es ist selbstverst\u00e4ndlich nicht egal, was f\u00fcr Mittel und wie diese benutzt werden.<br \/>\nBei der Auswahl der Zahnb\u00fcrste lohnt es sich, auf die Borstenst\u00e4rke zu achten. Wenn eine Zahnb\u00fcrste zu harte Borsten hat, kann man damit bei der Zahnreinigung den Zahnschmelz und den Zahnfleisch verletzen. Die beste Wahl ist eine Zahnb\u00fcrste mit mittleren oder weichen Borsten. Damit sollten die Z\u00e4hne mit kreisenden Bewegungen und unter leichtem Druck in allen Richtungen mindestens zweimal t\u00e4glich, jedoch wenn m\u00f6glich, nach jedem Essen gereinigt werden. Die schwer zu reinigenden Zahnfl\u00e4chen, wie zwischen den aufeinander stehenden Z\u00e4hnen und unter dem Zahnfleisch, k\u00f6nnen mit der Zahnb\u00fcrste nicht erreicht werden. Die in den engen Spalten verbliebenen Bel\u00e4ge und Bakterien k\u00f6nnen sp\u00e4ter zur Entwicklung von Karies oder Zahnfleischentz\u00fcndung f\u00fchren. Um dies zu vermeiden, sollten die verborgenden Stellen nach dem Zahnputzen mit Zahnseide gereinigt werden. Infolge der Verwendung der Munddusche wird die Mundpflege noch wirksamer, der Blutkreislauf im Zahnfleisch besser, was die Chance f\u00fcr die Entwicklung vom Zahnfleischschwund reduziert.<br \/>\nDurch die gr\u00fcndliche Mundhygiene kann die Zahnsteinbildung \u2013 welche sp\u00e4ter zur Entwicklung von Karies und Zahnbetterkrankung f\u00fchren kann \u2013 vorgebeugt werden.<br \/>\nBei Fragen \u00fcber die entsprechende Mundpflege suchen Sie unsere \u00c4rzte oder Dentalhygieniker auf.[\/vc_column_text][\/vc_column][\/vc_row]<\/p>\n<\/div>","protected":false},"excerpt":{"rendered":"<p>[vc_row][vc_column][vc_column_text css=&#8220;.vc_custom_1555526068657{padding-top: 20px !important;padding-bottom: 20px !important;}&#8220;]Die Zahnkrankheiten k\u00f6nnen am besten durch die regelm\u00e4\u00dfigen Kontrolluntersuchungen vermieden werden. Aufgrund der Kontrolluntersuchungen k\u00f6nnen die noch nicht sichtbaren, entstehenden Probleme, Ver\u00e4nderungen in einem fr\u00fcheren Stadium entdeckt und geheilt werden. Durch die Vorbeugungs- und Kontrolluntersuchungen hat man gute Chance, die sp\u00e4teren gr\u00f6\u00dferen Eingriffe zu vermeiden sowie die Gesundheit der Z\u00e4hne [&hellip;]<\/p>\n","protected":false},"author":1,"featured_media":0,"parent":0,"menu_order":0,"comment_status":"closed","ping_status":"closed","template":"","meta":{"footnotes":"","_links_to":"","_links_to_target":""},"class_list":["post-2352","page","type-page","status-publish","hentry"],"yoast_head":"<!-- This site is optimized with the Yoast SEO plugin v26.0 - https:\/\/yoast.com\/wordpress\/plugins\/seo\/ -->\n<title>Vorsorgebehandlungen - Poncz Dental<\/title>\n<meta name=\"description\" content=\"Rregelm\u00e4\u00dfigen Kontrolluntersuchungen. Konsultation, aufstellung des Behandlungsplanes, Zahnsteinentfernung, Mundhygienie\" \/>\n<meta name=\"robots\" content=\"index, follow, max-snippet:-1, max-image-preview:large, max-video-preview:-1\" \/>\n<link rel=\"canonical\" href=\"https:\/\/ponczdental.hu\/de\/vorsorgebehandlungen\/\" \/>\n<meta property=\"og:locale\" content=\"de_DE\" \/>\n<meta property=\"og:type\" content=\"article\" \/>\n<meta property=\"og:title\" content=\"Vorsorgebehandlungen - Poncz Dental\" \/>\n<meta property=\"og:description\" content=\"Rregelm\u00e4\u00dfigen Kontrolluntersuchungen. Konsultation, aufstellung des Behandlungsplanes, Zahnsteinentfernung, Mundhygienie\" \/>\n<meta property=\"og:url\" content=\"https:\/\/ponczdental.hu\/de\/vorsorgebehandlungen\/\" \/>\n<meta property=\"og:site_name\" content=\"Poncz Dental fog\u00e1szati rendel\u0151 \u00e9s prec\u00edzi\u00f3s sz\u00e1jseb\u00e9szet.\" \/>\n<meta property=\"article:publisher\" content=\"https:\/\/www.facebook.com\/PonczDental\/\" \/>\n<meta property=\"article:modified_time\" content=\"2022-12-09T14:47:54+00:00\" \/>\n<meta name=\"twitter:card\" content=\"summary_large_image\" \/>\n<meta name=\"twitter:label1\" content=\"Gesch\u00e4tzte Lesezeit\" \/>\n\t<meta name=\"twitter:data1\" content=\"3\u00a0Minuten\" \/>\n<script type=\"application\/ld+json\" class=\"yoast-schema-graph\">{\"@context\":\"https:\/\/schema.org\",\"@graph\":[{\"@type\":\"WebPage\",\"@id\":\"https:\/\/ponczdental.hu\/de\/vorsorgebehandlungen\/\",\"url\":\"https:\/\/ponczdental.hu\/de\/vorsorgebehandlungen\/\",\"name\":\"Vorsorgebehandlungen - Poncz Dental\",\"isPartOf\":{\"@id\":\"https:\/\/ponczdental.hu\/#website\"},\"datePublished\":\"2018-09-25T10:48:43+00:00\",\"dateModified\":\"2022-12-09T14:47:54+00:00\",\"description\":\"Rregelm\u00e4\u00dfigen Kontrolluntersuchungen. Konsultation, aufstellung des Behandlungsplanes, Zahnsteinentfernung, Mundhygienie\",\"breadcrumb\":{\"@id\":\"https:\/\/ponczdental.hu\/de\/vorsorgebehandlungen\/#breadcrumb\"},\"inLanguage\":\"de\",\"potentialAction\":[{\"@type\":\"ReadAction\",\"target\":[\"https:\/\/ponczdental.hu\/de\/vorsorgebehandlungen\/\"]}]},{\"@type\":\"BreadcrumbList\",\"@id\":\"https:\/\/ponczdental.hu\/de\/vorsorgebehandlungen\/#breadcrumb\",\"itemListElement\":[{\"@type\":\"ListItem\",\"position\":1,\"name\":\"Home\",\"item\":\"https:\/\/ponczdental.hu\/de\/\"},{\"@type\":\"ListItem\",\"position\":2,\"name\":\"Vorsorgebehandlungen\"}]},{\"@type\":\"WebSite\",\"@id\":\"https:\/\/ponczdental.hu\/#website\",\"url\":\"https:\/\/ponczdental.hu\/\",\"name\":\"Poncz Dental fog\u00e1szati rendel\u0151 \u00e9s prec\u00edzi\u00f3s sz\u00e1jseb\u00e9szet.\",\"description\":\"\",\"publisher\":{\"@id\":\"https:\/\/ponczdental.hu\/#organization\"},\"potentialAction\":[{\"@type\":\"SearchAction\",\"target\":{\"@type\":\"EntryPoint\",\"urlTemplate\":\"https:\/\/ponczdental.hu\/?s={search_term_string}\"},\"query-input\":{\"@type\":\"PropertyValueSpecification\",\"valueRequired\":true,\"valueName\":\"search_term_string\"}}],\"inLanguage\":\"de\"},{\"@type\":\"Organization\",\"@id\":\"https:\/\/ponczdental.hu\/#organization\",\"name\":\"Poncz Dental\",\"url\":\"https:\/\/ponczdental.hu\/\",\"logo\":{\"@type\":\"ImageObject\",\"inLanguage\":\"de\",\"@id\":\"https:\/\/ponczdental.hu\/#\/schema\/logo\/image\/\",\"url\":\"https:\/\/ponczdental.hu\/wp-content\/uploads\/2017\/10\/Poncz-Dental-logo.jpg\",\"contentUrl\":\"https:\/\/ponczdental.hu\/wp-content\/uploads\/2017\/10\/Poncz-Dental-logo.jpg\",\"width\":1181,\"height\":1654,\"caption\":\"Poncz Dental\"},\"image\":{\"@id\":\"https:\/\/ponczdental.hu\/#\/schema\/logo\/image\/\"},\"sameAs\":[\"https:\/\/www.facebook.com\/PonczDental\/\"]}]}<\/script>\n<!-- \/ Yoast SEO plugin. -->","yoast_head_json":{"title":"Vorsorgebehandlungen - Poncz Dental","description":"Rregelm\u00e4\u00dfigen Kontrolluntersuchungen. Konsultation, aufstellung des Behandlungsplanes, Zahnsteinentfernung, Mundhygienie","robots":{"index":"index","follow":"follow","max-snippet":"max-snippet:-1","max-image-preview":"max-image-preview:large","max-video-preview":"max-video-preview:-1"},"canonical":"https:\/\/ponczdental.hu\/de\/vorsorgebehandlungen\/","og_locale":"de_DE","og_type":"article","og_title":"Vorsorgebehandlungen - Poncz Dental","og_description":"Rregelm\u00e4\u00dfigen Kontrolluntersuchungen. Konsultation, aufstellung des Behandlungsplanes, Zahnsteinentfernung, Mundhygienie","og_url":"https:\/\/ponczdental.hu\/de\/vorsorgebehandlungen\/","og_site_name":"Poncz Dental fog\u00e1szati rendel\u0151 \u00e9s prec\u00edzi\u00f3s sz\u00e1jseb\u00e9szet.","article_publisher":"https:\/\/www.facebook.com\/PonczDental\/","article_modified_time":"2022-12-09T14:47:54+00:00","twitter_card":"summary_large_image","twitter_misc":{"Gesch\u00e4tzte Lesezeit":"3\u00a0Minuten"},"schema":{"@context":"https:\/\/schema.org","@graph":[{"@type":"WebPage","@id":"https:\/\/ponczdental.hu\/de\/vorsorgebehandlungen\/","url":"https:\/\/ponczdental.hu\/de\/vorsorgebehandlungen\/","name":"Vorsorgebehandlungen - Poncz Dental","isPartOf":{"@id":"https:\/\/ponczdental.hu\/#website"},"datePublished":"2018-09-25T10:48:43+00:00","dateModified":"2022-12-09T14:47:54+00:00","description":"Rregelm\u00e4\u00dfigen Kontrolluntersuchungen. Konsultation, aufstellung des Behandlungsplanes, Zahnsteinentfernung, Mundhygienie","breadcrumb":{"@id":"https:\/\/ponczdental.hu\/de\/vorsorgebehandlungen\/#breadcrumb"},"inLanguage":"de","potentialAction":[{"@type":"ReadAction","target":["https:\/\/ponczdental.hu\/de\/vorsorgebehandlungen\/"]}]},{"@type":"BreadcrumbList","@id":"https:\/\/ponczdental.hu\/de\/vorsorgebehandlungen\/#breadcrumb","itemListElement":[{"@type":"ListItem","position":1,"name":"Home","item":"https:\/\/ponczdental.hu\/de\/"},{"@type":"ListItem","position":2,"name":"Vorsorgebehandlungen"}]},{"@type":"WebSite","@id":"https:\/\/ponczdental.hu\/#website","url":"https:\/\/ponczdental.hu\/","name":"Poncz Dental fog\u00e1szati rendel\u0151 \u00e9s prec\u00edzi\u00f3s sz\u00e1jseb\u00e9szet.","description":"","publisher":{"@id":"https:\/\/ponczdental.hu\/#organization"},"potentialAction":[{"@type":"SearchAction","target":{"@type":"EntryPoint","urlTemplate":"https:\/\/ponczdental.hu\/?s={search_term_string}"},"query-input":{"@type":"PropertyValueSpecification","valueRequired":true,"valueName":"search_term_string"}}],"inLanguage":"de"},{"@type":"Organization","@id":"https:\/\/ponczdental.hu\/#organization","name":"Poncz Dental","url":"https:\/\/ponczdental.hu\/","logo":{"@type":"ImageObject","inLanguage":"de","@id":"https:\/\/ponczdental.hu\/#\/schema\/logo\/image\/","url":"https:\/\/ponczdental.hu\/wp-content\/uploads\/2017\/10\/Poncz-Dental-logo.jpg","contentUrl":"https:\/\/ponczdental.hu\/wp-content\/uploads\/2017\/10\/Poncz-Dental-logo.jpg","width":1181,"height":1654,"caption":"Poncz Dental"},"image":{"@id":"https:\/\/ponczdental.hu\/#\/schema\/logo\/image\/"},"sameAs":["https:\/\/www.facebook.com\/PonczDental\/"]}]}},"_links":{"self":[{"href":"https:\/\/ponczdental.hu\/de\/wp-json\/wp\/v2\/pages\/2352","targetHints":{"allow":["GET"]}}],"collection":[{"href":"https:\/\/ponczdental.hu\/de\/wp-json\/wp\/v2\/pages"}],"about":[{"href":"https:\/\/ponczdental.hu\/de\/wp-json\/wp\/v2\/types\/page"}],"author":[{"embeddable":true,"href":"https:\/\/ponczdental.hu\/de\/wp-json\/wp\/v2\/users\/1"}],"replies":[{"embeddable":true,"href":"https:\/\/ponczdental.hu\/de\/wp-json\/wp\/v2\/comments?post=2352"}],"version-history":[{"count":7,"href":"https:\/\/ponczdental.hu\/de\/wp-json\/wp\/v2\/pages\/2352\/revisions"}],"predecessor-version":[{"id":3761,"href":"https:\/\/ponczdental.hu\/de\/wp-json\/wp\/v2\/pages\/2352\/revisions\/3761"}],"wp:attachment":[{"href":"https:\/\/ponczdental.hu\/de\/wp-json\/wp\/v2\/media?parent=2352"}],"curies":[{"name":"wp","href":"https:\/\/api.w.org\/{rel}","templated":true}]}}