{"id":2308,"date":"2018-09-24T13:05:23","date_gmt":"2018-09-24T13:05:23","guid":{"rendered":"http:\/\/implantdental.hu\/?page_id=2308"},"modified":"2022-12-09T15:38:41","modified_gmt":"2022-12-09T14:38:41","slug":"termin-buchung","status":"publish","type":"page","link":"https:\/\/ponczdental.hu\/de\/termin-buchung\/","title":{"rendered":"Termin Buchung"},"content":{"rendered":"<div class=\"wpb-content-wrapper\"><p>[vc_row][vc_column css=&#8220;.vc_custom_1542658080819{padding-top: 20px !important;}&#8220;]\n<div class=\"wpcf7 no-js\" id=\"wpcf7-f2306-o1\" lang=\"hu-HU\" dir=\"ltr\" data-wpcf7-id=\"2306\">\n<div class=\"screen-reader-response\"><p role=\"status\" aria-live=\"polite\" aria-atomic=\"true\"><\/p> <ul><\/ul><\/div>\n<form action=\"\/de\/wp-json\/wp\/v2\/pages\/2308#wpcf7-f2306-o1\" method=\"post\" class=\"wpcf7-form init\" aria-label=\"Kapcsolatfelv\u00e9teli \u0171rlap\" enctype=\"multipart\/form-data\" novalidate=\"novalidate\" data-status=\"init\">\n<fieldset class=\"hidden-fields-container\"><input type=\"hidden\" name=\"_wpcf7\" value=\"2306\" \/><input type=\"hidden\" name=\"_wpcf7_version\" value=\"6.1.2\" \/><input type=\"hidden\" name=\"_wpcf7_locale\" value=\"hu_HU\" \/><input type=\"hidden\" name=\"_wpcf7_unit_tag\" value=\"wpcf7-f2306-o1\" \/><input type=\"hidden\" name=\"_wpcf7_container_post\" value=\"0\" \/><input type=\"hidden\" name=\"_wpcf7_posted_data_hash\" value=\"\" \/>\n<\/fieldset>\n<p><label> <b>Name<\/b>\n\t\t<font color=\"#E5401F\">*\n\t\t<\/font><br \/>\n<span class=\"wpcf7-form-control-wrap\" data-name=\"your-name\"><input size=\"40\" maxlength=\"400\" class=\"wpcf7-form-control wpcf7-text wpcf7-validates-as-required\" aria-required=\"true\" aria-invalid=\"false\" value=\"\" type=\"text\" name=\"your-name\" \/><\/span> <\/label>\n<\/p>\n<p><label> <b>Email\n\t\t\t<font color=\"#E5401F\">*\n\t\t\t<\/font><\/b><br \/>\n<span class=\"wpcf7-form-control-wrap\" data-name=\"your-email\"><input size=\"40\" maxlength=\"400\" class=\"wpcf7-form-control wpcf7-email wpcf7-validates-as-required wpcf7-text wpcf7-validates-as-email\" aria-required=\"true\" aria-invalid=\"false\" value=\"\" type=\"email\" name=\"your-email\" \/><\/span> <\/label>\n<\/p>\n<p><label> <b>Telefon\n\t\t\t<font color=\"#E5401F\">*\n\t\t\t<\/font><\/b><br \/>\n<span class=\"wpcf7-form-control-wrap\" data-name=\"tel\"><input size=\"40\" maxlength=\"400\" class=\"wpcf7-form-control wpcf7-tel wpcf7-validates-as-required wpcf7-text wpcf7-validates-as-tel\" aria-required=\"true\" aria-invalid=\"false\" value=\"\" type=\"tel\" name=\"tel\" \/><\/span> <\/label>\n<\/p>\n<p><b>W\u00e4hlen Sie Zahnklinik:\n\t\t<font color=\"#E5401F\">*\n\t\t<\/font>:<\/b>\n<\/p>\n<p><span class=\"wpcf7-form-control-wrap\" data-name=\"your-recipient\"><span class=\"wpcf7-form-control wpcf7-radio\"><span class=\"wpcf7-list-item first\"><input type=\"radio\" name=\"your-recipient\" value=\"Budapest\" \/><span class=\"wpcf7-list-item-label\">Budapest<\/span><\/span><span class=\"wpcf7-list-item last\"><input type=\"radio\" name=\"your-recipient\" value=\"Monor\" \/><span class=\"wpcf7-list-item-label\">Monor<\/span><\/span><\/span><\/span>\n<\/p>\n<p><b>Sind Sie zur\u00fcckkehrender Patient?<\/b>\n<\/p>\n<p><span class=\"wpcf7-form-control-wrap\" data-name=\"paciens\"><span class=\"wpcf7-form-control wpcf7-checkbox\"><span class=\"wpcf7-list-item first\"><input type=\"checkbox\" name=\"paciens[]\" value=\"Ja\" \/><span class=\"wpcf7-list-item-label\">Ja<\/span><\/span><span class=\"wpcf7-list-item last\"><input type=\"checkbox\" name=\"paciens[]\" value=\"Nein\" \/><span class=\"wpcf7-list-item-label\">Nein<\/span><\/span><\/span><\/span>\n<\/p>\n<p><b>Welche Tage der Woche w\u00fcrden Ihnen passen?<\/b>\n<\/p>\n<p><span class=\"wpcf7-form-control-wrap\" data-name=\"nap\"><span class=\"wpcf7-form-control wpcf7-checkbox\"><span class=\"wpcf7-list-item first\"><label><input type=\"checkbox\" name=\"nap[]\" value=\"Entweder\" \/><span class=\"wpcf7-list-item-label\">Entweder<\/span><\/label><\/span><span class=\"wpcf7-list-item\"><label><input type=\"checkbox\" name=\"nap[]\" value=\"Montag\" \/><span class=\"wpcf7-list-item-label\">Montag<\/span><\/label><\/span><span class=\"wpcf7-list-item\"><label><input type=\"checkbox\" name=\"nap[]\" value=\"Diensag\" \/><span class=\"wpcf7-list-item-label\">Diensag<\/span><\/label><\/span><span class=\"wpcf7-list-item\"><label><input type=\"checkbox\" name=\"nap[]\" value=\"Mittwoch\" \/><span class=\"wpcf7-list-item-label\">Mittwoch<\/span><\/label><\/span><span class=\"wpcf7-list-item\"><label><input type=\"checkbox\" name=\"nap[]\" value=\"Donnerstag\" \/><span class=\"wpcf7-list-item-label\">Donnerstag<\/span><\/label><\/span><span class=\"wpcf7-list-item last\"><label><input type=\"checkbox\" name=\"nap[]\" value=\"Freitag\" \/><span class=\"wpcf7-list-item-label\">Freitag<\/span><\/label><\/span><\/span><\/span>\n<\/p>\n<p><b>Welche Tageszeit kann f\u00fcr Ihnen ideal sein?<\/b>\n<\/p>\n<p><span class=\"wpcf7-form-control-wrap\" data-name=\"napszak\"><span class=\"wpcf7-form-control wpcf7-checkbox\"><span class=\"wpcf7-list-item first\"><label><input type=\"checkbox\" name=\"napszak[]\" value=\"Immer\" \/><span class=\"wpcf7-list-item-label\">Immer<\/span><\/label><\/span><span class=\"wpcf7-list-item\"><label><input type=\"checkbox\" name=\"napszak[]\" value=\"Vormittag\" \/><span class=\"wpcf7-list-item-label\">Vormittag<\/span><\/label><\/span><span class=\"wpcf7-list-item\"><label><input type=\"checkbox\" name=\"napszak[]\" value=\"um Mittag\" \/><span class=\"wpcf7-list-item-label\">um Mittag<\/span><\/label><\/span><span class=\"wpcf7-list-item\"><label><input type=\"checkbox\" name=\"napszak[]\" value=\"Nachmittag\" \/><span class=\"wpcf7-list-item-label\">Nachmittag<\/span><\/label><\/span><span class=\"wpcf7-list-item last\"><label><input type=\"checkbox\" name=\"napszak[]\" value=\"Abend\" \/><span class=\"wpcf7-list-item-label\">Abend<\/span><\/label><\/span><\/span><\/span>\n<\/p>\n<p><label> <b>Bitte schreiben Sie Ihre Zahnbeschwerden kurz auf:\n\t\t\t<font color=\"#E5401F\">*\n\t\t\t<\/font><\/b><br \/>\n<span class=\"wpcf7-form-control-wrap\" data-name=\"message\"><textarea cols=\"40\" rows=\"10\" maxlength=\"2000\" class=\"wpcf7-form-control wpcf7-textarea wpcf7-validates-as-required\" aria-required=\"true\" aria-invalid=\"false\" name=\"message\"><\/textarea><\/span> <\/label>\n<\/p>\n<p><b>Newsletter abonnieren\n\t\t<font color=\"#E5401F\">*\n\t\t<\/font><\/b>\n<\/p>\n<p><span class=\"wpcf7-form-control-wrap\" data-name=\"hirlevel\"><span class=\"wpcf7-form-control wpcf7-checkbox wpcf7-validates-as-required wpcf7-exclusive-checkbox\"><span class=\"wpcf7-list-item first\"><input type=\"checkbox\" name=\"hirlevel\" value=\"Ja\" \/><span class=\"wpcf7-list-item-label\">Ja<\/span><\/span><span class=\"wpcf7-list-item last\"><input type=\"checkbox\" name=\"hirlevel\" value=\"Nein\" \/><span class=\"wpcf7-list-item-label\">Nein<\/span><\/span><\/span><\/span>\n<\/p>\n<p><span id=\"wpcf7-6a0581d48fe6e-wrapper\" class=\"wpcf7-form-control-wrap honeypot-239-wrap\" style=\"display:none !important; visibility:hidden !important;\"><label for=\"wpcf7-6a0581d48fe6e-field\" class=\"hp-message\">Please leave this field empty.<\/label><input id=\"wpcf7-6a0581d48fe6e-field\"  class=\"wpcf7-form-control wpcf7-text\" type=\"text\" name=\"honeypot-239\" value=\"\" size=\"40\" tabindex=\"-1\" autocomplete=\"new-password\" \/><\/span>\n<\/p>\n<font color=\"#35a7e8\">\n\t<p><i>Dokument hochladen:<\/i>\n\t<\/p>\n<\/font>\n<p><label> Dokument 1 (option:jpg, jpeg, bmp oder pdf, max. 2mb)<br \/>\n<span class=\"wpcf7-form-control-wrap\" data-name=\"file-574\"><input size=\"40\" class=\"wpcf7-form-control wpcf7-file\" accept=\".jpg,.jpeg,.bmp,.pdf\" aria-invalid=\"false\" type=\"file\" name=\"file-574\" \/><\/span> <\/label>\n<\/p>\n<p><label> Dokument 1 (option:jpg, jpeg, bmp oder pdf, max. 2mb)<br \/>\n<span class=\"wpcf7-form-control-wrap\" data-name=\"file-853\"><input size=\"40\" class=\"wpcf7-form-control wpcf7-file\" accept=\".jpg,.jpeg,.bmp,.pdf\" aria-invalid=\"false\" type=\"file\" name=\"file-853\" \/><\/span> <\/label>\n<\/p>\n<p><b>Mit dem Absenden dieses Formulars stimme ich zu, dass Poncz Dental mit meinen Informationen umgeht, bis meine Zustimmung widerrufen wird. Ich akzeptiere <a href=\"https:\/\/ponczdental.hu\/en\/privacy-policy\/\" target=\"_blank\">Privacy Policy<\/a> <\/b><b>\n\t\t<font color=\"#E5401F\">*\n\t\t<\/font><\/b><span class=\"wpcf7-form-control-wrap\" data-name=\"acceptance-807\"><span class=\"wpcf7-form-control wpcf7-acceptance\"><span class=\"wpcf7-list-item\"><input type=\"checkbox\" name=\"acceptance-807\" value=\"1\" aria-invalid=\"false\" \/><\/span><\/span><\/span>\n<\/p>\n<p>Sie k\u00f6nnen Ihren Beitrag jederzeit k\u00fcndigen, indem Sie eine E-Mail an info@ponczdntal.hu senden. Wenn Sie unseren Newsletter abonnieren, k\u00f6nnen Sie sich jederzeit einfach abmelden. <i>Newsletter abbestellen: <a href=\"mailto: info@ponczdental.hu\">info@ponczdental.hu<\/a><\/i>\n<\/p>\n<p>Poncz Dental behandelt die Informationen vertraulich und gibt sie nicht an Dritte weiter. <i>Weitere Informationen: <a href=\"https:\/\/ponczdental.hu\/en\/privacy-policy\/ target=\"_blank\"\">Privacy Policy<\/a><\/i>\n<\/p>\n<font color=\"#E5401F\">* Obligatorisch\n<\/font>\n<p><input class=\"wpcf7-form-control wpcf7-submit has-spinner\" type=\"submit\" value=\"Senden\" \/>\n<\/p><div class=\"wpcf7-response-output\" aria-hidden=\"true\"><\/div>\n<\/form>\n<\/div>\n[\/vc_column][\/vc_row]<\/p>\n<\/div>","protected":false},"excerpt":{"rendered":"<p>[vc_row][vc_column css=&#8220;.vc_custom_1542658080819{padding-top: 20px !important;}&#8220;][\/vc_column][\/vc_row]<\/p>\n","protected":false},"author":1,"featured_media":0,"parent":0,"menu_order":0,"comment_status":"closed","ping_status":"closed","template":"","meta":{"footnotes":"","_links_to":"","_links_to_target":""},"class_list":["post-2308","page","type-page","status-publish","hentry"],"yoast_head":"<!-- This site is optimized with the Yoast SEO plugin v26.0 - https:\/\/yoast.com\/wordpress\/plugins\/seo\/ -->\n<title>Termin Buchung - Poncz Dental fog\u00e1szati rendel\u0151 \u00e9s prec\u00edzi\u00f3s sz\u00e1jseb\u00e9szet.<\/title>\n<meta name=\"description\" content=\"Unsere In unserer Zahnarztpraxis werden die Patienten von unserem professionale \u00c4rzteteam betreut. Buchen Sie einen Termin!\" \/>\n<meta name=\"robots\" content=\"index, follow, max-snippet:-1, max-image-preview:large, max-video-preview:-1\" \/>\n<link rel=\"canonical\" href=\"https:\/\/ponczdental.hu\/de\/termin-buchung\/\" \/>\n<meta property=\"og:locale\" content=\"de_DE\" \/>\n<meta property=\"og:type\" content=\"article\" \/>\n<meta property=\"og:title\" content=\"Termin Buchung - Poncz Dental fog\u00e1szati rendel\u0151 \u00e9s prec\u00edzi\u00f3s sz\u00e1jseb\u00e9szet.\" \/>\n<meta property=\"og:description\" content=\"Unsere In unserer Zahnarztpraxis werden die Patienten von unserem professionale \u00c4rzteteam betreut. Buchen Sie einen Termin!\" \/>\n<meta property=\"og:url\" content=\"https:\/\/ponczdental.hu\/de\/termin-buchung\/\" \/>\n<meta property=\"og:site_name\" content=\"Poncz Dental fog\u00e1szati rendel\u0151 \u00e9s prec\u00edzi\u00f3s sz\u00e1jseb\u00e9szet.\" \/>\n<meta property=\"article:publisher\" content=\"https:\/\/www.facebook.com\/PonczDental\/\" \/>\n<meta property=\"article:modified_time\" content=\"2022-12-09T14:38:41+00:00\" \/>\n<meta name=\"twitter:card\" content=\"summary_large_image\" \/>\n<meta name=\"twitter:label1\" content=\"Gesch\u00e4tzte Lesezeit\" \/>\n\t<meta name=\"twitter:data1\" content=\"1\u00a0Minute\" \/>\n<script type=\"application\/ld+json\" class=\"yoast-schema-graph\">{\"@context\":\"https:\/\/schema.org\",\"@graph\":[{\"@type\":\"WebPage\",\"@id\":\"https:\/\/ponczdental.hu\/de\/termin-buchung\/\",\"url\":\"https:\/\/ponczdental.hu\/de\/termin-buchung\/\",\"name\":\"Termin Buchung - Poncz Dental fog\u00e1szati rendel\u0151 \u00e9s prec\u00edzi\u00f3s sz\u00e1jseb\u00e9szet.\",\"isPartOf\":{\"@id\":\"https:\/\/ponczdental.hu\/#website\"},\"datePublished\":\"2018-09-24T13:05:23+00:00\",\"dateModified\":\"2022-12-09T14:38:41+00:00\",\"description\":\"Unsere In unserer Zahnarztpraxis werden die Patienten von unserem professionale \u00c4rzteteam betreut. Buchen Sie einen Termin!\",\"breadcrumb\":{\"@id\":\"https:\/\/ponczdental.hu\/de\/termin-buchung\/#breadcrumb\"},\"inLanguage\":\"de\",\"potentialAction\":[{\"@type\":\"ReadAction\",\"target\":[\"https:\/\/ponczdental.hu\/de\/termin-buchung\/\"]}]},{\"@type\":\"BreadcrumbList\",\"@id\":\"https:\/\/ponczdental.hu\/de\/termin-buchung\/#breadcrumb\",\"itemListElement\":[{\"@type\":\"ListItem\",\"position\":1,\"name\":\"Home\",\"item\":\"https:\/\/ponczdental.hu\/de\/\"},{\"@type\":\"ListItem\",\"position\":2,\"name\":\"Termin Buchung\"}]},{\"@type\":\"WebSite\",\"@id\":\"https:\/\/ponczdental.hu\/#website\",\"url\":\"https:\/\/ponczdental.hu\/\",\"name\":\"Poncz Dental fog\u00e1szati rendel\u0151 \u00e9s prec\u00edzi\u00f3s sz\u00e1jseb\u00e9szet.\",\"description\":\"\",\"publisher\":{\"@id\":\"https:\/\/ponczdental.hu\/#organization\"},\"potentialAction\":[{\"@type\":\"SearchAction\",\"target\":{\"@type\":\"EntryPoint\",\"urlTemplate\":\"https:\/\/ponczdental.hu\/?s={search_term_string}\"},\"query-input\":{\"@type\":\"PropertyValueSpecification\",\"valueRequired\":true,\"valueName\":\"search_term_string\"}}],\"inLanguage\":\"de\"},{\"@type\":\"Organization\",\"@id\":\"https:\/\/ponczdental.hu\/#organization\",\"name\":\"Poncz Dental\",\"url\":\"https:\/\/ponczdental.hu\/\",\"logo\":{\"@type\":\"ImageObject\",\"inLanguage\":\"de\",\"@id\":\"https:\/\/ponczdental.hu\/#\/schema\/logo\/image\/\",\"url\":\"https:\/\/ponczdental.hu\/wp-content\/uploads\/2017\/10\/Poncz-Dental-logo.jpg\",\"contentUrl\":\"https:\/\/ponczdental.hu\/wp-content\/uploads\/2017\/10\/Poncz-Dental-logo.jpg\",\"width\":1181,\"height\":1654,\"caption\":\"Poncz Dental\"},\"image\":{\"@id\":\"https:\/\/ponczdental.hu\/#\/schema\/logo\/image\/\"},\"sameAs\":[\"https:\/\/www.facebook.com\/PonczDental\/\"]}]}<\/script>\n<!-- \/ Yoast SEO plugin. -->","yoast_head_json":{"title":"Termin Buchung - Poncz Dental fog\u00e1szati rendel\u0151 \u00e9s prec\u00edzi\u00f3s sz\u00e1jseb\u00e9szet.","description":"Unsere In unserer Zahnarztpraxis werden die Patienten von unserem professionale \u00c4rzteteam betreut. Buchen Sie einen Termin!","robots":{"index":"index","follow":"follow","max-snippet":"max-snippet:-1","max-image-preview":"max-image-preview:large","max-video-preview":"max-video-preview:-1"},"canonical":"https:\/\/ponczdental.hu\/de\/termin-buchung\/","og_locale":"de_DE","og_type":"article","og_title":"Termin Buchung - Poncz Dental fog\u00e1szati rendel\u0151 \u00e9s prec\u00edzi\u00f3s sz\u00e1jseb\u00e9szet.","og_description":"Unsere In unserer Zahnarztpraxis werden die Patienten von unserem professionale \u00c4rzteteam betreut. Buchen Sie einen Termin!","og_url":"https:\/\/ponczdental.hu\/de\/termin-buchung\/","og_site_name":"Poncz Dental fog\u00e1szati rendel\u0151 \u00e9s prec\u00edzi\u00f3s sz\u00e1jseb\u00e9szet.","article_publisher":"https:\/\/www.facebook.com\/PonczDental\/","article_modified_time":"2022-12-09T14:38:41+00:00","twitter_card":"summary_large_image","twitter_misc":{"Gesch\u00e4tzte Lesezeit":"1\u00a0Minute"},"schema":{"@context":"https:\/\/schema.org","@graph":[{"@type":"WebPage","@id":"https:\/\/ponczdental.hu\/de\/termin-buchung\/","url":"https:\/\/ponczdental.hu\/de\/termin-buchung\/","name":"Termin Buchung - Poncz Dental fog\u00e1szati rendel\u0151 \u00e9s prec\u00edzi\u00f3s sz\u00e1jseb\u00e9szet.","isPartOf":{"@id":"https:\/\/ponczdental.hu\/#website"},"datePublished":"2018-09-24T13:05:23+00:00","dateModified":"2022-12-09T14:38:41+00:00","description":"Unsere In unserer Zahnarztpraxis werden die Patienten von unserem professionale \u00c4rzteteam betreut. Buchen Sie einen Termin!","breadcrumb":{"@id":"https:\/\/ponczdental.hu\/de\/termin-buchung\/#breadcrumb"},"inLanguage":"de","potentialAction":[{"@type":"ReadAction","target":["https:\/\/ponczdental.hu\/de\/termin-buchung\/"]}]},{"@type":"BreadcrumbList","@id":"https:\/\/ponczdental.hu\/de\/termin-buchung\/#breadcrumb","itemListElement":[{"@type":"ListItem","position":1,"name":"Home","item":"https:\/\/ponczdental.hu\/de\/"},{"@type":"ListItem","position":2,"name":"Termin Buchung"}]},{"@type":"WebSite","@id":"https:\/\/ponczdental.hu\/#website","url":"https:\/\/ponczdental.hu\/","name":"Poncz Dental fog\u00e1szati rendel\u0151 \u00e9s prec\u00edzi\u00f3s sz\u00e1jseb\u00e9szet.","description":"","publisher":{"@id":"https:\/\/ponczdental.hu\/#organization"},"potentialAction":[{"@type":"SearchAction","target":{"@type":"EntryPoint","urlTemplate":"https:\/\/ponczdental.hu\/?s={search_term_string}"},"query-input":{"@type":"PropertyValueSpecification","valueRequired":true,"valueName":"search_term_string"}}],"inLanguage":"de"},{"@type":"Organization","@id":"https:\/\/ponczdental.hu\/#organization","name":"Poncz Dental","url":"https:\/\/ponczdental.hu\/","logo":{"@type":"ImageObject","inLanguage":"de","@id":"https:\/\/ponczdental.hu\/#\/schema\/logo\/image\/","url":"https:\/\/ponczdental.hu\/wp-content\/uploads\/2017\/10\/Poncz-Dental-logo.jpg","contentUrl":"https:\/\/ponczdental.hu\/wp-content\/uploads\/2017\/10\/Poncz-Dental-logo.jpg","width":1181,"height":1654,"caption":"Poncz Dental"},"image":{"@id":"https:\/\/ponczdental.hu\/#\/schema\/logo\/image\/"},"sameAs":["https:\/\/www.facebook.com\/PonczDental\/"]}]}},"_links":{"self":[{"href":"https:\/\/ponczdental.hu\/de\/wp-json\/wp\/v2\/pages\/2308","targetHints":{"allow":["GET"]}}],"collection":[{"href":"https:\/\/ponczdental.hu\/de\/wp-json\/wp\/v2\/pages"}],"about":[{"href":"https:\/\/ponczdental.hu\/de\/wp-json\/wp\/v2\/types\/page"}],"author":[{"embeddable":true,"href":"https:\/\/ponczdental.hu\/de\/wp-json\/wp\/v2\/users\/1"}],"replies":[{"embeddable":true,"href":"https:\/\/ponczdental.hu\/de\/wp-json\/wp\/v2\/comments?post=2308"}],"version-history":[{"count":5,"href":"https:\/\/ponczdental.hu\/de\/wp-json\/wp\/v2\/pages\/2308\/revisions"}],"predecessor-version":[{"id":9429,"href":"https:\/\/ponczdental.hu\/de\/wp-json\/wp\/v2\/pages\/2308\/revisions\/9429"}],"wp:attachment":[{"href":"https:\/\/ponczdental.hu\/de\/wp-json\/wp\/v2\/media?parent=2308"}],"curies":[{"name":"wp","href":"https:\/\/api.w.org\/{rel}","templated":true}]}}